{"id":5317,"date":"2025-03-19T12:12:33","date_gmt":"2025-03-19T12:12:33","guid":{"rendered":"https:\/\/server03.blackpixel.se\/~designteamet\/?page_id=5317"},"modified":"2025-05-02T11:33:47","modified_gmt":"2025-05-02T11:33:47","slug":"att-jobba-hos-nordic-climate-group","status":"publish","type":"page","link":"https:\/\/www.nordicclimategroup.se\/kylmastarnadev\/jobba-hos-oss\/att-jobba-hos-nordic-climate-group\/","title":{"rendered":"Att jobba hos Nordic Climate Group"},"content":{"rendered":"\t\t<div data-elementor-type=\"wp-page\" data-elementor-id=\"5317\" class=\"elementor elementor-5317\" data-elementor-post-type=\"page\">\n\t\t\t\t<section class=\"elementor-element elementor-element-9a8747b e-flex e-con-boxed e-con e-child\" data-id=\"9a8747b\" data-element_type=\"container\" data-settings=\"{&quot;background_background&quot;:&quot;classic&quot;}\">\n\t\t\t\t\t<div class=\"e-con-inner\">\n\t\t<div class=\"elementor-element elementor-element-4549c2c e-con-full e-flex e-con e-child\" data-id=\"4549c2c\" data-element_type=\"container\">\n\t\t\t\t<div class=\"elementor-element elementor-element-9de1648 elementor-widget__width-initial elementor-widget elementor-widget-heading\" data-id=\"9de1648\" data-element_type=\"widget\" data-widget_type=\"heading.default\">\n\t\t\t\t<div class=\"elementor-widget-container\">\n\t\t\t\t\t<h1 class=\"elementor-heading-title elementor-size-default\">Att jobba hos Nordic Climate Group\n<\/h1>\t\t\t\t<\/div>\n\t\t\t\t<\/div>\n\t\t\t\t<\/div>\n\t\t\t\t\t<\/div>\n\t\t\t\t<\/section>\n\t\t<div class=\"elementor-element elementor-element-3db6c1f e-flex e-con-boxed e-con e-parent\" data-id=\"3db6c1f\" data-element_type=\"container\">\n\t\t\t\t\t<div class=\"e-con-inner\">\n\t\t\t\t<div class=\"elementor-element elementor-element-a309a2e elementor-widget elementor-widget-global elementor-global-10455 elementor-widget-breadcrumbs\" data-id=\"a309a2e\" data-element_type=\"widget\" data-widget_type=\"breadcrumbs.default\">\n\t\t\t\t<div class=\"elementor-widget-container\">\n\t\t\t\t\t<p id=\"breadcrumbs\"><\/p>\t\t\t\t<\/div>\n\t\t\t\t<\/div>\n\t\t\t\t\t<\/div>\n\t\t\t\t<\/div>\n\t\t<section class=\"elementor-element elementor-element-53597ca e-flex e-con-boxed e-con e-parent\" data-id=\"53597ca\" data-element_type=\"container\">\n\t\t\t\t\t<div class=\"e-con-inner\">\n\t\t<div class=\"elementor-element elementor-element-5380428 e-con-full elementor-hidden-tablet elementor-hidden-mobile e-flex e-con e-child\" data-id=\"5380428\" data-element_type=\"container\" data-settings=\"{&quot;sticky_offset&quot;:170,&quot;sticky_parent&quot;:&quot;yes&quot;,&quot;sticky_on&quot;:[&quot;desktop&quot;],&quot;sticky&quot;:&quot;top&quot;,&quot;sticky_effects_offset&quot;:0,&quot;sticky_anchor_link_offset&quot;:0}\">\n\t\t\t\t<\/div>\n\t\t<section class=\"elementor-element elementor-element-08231ef e-con-full e-flex e-con e-child\" data-id=\"08231ef\" data-element_type=\"container\">\n\t\t<div class=\"elementor-element elementor-element-b781632 e-con-full e-flex e-con e-child\" data-id=\"b781632\" data-element_type=\"container\">\n\t\t\t\t<div class=\"elementor-element elementor-element-2460573 elementor-widget elementor-widget-heading\" data-id=\"2460573\" data-element_type=\"widget\" data-widget_type=\"heading.default\">\n\t\t\t\t<div class=\"elementor-widget-container\">\n\t\t\t\t\t<h2 class=\"elementor-heading-title elementor-size-default\">Vill du utvecklas \u2013 d\u00e5 jobbar du snart hos oss\n<\/h2>\t\t\t\t<\/div>\n\t\t\t\t<\/div>\n\t\t\t\t<div class=\"elementor-element elementor-element-77fcf1c elementor-widget elementor-widget-text-editor\" data-id=\"77fcf1c\" data-element_type=\"widget\" data-widget_type=\"text-editor.default\">\n\t\t\t\t<div class=\"elementor-widget-container\">\n\t\t\t\t\t\t\t\t\t<p><span style=\"font-weight: 400;\">Alla som jobbar i Nordic Climate Group spelar en viktig roll.<\/span> <span style=\"font-weight: 400;\">V\u00e5r snabba tillv\u00e4xt handlar inte bara om att fler bolag ansluter till Nordic Climate Group. Det handlar lika mycket om att v\u00e5ra medarbetare i bolagen b\u00e5de vill och ges f\u00f6ruts\u00e4ttningar f\u00f6r att utvecklas. Visionen att vara en f\u00f6rebild inom h\u00e5llbarhet och omst\u00e4llning till naturliga k\u00f6ldmedier \u00e4r utmanade, men en bra bas f\u00f6r att alltid vilja utvecklas b\u00e5de tekniskt och personligt. Likav\u00e4l som vi ska vara det sj\u00e4lvklara valet f\u00f6r kunderna, vill vi att de b\u00e4sta personerna ska se oss som det sj\u00e4lvklara valet som arbetsgivare. F\u00f6r att s\u00e4kerst\u00e4lla att vi trivs och utvecklas tillsammans genomf\u00f6r vi regelbundet medarbetarunders\u00f6kningar. D\u00e5 kan vi f\u00e5nga upp b\u00e5de framg\u00e5ngsfaktorer och utvecklingsomr\u00e5den. Gemensamt f\u00f6r allt arbete \u00e4r att det bygger p\u00e5 v\u00e5r v\u00e4rdegrund bygger p\u00e5: kunskap, inspiration och delaktighet.<\/span><\/p><p><span style=\"font-weight: 400;\">Karri\u00e4rv\u00e4gar kan se olika ut: allt fr\u00e5n att b\u00f6rja som praktikant till att rekryteras till en tj\u00e4nst. Vi h\u00e5ller d\u00f6rren \u00f6ppen f\u00f6r b\u00e5da v\u00e4garna. Det viktiga \u00e4r att vi k\u00e4nner att medarbetare och bolag utvecklas tillsammans. Utvecklingsv\u00e4garna \u00e4r m\u00e5nga inom gruppen. Vissa v\u00e4xer genom utbildning och hittar nya roller, andra flyttar mellan bolagen. B\u00e5da v\u00e4garna \u00e4r lika m\u00f6jliga och trygga. Och om du ocks\u00e5 brinner f\u00f6r att arbeta med n\u00e5got som f\u00f6rb\u00e4ttrar klimatet och samtidigt g\u00f6r kunderna n\u00f6jda, \u00e4r du mer \u00e4n v\u00e4lkommen att s\u00f6ka dig till oss. \u00c4r du inte certifierad kyltekniker hj\u00e4lper vi dig p\u00e5 v\u00e4gen.\u00a0<\/span><\/p>\t\t\t\t\t\t\t\t<\/div>\n\t\t\t\t<\/div>\n\t\t\t\t<\/div>\n\t\t\t\t<\/section>\n\t\t\t\t\t<\/div>\n\t\t\t\t<\/section>\n\t\t<div class=\"elementor-element elementor-element-e4a8404 e-flex e-con-boxed e-con e-parent\" data-id=\"e4a8404\" data-element_type=\"container\">\n\t\t\t\t\t<div class=\"e-con-inner\">\n\t\t\t\t<div class=\"elementor-element elementor-element-fcb2c42 elementor-widget-divider--view-line elementor-invisible elementor-widget elementor-widget-global elementor-global-8042 elementor-widget-divider\" data-id=\"fcb2c42\" data-element_type=\"widget\" data-settings=\"{&quot;_animation&quot;:&quot;zoomInRight&quot;}\" data-widget_type=\"divider.default\">\n\t\t\t\t<div class=\"elementor-widget-container\">\n\t\t\t\t\t\t\t<div class=\"elementor-divider\">\n\t\t\t<span class=\"elementor-divider-separator\">\n\t\t\t\t\t\t<\/span>\n\t\t<\/div>\n\t\t\t\t\t\t<\/div>\n\t\t\t\t<\/div>\n\t\t\t\t\t<\/div>\n\t\t\t\t<\/div>\n\t\t<section class=\"elementor-element elementor-element-52df90a e-flex e-con-boxed e-con e-parent\" data-id=\"52df90a\" data-element_type=\"container\">\n\t\t\t\t\t<div class=\"e-con-inner\">\n\t\t\t\t<div class=\"elementor-element elementor-element-44e7a71 elementor-widget elementor-widget-heading\" data-id=\"44e7a71\" data-element_type=\"widget\" data-widget_type=\"heading.default\">\n\t\t\t\t<div class=\"elementor-widget-container\">\n\t\t\t\t\t<h2 class=\"elementor-heading-title elementor-size-default\">Du kanske \u00e4r intresserad av<\/h2>\t\t\t\t<\/div>\n\t\t\t\t<\/div>\n\t\t<div class=\"elementor-element elementor-element-25e8be6 e-con-full e-grid boxar e-con e-child\" data-id=\"25e8be6\" data-element_type=\"container\">\n\t\t<a class=\"elementor-element elementor-element-d698d76 e-con-full e-flex e-con e-child\" data-id=\"d698d76\" data-element_type=\"container\" href=\"https:\/\/www.nordicclimategroup.se\/kylmastarnadev\/?page_id=5319\">\n\t\t\t\t<div class=\"elementor-element elementor-element-47ded76 elementor-widget__width-inherit elementor-widget elementor-widget-image\" data-id=\"47ded76\" data-element_type=\"widget\" data-widget_type=\"image.default\">\n\t\t\t\t<div class=\"elementor-widget-container\">\n\t\t\t\t\t\t\t\t\t\t\t\t\t\t\t<img fetchpriority=\"high\" decoding=\"async\" width=\"2293\" height=\"1530\" src=\"https:\/\/www.nordicclimategroup.se\/kylmastarnadev\/wp-content\/uploads\/sites\/33\/2025\/04\/NCG_KUNDCASE_7.jpg\" class=\"attachment-full size-full wp-image-8134\" alt=\"En man som jobbar p\u00e5 en kylanl\u00e4ggning\" srcset=\"https:\/\/www.nordicclimategroup.se\/kylmastarnadev\/wp-content\/uploads\/sites\/33\/2025\/04\/NCG_KUNDCASE_7.jpg 2293w, https:\/\/www.nordicclimategroup.se\/kylmastarnadev\/wp-content\/uploads\/sites\/33\/2025\/04\/NCG_KUNDCASE_7-300x200.jpg 300w, https:\/\/www.nordicclimategroup.se\/kylmastarnadev\/wp-content\/uploads\/sites\/33\/2025\/04\/NCG_KUNDCASE_7-1024x683.jpg 1024w, https:\/\/www.nordicclimategroup.se\/kylmastarnadev\/wp-content\/uploads\/sites\/33\/2025\/04\/NCG_KUNDCASE_7-768x512.jpg 768w, https:\/\/www.nordicclimategroup.se\/kylmastarnadev\/wp-content\/uploads\/sites\/33\/2025\/04\/NCG_KUNDCASE_7-1536x1025.jpg 1536w, https:\/\/www.nordicclimategroup.se\/kylmastarnadev\/wp-content\/uploads\/sites\/33\/2025\/04\/NCG_KUNDCASE_7-2048x1367.jpg 2048w\" sizes=\"(max-width: 2293px) 100vw, 2293px\" \/>\t\t\t\t\t\t\t\t\t\t\t\t\t\t\t<\/div>\n\t\t\t\t<\/div>\n\t\t<div class=\"elementor-element elementor-element-fb244ac e-con-full e-flex e-con e-child\" data-id=\"fb244ac\" data-element_type=\"container\">\n\t\t\t\t<div class=\"elementor-element elementor-element-1cf3086 elementor-widget__width-inherit elementor-widget elementor-widget-heading\" data-id=\"1cf3086\" data-element_type=\"widget\" data-widget_type=\"heading.default\">\n\t\t\t\t<div class=\"elementor-widget-container\">\n\t\t\t\t\t<h3 class=\"elementor-heading-title elementor-size-default\">Lediga tj\u00e4nster<\/h3>\t\t\t\t<\/div>\n\t\t\t\t<\/div>\n\t\t\t\t<div class=\"elementor-element elementor-element-a962ca9 elementor-widget__width-inherit elementor-widget elementor-widget-text-editor\" data-id=\"a962ca9\" data-element_type=\"widget\" data-widget_type=\"text-editor.default\">\n\t\t\t\t<div class=\"elementor-widget-container\">\n\t\t\t\t\t\t\t\t\t<p>Ditt n\u00e4sta jobb \u2013 hos n\u00e5gon av v\u00e5ra 100 etableringar<\/p>\t\t\t\t\t\t\t\t<\/div>\n\t\t\t\t<\/div>\n\t\t\t\t<\/div>\n\t\t\t\t<\/a>\n\t\t<a class=\"elementor-element elementor-element-9d61245 e-con-full e-flex e-con e-child\" data-id=\"9d61245\" data-element_type=\"container\">\n\t\t\t\t<div class=\"elementor-element elementor-element-8a4b2d7 elementor-widget__width-inherit elementor-widget elementor-widget-image\" data-id=\"8a4b2d7\" data-element_type=\"widget\" data-widget_type=\"image.default\">\n\t\t\t\t<div class=\"elementor-widget-container\">\n\t\t\t\t\t\t\t\t\t\t\t\t\t\t\t<img decoding=\"async\" width=\"2293\" height=\"1530\" src=\"https:\/\/www.nordicclimategroup.se\/kylmastarnadev\/wp-content\/uploads\/sites\/33\/2025\/04\/NCG_PERSONER_3.jpg\" class=\"attachment-full size-full wp-image-8282\" alt=\"Tv\u00e5 personer som tittar p\u00e5 en padda och ler\" srcset=\"https:\/\/www.nordicclimategroup.se\/kylmastarnadev\/wp-content\/uploads\/sites\/33\/2025\/04\/NCG_PERSONER_3.jpg 2293w, https:\/\/www.nordicclimategroup.se\/kylmastarnadev\/wp-content\/uploads\/sites\/33\/2025\/04\/NCG_PERSONER_3-300x200.jpg 300w, https:\/\/www.nordicclimategroup.se\/kylmastarnadev\/wp-content\/uploads\/sites\/33\/2025\/04\/NCG_PERSONER_3-1024x683.jpg 1024w, https:\/\/www.nordicclimategroup.se\/kylmastarnadev\/wp-content\/uploads\/sites\/33\/2025\/04\/NCG_PERSONER_3-768x512.jpg 768w, https:\/\/www.nordicclimategroup.se\/kylmastarnadev\/wp-content\/uploads\/sites\/33\/2025\/04\/NCG_PERSONER_3-1536x1025.jpg 1536w, https:\/\/www.nordicclimategroup.se\/kylmastarnadev\/wp-content\/uploads\/sites\/33\/2025\/04\/NCG_PERSONER_3-2048x1367.jpg 2048w\" sizes=\"(max-width: 2293px) 100vw, 2293px\" \/>\t\t\t\t\t\t\t\t\t\t\t\t\t\t\t<\/div>\n\t\t\t\t<\/div>\n\t\t<div class=\"elementor-element elementor-element-3f51245 e-con-full e-flex e-con e-child\" data-id=\"3f51245\" data-element_type=\"container\">\n\t\t\t\t<div class=\"elementor-element elementor-element-5a4223d elementor-widget__width-inherit elementor-widget elementor-widget-heading\" data-id=\"5a4223d\" data-element_type=\"widget\" data-widget_type=\"heading.default\">\n\t\t\t\t<div class=\"elementor-widget-container\">\n\t\t\t\t\t<h3 class=\"elementor-heading-title elementor-size-default\">NCG Academy - v\u00e5r egen utbildningsverksamhet<\/h3>\t\t\t\t<\/div>\n\t\t\t\t<\/div>\n\t\t\t\t<div class=\"elementor-element elementor-element-a4d4238 elementor-widget__width-inherit elementor-widget elementor-widget-text-editor\" data-id=\"a4d4238\" data-element_type=\"widget\" data-widget_type=\"text-editor.default\">\n\t\t\t\t<div class=\"elementor-widget-container\">\n\t\t\t\t\t\t\t\t\tAtt forts\u00e4tta l\u00e4ra sig \u2013 ett s\u00e4tt forts\u00e4tta utvecklas\t\t\t\t\t\t\t\t<\/div>\n\t\t\t\t<\/div>\n\t\t\t\t<\/div>\n\t\t\t\t<\/a>\n\t\t<a class=\"elementor-element elementor-element-05a49fd e-con-full e-flex e-con e-child\" data-id=\"05a49fd\" data-element_type=\"container\">\n\t\t\t\t<div class=\"elementor-element elementor-element-da7b073 elementor-widget__width-inherit elementor-widget elementor-widget-image\" data-id=\"da7b073\" data-element_type=\"widget\" data-widget_type=\"image.default\">\n\t\t\t\t<div class=\"elementor-widget-container\">\n\t\t\t\t\t\t\t\t\t\t\t\t\t\t\t<img decoding=\"async\" width=\"2293\" height=\"1530\" src=\"https:\/\/www.nordicclimategroup.se\/kylmastarnadev\/wp-content\/uploads\/sites\/33\/2025\/04\/NCG_PERSONER_2.jpg\" class=\"attachment-full size-full wp-image-8281\" alt=\"N\u00e4rbild p\u00e5 en man som str\u00e4cker sig fram med h\u00e4nderna\" srcset=\"https:\/\/www.nordicclimategroup.se\/kylmastarnadev\/wp-content\/uploads\/sites\/33\/2025\/04\/NCG_PERSONER_2.jpg 2293w, https:\/\/www.nordicclimategroup.se\/kylmastarnadev\/wp-content\/uploads\/sites\/33\/2025\/04\/NCG_PERSONER_2-300x200.jpg 300w, https:\/\/www.nordicclimategroup.se\/kylmastarnadev\/wp-content\/uploads\/sites\/33\/2025\/04\/NCG_PERSONER_2-1024x683.jpg 1024w, https:\/\/www.nordicclimategroup.se\/kylmastarnadev\/wp-content\/uploads\/sites\/33\/2025\/04\/NCG_PERSONER_2-768x512.jpg 768w, https:\/\/www.nordicclimategroup.se\/kylmastarnadev\/wp-content\/uploads\/sites\/33\/2025\/04\/NCG_PERSONER_2-1536x1025.jpg 1536w, https:\/\/www.nordicclimategroup.se\/kylmastarnadev\/wp-content\/uploads\/sites\/33\/2025\/04\/NCG_PERSONER_2-2048x1367.jpg 2048w\" sizes=\"(max-width: 2293px) 100vw, 2293px\" \/>\t\t\t\t\t\t\t\t\t\t\t\t\t\t\t<\/div>\n\t\t\t\t<\/div>\n\t\t<div class=\"elementor-element elementor-element-6316117 e-con-full e-flex e-con e-child\" data-id=\"6316117\" data-element_type=\"container\">\n\t\t\t\t<div class=\"elementor-element elementor-element-2e26e32 elementor-widget__width-inherit elementor-widget elementor-widget-heading\" data-id=\"2e26e32\" data-element_type=\"widget\" data-widget_type=\"heading.default\">\n\t\t\t\t<div class=\"elementor-widget-container\">\n\t\t\t\t\t<h3 class=\"elementor-heading-title elementor-size-default\">V\u00e5ra medarbetare<\/h3>\t\t\t\t<\/div>\n\t\t\t\t<\/div>\n\t\t\t\t<div class=\"elementor-element elementor-element-430cb61 elementor-widget__width-inherit elementor-widget elementor-widget-text-editor\" data-id=\"430cb61\" data-element_type=\"widget\" data-widget_type=\"text-editor.default\">\n\t\t\t\t<div class=\"elementor-widget-container\">\n\t\t\t\t\t\t\t\t\tL\u00e4r k\u00e4nna v\u00e5ra medarbetare\t\t\t\t\t\t\t\t<\/div>\n\t\t\t\t<\/div>\n\t\t\t\t<\/div>\n\t\t\t\t<\/a>\n\t\t\t\t<\/div>\n\t\t\t\t\t<\/div>\n\t\t\t\t<\/section>\n\t\t\t\t<\/div>\n\t\t","protected":false},"excerpt":{"rendered":"<p>Att jobba hos Nordic Climate Group Jobba hos oss Att jobba hos Nordic Climate Group Lediga tj\u00e4nster M\u00f6t v\u00e5ra medarbetare NCG Academy \u2013 v\u00e5r egen utbildningsverksamhet Vill du utvecklas \u2013 d\u00e5 jobbar du snart hos oss Alla som jobbar i Nordic Climate Group spelar en viktig roll. V\u00e5r snabba tillv\u00e4xt handlar inte bara om att [&hellip;]<\/p>\n","protected":false},"author":1,"featured_media":0,"parent":4343,"menu_order":0,"comment_status":"closed","ping_status":"closed","template":"elementor_header_footer","meta":{"_acf_changed":false,"footnotes":""},"class_list":["post-5317","page","type-page","status-publish","hentry"],"acf":[],"yoast_head":"<!-- This site is optimized with the Yoast SEO plugin v25.4 - https:\/\/yoast.com\/wordpress\/plugins\/seo\/ -->\n<title>Att jobba hos Nordic Climate Group | Dahlmans Kylteknik<\/title>\n<meta name=\"description\" content=\"Att jobba hos Nordic Climate Group | Dahlmans Kylteknik | En del av NCG\" \/>\n<meta name=\"robots\" content=\"index, follow, max-snippet:-1, max-image-preview:large, max-video-preview:-1\" \/>\n<link rel=\"canonical\" href=\"https:\/\/www.nordicclimategroup.se\/kylmastarnadev\/jobba-hos-oss\/att-jobba-hos-nordic-climate-group\/\" \/>\n<meta property=\"og:locale\" content=\"sv_SE\" \/>\n<meta property=\"og:type\" content=\"article\" \/>\n<meta property=\"og:title\" content=\"Att jobba hos Nordic Climate Group | Dahlmans Kylteknik\" \/>\n<meta property=\"og:description\" content=\"Att jobba hos Nordic Climate Group | Dahlmans Kylteknik | En del av NCG\" \/>\n<meta property=\"og:url\" content=\"https:\/\/www.nordicclimategroup.se\/kylmastarnadev\/jobba-hos-oss\/att-jobba-hos-nordic-climate-group\/\" \/>\n<meta property=\"og:site_name\" content=\"Dahlmans Kylteknik\" \/>\n<meta property=\"article:modified_time\" content=\"2025-05-02T11:33:47+00:00\" \/>\n<meta property=\"og:image\" content=\"https:\/\/www.nordicclimategroup.se\/kylmastarnadev\/wp-content\/uploads\/sites\/33\/2025\/03\/dahlmans.png\" \/>\n\t<meta property=\"og:image:width\" content=\"1000\" \/>\n\t<meta property=\"og:image:height\" content=\"500\" \/>\n\t<meta property=\"og:image:type\" content=\"image\/png\" \/>\n<meta name=\"twitter:card\" content=\"summary_large_image\" \/>\n<meta name=\"twitter:label1\" content=\"Ber\u00e4knad l\u00e4stid\" \/>\n\t<meta name=\"twitter:data1\" content=\"3 minuter\" \/>\n<script type=\"application\/ld+json\" class=\"yoast-schema-graph\">{\"@context\":\"https:\/\/schema.org\",\"@graph\":[{\"@type\":\"WebPage\",\"@id\":\"https:\/\/www.nordicclimategroup.se\/kylmastarnadev\/jobba-hos-oss\/att-jobba-hos-nordic-climate-group\/\",\"url\":\"https:\/\/www.nordicclimategroup.se\/kylmastarnadev\/jobba-hos-oss\/att-jobba-hos-nordic-climate-group\/\",\"name\":\"Att jobba hos Nordic Climate Group | Dahlmans Kylteknik\",\"isPartOf\":{\"@id\":\"https:\/\/www.nordicclimategroup.se\/kylmastarnadev\/#website\"},\"primaryImageOfPage\":{\"@id\":\"https:\/\/www.nordicclimategroup.se\/kylmastarnadev\/jobba-hos-oss\/att-jobba-hos-nordic-climate-group\/#primaryimage\"},\"image\":{\"@id\":\"https:\/\/www.nordicclimategroup.se\/kylmastarnadev\/jobba-hos-oss\/att-jobba-hos-nordic-climate-group\/#primaryimage\"},\"thumbnailUrl\":\"https:\/\/www.nordicclimategroup.se\/dotterbolag-2\/wp-content\/uploads\/sites\/33\/2025\/04\/NCG_KUNDCASE_7.jpg\",\"datePublished\":\"2025-03-19T12:12:33+00:00\",\"dateModified\":\"2025-05-02T11:33:47+00:00\",\"description\":\"Att jobba hos Nordic Climate Group | Dahlmans Kylteknik | En del av NCG\",\"breadcrumb\":{\"@id\":\"https:\/\/www.nordicclimategroup.se\/kylmastarnadev\/jobba-hos-oss\/att-jobba-hos-nordic-climate-group\/#breadcrumb\"},\"inLanguage\":\"sv-SE\",\"potentialAction\":[{\"@type\":\"ReadAction\",\"target\":[\"https:\/\/www.nordicclimategroup.se\/kylmastarnadev\/jobba-hos-oss\/att-jobba-hos-nordic-climate-group\/\"]}]},{\"@type\":\"ImageObject\",\"inLanguage\":\"sv-SE\",\"@id\":\"https:\/\/www.nordicclimategroup.se\/kylmastarnadev\/jobba-hos-oss\/att-jobba-hos-nordic-climate-group\/#primaryimage\",\"url\":\"https:\/\/www.nordicclimategroup.se\/dotterbolag-2\/wp-content\/uploads\/sites\/33\/2025\/04\/NCG_KUNDCASE_7.jpg\",\"contentUrl\":\"https:\/\/www.nordicclimategroup.se\/dotterbolag-2\/wp-content\/uploads\/sites\/33\/2025\/04\/NCG_KUNDCASE_7.jpg\"},{\"@type\":\"BreadcrumbList\",\"@id\":\"https:\/\/www.nordicclimategroup.se\/kylmastarnadev\/jobba-hos-oss\/att-jobba-hos-nordic-climate-group\/#breadcrumb\",\"itemListElement\":[{\"@type\":\"ListItem\",\"position\":1,\"name\":\"Jobba hos oss\",\"item\":\"https:\/\/www.nordicclimategroup.se\/kylmastarnadev\/jobba-hos-oss\/\"},{\"@type\":\"ListItem\",\"position\":2,\"name\":\"Att jobba hos Nordic Climate Group\"}]},{\"@type\":\"WebSite\",\"@id\":\"https:\/\/www.nordicclimategroup.se\/kylmastarnadev\/#website\",\"url\":\"https:\/\/www.nordicclimategroup.se\/kylmastarnadev\/\",\"name\":\"Dahlmans Kylteknik\",\"description\":\"En del av NCG\",\"publisher\":{\"@id\":\"https:\/\/www.nordicclimategroup.se\/kylmastarnadev\/#organization\"},\"potentialAction\":[{\"@type\":\"SearchAction\",\"target\":{\"@type\":\"EntryPoint\",\"urlTemplate\":\"https:\/\/www.nordicclimategroup.se\/kylmastarnadev\/?s={search_term_string}\"},\"query-input\":{\"@type\":\"PropertyValueSpecification\",\"valueRequired\":true,\"valueName\":\"search_term_string\"}}],\"inLanguage\":\"sv-SE\"},{\"@type\":\"Organization\",\"@id\":\"https:\/\/www.nordicclimategroup.se\/kylmastarnadev\/#organization\",\"name\":\"Dahlmans Kylteknik\",\"url\":\"https:\/\/www.nordicclimategroup.se\/kylmastarnadev\/\",\"logo\":{\"@type\":\"ImageObject\",\"inLanguage\":\"sv-SE\",\"@id\":\"https:\/\/www.nordicclimategroup.se\/kylmastarnadev\/#\/schema\/logo\/image\/\",\"url\":\"https:\/\/www.nordicclimategroup.se\/kylmastarnadev\/wp-content\/uploads\/sites\/33\/2024\/02\/kylmaestarna_rgb.svg\",\"contentUrl\":\"https:\/\/www.nordicclimategroup.se\/kylmastarnadev\/wp-content\/uploads\/sites\/33\/2024\/02\/kylmaestarna_rgb.svg\",\"width\":1260,\"height\":226,\"caption\":\"Dahlmans Kylteknik\"},\"image\":{\"@id\":\"https:\/\/www.nordicclimategroup.se\/kylmastarnadev\/#\/schema\/logo\/image\/\"}}]}<\/script>\n<!-- \/ Yoast SEO plugin. -->","yoast_head_json":{"title":"Att jobba hos Nordic Climate Group | Dahlmans Kylteknik","description":"Att jobba hos Nordic Climate Group | Dahlmans Kylteknik | En del av NCG","robots":{"index":"index","follow":"follow","max-snippet":"max-snippet:-1","max-image-preview":"max-image-preview:large","max-video-preview":"max-video-preview:-1"},"canonical":"https:\/\/www.nordicclimategroup.se\/kylmastarnadev\/jobba-hos-oss\/att-jobba-hos-nordic-climate-group\/","og_locale":"sv_SE","og_type":"article","og_title":"Att jobba hos Nordic Climate Group | Dahlmans Kylteknik","og_description":"Att jobba hos Nordic Climate Group | Dahlmans Kylteknik | En del av NCG","og_url":"https:\/\/www.nordicclimategroup.se\/kylmastarnadev\/jobba-hos-oss\/att-jobba-hos-nordic-climate-group\/","og_site_name":"Dahlmans Kylteknik","article_modified_time":"2025-05-02T11:33:47+00:00","og_image":[{"width":1000,"height":500,"url":"https:\/\/www.nordicclimategroup.se\/kylmastarnadev\/wp-content\/uploads\/sites\/33\/2025\/03\/dahlmans.png","type":"image\/png"}],"twitter_card":"summary_large_image","twitter_misc":{"Ber\u00e4knad l\u00e4stid":"3 minuter"},"schema":{"@context":"https:\/\/schema.org","@graph":[{"@type":"WebPage","@id":"https:\/\/www.nordicclimategroup.se\/kylmastarnadev\/jobba-hos-oss\/att-jobba-hos-nordic-climate-group\/","url":"https:\/\/www.nordicclimategroup.se\/kylmastarnadev\/jobba-hos-oss\/att-jobba-hos-nordic-climate-group\/","name":"Att jobba hos Nordic Climate Group | Dahlmans Kylteknik","isPartOf":{"@id":"https:\/\/www.nordicclimategroup.se\/kylmastarnadev\/#website"},"primaryImageOfPage":{"@id":"https:\/\/www.nordicclimategroup.se\/kylmastarnadev\/jobba-hos-oss\/att-jobba-hos-nordic-climate-group\/#primaryimage"},"image":{"@id":"https:\/\/www.nordicclimategroup.se\/kylmastarnadev\/jobba-hos-oss\/att-jobba-hos-nordic-climate-group\/#primaryimage"},"thumbnailUrl":"https:\/\/www.nordicclimategroup.se\/dotterbolag-2\/wp-content\/uploads\/sites\/33\/2025\/04\/NCG_KUNDCASE_7.jpg","datePublished":"2025-03-19T12:12:33+00:00","dateModified":"2025-05-02T11:33:47+00:00","description":"Att jobba hos Nordic Climate Group | Dahlmans Kylteknik | En del av NCG","breadcrumb":{"@id":"https:\/\/www.nordicclimategroup.se\/kylmastarnadev\/jobba-hos-oss\/att-jobba-hos-nordic-climate-group\/#breadcrumb"},"inLanguage":"sv-SE","potentialAction":[{"@type":"ReadAction","target":["https:\/\/www.nordicclimategroup.se\/kylmastarnadev\/jobba-hos-oss\/att-jobba-hos-nordic-climate-group\/"]}]},{"@type":"ImageObject","inLanguage":"sv-SE","@id":"https:\/\/www.nordicclimategroup.se\/kylmastarnadev\/jobba-hos-oss\/att-jobba-hos-nordic-climate-group\/#primaryimage","url":"https:\/\/www.nordicclimategroup.se\/dotterbolag-2\/wp-content\/uploads\/sites\/33\/2025\/04\/NCG_KUNDCASE_7.jpg","contentUrl":"https:\/\/www.nordicclimategroup.se\/dotterbolag-2\/wp-content\/uploads\/sites\/33\/2025\/04\/NCG_KUNDCASE_7.jpg"},{"@type":"BreadcrumbList","@id":"https:\/\/www.nordicclimategroup.se\/kylmastarnadev\/jobba-hos-oss\/att-jobba-hos-nordic-climate-group\/#breadcrumb","itemListElement":[{"@type":"ListItem","position":1,"name":"Jobba hos oss","item":"https:\/\/www.nordicclimategroup.se\/kylmastarnadev\/jobba-hos-oss\/"},{"@type":"ListItem","position":2,"name":"Att jobba hos Nordic Climate Group"}]},{"@type":"WebSite","@id":"https:\/\/www.nordicclimategroup.se\/kylmastarnadev\/#website","url":"https:\/\/www.nordicclimategroup.se\/kylmastarnadev\/","name":"Dahlmans Kylteknik","description":"En del av NCG","publisher":{"@id":"https:\/\/www.nordicclimategroup.se\/kylmastarnadev\/#organization"},"potentialAction":[{"@type":"SearchAction","target":{"@type":"EntryPoint","urlTemplate":"https:\/\/www.nordicclimategroup.se\/kylmastarnadev\/?s={search_term_string}"},"query-input":{"@type":"PropertyValueSpecification","valueRequired":true,"valueName":"search_term_string"}}],"inLanguage":"sv-SE"},{"@type":"Organization","@id":"https:\/\/www.nordicclimategroup.se\/kylmastarnadev\/#organization","name":"Dahlmans Kylteknik","url":"https:\/\/www.nordicclimategroup.se\/kylmastarnadev\/","logo":{"@type":"ImageObject","inLanguage":"sv-SE","@id":"https:\/\/www.nordicclimategroup.se\/kylmastarnadev\/#\/schema\/logo\/image\/","url":"https:\/\/www.nordicclimategroup.se\/kylmastarnadev\/wp-content\/uploads\/sites\/33\/2024\/02\/kylmaestarna_rgb.svg","contentUrl":"https:\/\/www.nordicclimategroup.se\/kylmastarnadev\/wp-content\/uploads\/sites\/33\/2024\/02\/kylmaestarna_rgb.svg","width":1260,"height":226,"caption":"Dahlmans Kylteknik"},"image":{"@id":"https:\/\/www.nordicclimategroup.se\/kylmastarnadev\/#\/schema\/logo\/image\/"}}]}},"_links":{"self":[{"href":"https:\/\/www.nordicclimategroup.se\/kylmastarnadev\/wp-json\/wp\/v2\/pages\/5317","targetHints":{"allow":["GET"]}}],"collection":[{"href":"https:\/\/www.nordicclimategroup.se\/kylmastarnadev\/wp-json\/wp\/v2\/pages"}],"about":[{"href":"https:\/\/www.nordicclimategroup.se\/kylmastarnadev\/wp-json\/wp\/v2\/types\/page"}],"author":[{"embeddable":true,"href":"https:\/\/www.nordicclimategroup.se\/kylmastarnadev\/wp-json\/wp\/v2\/users\/1"}],"replies":[{"embeddable":true,"href":"https:\/\/www.nordicclimategroup.se\/kylmastarnadev\/wp-json\/wp\/v2\/comments?post=5317"}],"version-history":[{"count":55,"href":"https:\/\/www.nordicclimategroup.se\/kylmastarnadev\/wp-json\/wp\/v2\/pages\/5317\/revisions"}],"predecessor-version":[{"id":10536,"href":"https:\/\/www.nordicclimategroup.se\/kylmastarnadev\/wp-json\/wp\/v2\/pages\/5317\/revisions\/10536"}],"up":[{"embeddable":true,"href":"https:\/\/www.nordicclimategroup.se\/kylmastarnadev\/wp-json\/wp\/v2\/pages\/4343"}],"wp:attachment":[{"href":"https:\/\/www.nordicclimategroup.se\/kylmastarnadev\/wp-json\/wp\/v2\/media?parent=5317"}],"curies":[{"name":"wp","href":"https:\/\/api.w.org\/{rel}","templated":true}]}}