{"id":4343,"date":"2025-03-17T12:22:45","date_gmt":"2025-03-17T12:22:45","guid":{"rendered":"https:\/\/server03.blackpixel.se\/~designteamet\/?page_id=4343"},"modified":"2025-10-15T17:48:07","modified_gmt":"2025-10-15T17:48:07","slug":"jobba-hos-oss","status":"publish","type":"page","link":"https:\/\/www.nordicclimategroup.se\/kylmastarnadev\/jobba-hos-oss\/","title":{"rendered":"Jobba hos oss"},"content":{"rendered":"\t\t<div data-elementor-type=\"wp-page\" data-elementor-id=\"4343\" class=\"elementor elementor-4343\" data-elementor-post-type=\"page\">\n\t\t\t\t<section class=\"elementor-element elementor-element-4c5ff74 e-flex e-con-boxed e-con e-parent\" data-id=\"4c5ff74\" data-element_type=\"container\">\n\t\t\t\t\t<div class=\"e-con-inner\">\n\t\t<div class=\"elementor-element elementor-element-6c5d36b e-con-full e-flex e-con e-child\" data-id=\"6c5d36b\" data-element_type=\"container\">\n\t\t<div class=\"elementor-element elementor-element-04a7124 e-con-full e-flex e-con e-child\" data-id=\"04a7124\" data-element_type=\"container\">\n\t\t\t\t<div class=\"elementor-element elementor-element-b83a2fa elementor-widget__width-inherit elementor-widget elementor-widget-heading\" data-id=\"b83a2fa\" data-element_type=\"widget\" data-widget_type=\"heading.default\">\n\t\t\t\t<div class=\"elementor-widget-container\">\n\t\t\t\t\t<h1 class=\"elementor-heading-title elementor-size-default\">Superheros utan cape <\/h1>\t\t\t\t<\/div>\n\t\t\t\t<\/div>\n\t\t\t\t<\/div>\n\t\t<div class=\"elementor-element elementor-element-cab678e e-con-full e-flex e-con e-child\" data-id=\"cab678e\" data-element_type=\"container\">\n\t\t\t\t<div class=\"elementor-element elementor-element-ee1ecb3 elementor-widget elementor-widget-text-editor\" data-id=\"ee1ecb3\" data-element_type=\"widget\" data-widget_type=\"text-editor.default\">\n\t\t\t\t<div class=\"elementor-widget-container\">\n\t\t\t\t\t\t\t\t\t<p>Alla som jobbar i Nordic Climate Group spelar en viktig roll. F\u00f6r resan mot v\u00e5r vision m\u00e5ste vi g\u00f6ra tillsammans och d\u00e5 beh\u00f6vs b\u00e5de medarbetare och kunder som vill utvecklas. Det g\u00f6r vi i NCG Academy, v\u00e5r egen skola f\u00f6r utbildning och utveckling. F\u00f6r dig som tekniker i gruppen inneb\u00e4r det att du har m\u00f6jlighet att st\u00e4ndigt h\u00e5lla dig uppdaterad med kunskap inom ny teknik, och dessutom g\u00f6ra karri\u00e4rm\u00f6jligheter inom gruppen.<\/p><p>Vi p\u00e5 Nordic Climate Group v\u00e4rnar om yrkesstolthet, det vill s\u00e4ga medarbetare som \u00e4r stolta \u00f6ver det de g\u00f6r. Vi ser v\u00e5ra kyltekniker i gruppen som milj\u00f6hj\u00e4ltar, utan den dagliga insatsen skulle inte samh\u00e4llet fungera korrekt.<\/p>\t\t\t\t\t\t\t\t<\/div>\n\t\t\t\t<\/div>\n\t\t\t\t<\/div>\n\t\t\t\t<\/div>\n\t\t\t\t\t<\/div>\n\t\t\t\t<\/section>\n\t\t<section class=\"elementor-element elementor-element-817a69e e-flex e-con-boxed e-con e-parent\" data-id=\"817a69e\" data-element_type=\"container\">\n\t\t\t\t\t<div class=\"e-con-inner\">\n\t\t\t\t<div class=\"elementor-element elementor-element-65ec2d7 elementor-widget elementor-widget-n-carousel\" data-id=\"65ec2d7\" data-element_type=\"widget\" data-settings=\"{&quot;carousel_items&quot;:[{&quot;_id&quot;:&quot;ae5dbe5&quot;,&quot;slide_title&quot;:&quot;Slide #1&quot;},{&quot;slide_title&quot;:&quot;Slide #2&quot;,&quot;_id&quot;:&quot;72a542f&quot;},{&quot;slide_title&quot;:&quot;Slide #3&quot;,&quot;_id&quot;:&quot;9ea947c&quot;}],&quot;slides_to_show&quot;:&quot;2&quot;,&quot;slides_to_scroll&quot;:&quot;1&quot;,&quot;image_spacing_custom&quot;:{&quot;unit&quot;:&quot;px&quot;,&quot;size&quot;:16,&quot;sizes&quot;:[]},&quot;slides_to_show_tablet&quot;:&quot;1&quot;,&quot;slides_to_scroll_mobile&quot;:&quot;1&quot;,&quot;slides_to_show_mobile&quot;:&quot;1&quot;,&quot;speed&quot;:500,&quot;image_spacing_custom_tablet&quot;:{&quot;unit&quot;:&quot;px&quot;,&quot;size&quot;:&quot;&quot;,&quot;sizes&quot;:[]},&quot;image_spacing_custom_mobile&quot;:{&quot;unit&quot;:&quot;px&quot;,&quot;size&quot;:&quot;&quot;,&quot;sizes&quot;:[]}}\" data-widget_type=\"nested-carousel.default\">\n\t\t\t\t<div class=\"elementor-widget-container\">\n\t\t\t\t\t\t\t<div class=\"e-n-carousel swiper\" role=\"region\" aria-roledescription=\"carousel\" aria-label=\"Carousel\" dir=\"ltr\">\n\t\t\t<div class=\"swiper-wrapper\" aria-live=\"polite\">\n\t\t\t\t\t\t\t\t\t\t<div class=\"swiper-slide\" data-slide=\"1\" role=\"group\" aria-roledescription=\"slide\" aria-label=\"1 av 3\">\n\t\t\t\t\t\t\t<a class=\"elementor-element elementor-element-964930e e-con-full e-flex e-con e-child\" data-id=\"964930e\" data-element_type=\"container\">\n\t\t<div class=\"elementor-element elementor-element-e292d82 e-con-full e-flex e-con e-child\" data-id=\"e292d82\" data-element_type=\"container\" data-settings=\"{&quot;background_background&quot;:&quot;classic&quot;}\">\n\t\t\t\t<\/div>\n\t\t\t\t<\/a>\n\t\t\t\t\t\t\t\t<\/div>\n\t\t\t\t\t\t\t\t\t\t\t<div class=\"swiper-slide\" data-slide=\"2\" role=\"group\" aria-roledescription=\"slide\" aria-label=\"2 av 3\">\n\t\t\t\t\t\t\t<a class=\"elementor-element elementor-element-dc22175 e-con-full e-flex e-con e-child\" data-id=\"dc22175\" data-element_type=\"container\">\n\t\t<div class=\"elementor-element elementor-element-1b31ec4 e-con-full e-flex e-con e-child\" data-id=\"1b31ec4\" data-element_type=\"container\" data-settings=\"{&quot;background_background&quot;:&quot;classic&quot;}\">\n\t\t\t\t<\/div>\n\t\t\t\t<\/a>\n\t\t\t\t\t\t\t\t<\/div>\n\t\t\t\t\t\t\t\t\t\t\t<div class=\"swiper-slide\" data-slide=\"3\" role=\"group\" aria-roledescription=\"slide\" aria-label=\"3 av 3\">\n\t\t\t\t\t\t\t<a class=\"elementor-element elementor-element-3d2bb9f e-con-full e-flex e-con e-child\" data-id=\"3d2bb9f\" data-element_type=\"container\">\n\t\t<div class=\"elementor-element elementor-element-df9e03f e-con-full e-flex e-con e-child\" data-id=\"df9e03f\" data-element_type=\"container\" data-settings=\"{&quot;background_background&quot;:&quot;classic&quot;}\">\n\t\t\t\t<\/div>\n\t\t\t\t<\/a>\n\t\t\t\t\t\t\t\t<\/div>\n\t\t\t\t\t\t\t\t<\/div>\n\t\t<\/div>\n\t\t\t\t\t\t<\/div>\n\t\t\t\t<\/div>\n\t\t\t\t\t<\/div>\n\t\t\t\t<\/section>\n\t\t<section class=\"elementor-element elementor-element-208efa2 e-flex e-con-boxed e-con e-parent\" data-id=\"208efa2\" data-element_type=\"container\">\n\t\t\t\t\t<div class=\"e-con-inner\">\n\t\t<div class=\"elementor-element elementor-element-318f82a e-con-full e-flex e-con e-child\" data-id=\"318f82a\" data-element_type=\"container\">\n\t\t<div class=\"elementor-element elementor-element-ffca41e e-con-full e-flex e-con e-child\" data-id=\"ffca41e\" data-element_type=\"container\">\n\t\t\t\t<div class=\"elementor-element elementor-element-9e28310 elementor-widget__width-inherit elementor-widget elementor-widget-heading\" data-id=\"9e28310\" data-element_type=\"widget\" data-widget_type=\"heading.default\">\n\t\t\t\t<div class=\"elementor-widget-container\">\n\t\t\t\t\t<h2 class=\"elementor-heading-title elementor-size-default\">Jobba som kyltekniker, projektledare, arbetsledare, s\u00e4ljare etc.<\/h2>\t\t\t\t<\/div>\n\t\t\t\t<\/div>\n\t\t\t\t<\/div>\n\t\t<div class=\"elementor-element elementor-element-b099864 e-con-full e-flex e-con e-child\" data-id=\"b099864\" data-element_type=\"container\">\n\t\t\t\t<div class=\"elementor-element elementor-element-4546a2f elementor-widget elementor-widget-text-editor\" data-id=\"4546a2f\" data-element_type=\"widget\" data-widget_type=\"text-editor.default\">\n\t\t\t\t<div class=\"elementor-widget-container\">\n\t\t\t\t\t\t\t\t\t<p>M\u00f6jligheterna \u00e4r d\u00e4rf\u00f6r m\u00e5nga f\u00f6r dig som vill in i denna bransch! Det finns dessutom utvecklingsm\u00f6jligheter n\u00e4r du v\u00e4l \u00e4r anst\u00e4lld, d\u00e5 du kan arbeta dig vidare till exempelvis serviceledare, projektledare, arbetsledare eller s\u00e4ljare. Alla som jobbar i Nordic Climate Group har m\u00f6jlighet att utvecklas i v\u00e5r utbildningsverksamhet NCG Academy.<\/p>\t\t\t\t\t\t\t\t<\/div>\n\t\t\t\t<\/div>\n\t\t\t\t<\/div>\n\t\t\t\t<\/div>\n\t\t\t\t\t<\/div>\n\t\t\t\t<\/section>\n\t\t<div class=\"elementor-element elementor-element-f5e1d70 e-flex e-con-boxed e-con e-parent\" data-id=\"f5e1d70\" data-element_type=\"container\">\n\t\t\t\t\t<div class=\"e-con-inner\">\n\t\t\t\t<div class=\"elementor-element elementor-element-76c7bc4 elementor-widget-divider--view-line elementor-invisible elementor-widget elementor-widget-global elementor-global-8042 elementor-widget-divider\" data-id=\"76c7bc4\" data-element_type=\"widget\" data-settings=\"{&quot;_animation&quot;:&quot;zoomInRight&quot;}\" data-widget_type=\"divider.default\">\n\t\t\t\t<div class=\"elementor-widget-container\">\n\t\t\t\t\t\t\t<div class=\"elementor-divider\">\n\t\t\t<span class=\"elementor-divider-separator\">\n\t\t\t\t\t\t<\/span>\n\t\t<\/div>\n\t\t\t\t\t\t<\/div>\n\t\t\t\t<\/div>\n\t\t\t\t\t<\/div>\n\t\t\t\t<\/div>\n\t\t<section class=\"elementor-element elementor-element-1a2bbbc e-flex e-con-boxed e-con e-parent\" data-id=\"1a2bbbc\" data-element_type=\"container\">\n\t\t\t\t\t<div class=\"e-con-inner\">\n\t\t\t\t<div class=\"elementor-element elementor-element-888ea87 elementor-widget elementor-widget-heading\" data-id=\"888ea87\" data-element_type=\"widget\" data-widget_type=\"heading.default\">\n\t\t\t\t<div class=\"elementor-widget-container\">\n\t\t\t\t\t<h2 class=\"elementor-heading-title elementor-size-default\">Du kanske \u00e4r intresserad av<\/h2>\t\t\t\t<\/div>\n\t\t\t\t<\/div>\n\t\t<div class=\"elementor-element elementor-element-949e200 e-con-full e-grid boxar e-con e-child\" data-id=\"949e200\" data-element_type=\"container\">\n\t\t<a class=\"elementor-element elementor-element-8d0b652 e-con-full e-flex e-con e-child\" data-id=\"8d0b652\" data-element_type=\"container\" href=\"https:\/\/www.nordicclimategroup.se\/kylmastarnadev\/?page_id=5319\">\n\t\t\t\t<div class=\"elementor-element elementor-element-82214d3 elementor-widget__width-inherit elementor-widget elementor-widget-image\" data-id=\"82214d3\" data-element_type=\"widget\" data-widget_type=\"image.default\">\n\t\t\t\t<div class=\"elementor-widget-container\">\n\t\t\t\t\t\t\t\t\t\t\t\t\t\t\t<img fetchpriority=\"high\" decoding=\"async\" width=\"2293\" height=\"1530\" src=\"https:\/\/www.nordicclimategroup.se\/kylmastarnadev\/wp-content\/uploads\/sites\/33\/2025\/04\/NCG_PERSONER_8.jpg\" class=\"attachment-full size-full wp-image-10117\" alt=\"\" srcset=\"https:\/\/www.nordicclimategroup.se\/kylmastarnadev\/wp-content\/uploads\/sites\/33\/2025\/04\/NCG_PERSONER_8.jpg 2293w, https:\/\/www.nordicclimategroup.se\/kylmastarnadev\/wp-content\/uploads\/sites\/33\/2025\/04\/NCG_PERSONER_8-300x200.jpg 300w, https:\/\/www.nordicclimategroup.se\/kylmastarnadev\/wp-content\/uploads\/sites\/33\/2025\/04\/NCG_PERSONER_8-1024x683.jpg 1024w, https:\/\/www.nordicclimategroup.se\/kylmastarnadev\/wp-content\/uploads\/sites\/33\/2025\/04\/NCG_PERSONER_8-768x512.jpg 768w, https:\/\/www.nordicclimategroup.se\/kylmastarnadev\/wp-content\/uploads\/sites\/33\/2025\/04\/NCG_PERSONER_8-1536x1025.jpg 1536w, https:\/\/www.nordicclimategroup.se\/kylmastarnadev\/wp-content\/uploads\/sites\/33\/2025\/04\/NCG_PERSONER_8-2048x1367.jpg 2048w\" sizes=\"(max-width: 2293px) 100vw, 2293px\" \/>\t\t\t\t\t\t\t\t\t\t\t\t\t\t\t<\/div>\n\t\t\t\t<\/div>\n\t\t<div class=\"elementor-element elementor-element-d7b749b e-con-full e-flex e-con e-child\" data-id=\"d7b749b\" data-element_type=\"container\">\n\t\t\t\t<div class=\"elementor-element elementor-element-974e3b8 elementor-widget__width-inherit elementor-widget elementor-widget-heading\" data-id=\"974e3b8\" data-element_type=\"widget\" data-widget_type=\"heading.default\">\n\t\t\t\t<div class=\"elementor-widget-container\">\n\t\t\t\t\t<h3 class=\"elementor-heading-title elementor-size-default\">Lediga tj\u00e4nster<\/h3>\t\t\t\t<\/div>\n\t\t\t\t<\/div>\n\t\t\t\t<div class=\"elementor-element elementor-element-8620fd8 elementor-widget__width-inherit elementor-widget elementor-widget-text-editor\" data-id=\"8620fd8\" data-element_type=\"widget\" data-widget_type=\"text-editor.default\">\n\t\t\t\t<div class=\"elementor-widget-container\">\n\t\t\t\t\t\t\t\t\t<p>\u00c4r du v\u00e5r n\u00e4sta kollega?\u00a0<\/p>\t\t\t\t\t\t\t\t<\/div>\n\t\t\t\t<\/div>\n\t\t\t\t<\/div>\n\t\t\t\t<\/a>\n\t\t<a class=\"elementor-element elementor-element-55eecc8 e-con-full e-flex e-con e-child\" data-id=\"55eecc8\" data-element_type=\"container\" href=\"https:\/\/www.nordicclimategroup.se\/jobba-hos-oss\/ncg-academy-var-egen-utbildningsverksamhet\/\">\n\t\t\t\t<div class=\"elementor-element elementor-element-4769d12 elementor-widget__width-inherit elementor-widget elementor-widget-image\" data-id=\"4769d12\" data-element_type=\"widget\" data-widget_type=\"image.default\">\n\t\t\t\t<div class=\"elementor-widget-container\">\n\t\t\t\t\t\t\t\t\t\t\t\t\t\t\t<img decoding=\"async\" width=\"2293\" height=\"1530\" src=\"https:\/\/www.nordicclimategroup.se\/kylmastarnadev\/wp-content\/uploads\/sites\/33\/2025\/04\/NCG_PERSONER_3.jpg\" class=\"attachment-full size-full wp-image-8282\" alt=\"Tv\u00e5 personer som tittar p\u00e5 en padda och ler\" srcset=\"https:\/\/www.nordicclimategroup.se\/kylmastarnadev\/wp-content\/uploads\/sites\/33\/2025\/04\/NCG_PERSONER_3.jpg 2293w, https:\/\/www.nordicclimategroup.se\/kylmastarnadev\/wp-content\/uploads\/sites\/33\/2025\/04\/NCG_PERSONER_3-300x200.jpg 300w, https:\/\/www.nordicclimategroup.se\/kylmastarnadev\/wp-content\/uploads\/sites\/33\/2025\/04\/NCG_PERSONER_3-1024x683.jpg 1024w, https:\/\/www.nordicclimategroup.se\/kylmastarnadev\/wp-content\/uploads\/sites\/33\/2025\/04\/NCG_PERSONER_3-768x512.jpg 768w, https:\/\/www.nordicclimategroup.se\/kylmastarnadev\/wp-content\/uploads\/sites\/33\/2025\/04\/NCG_PERSONER_3-1536x1025.jpg 1536w, https:\/\/www.nordicclimategroup.se\/kylmastarnadev\/wp-content\/uploads\/sites\/33\/2025\/04\/NCG_PERSONER_3-2048x1367.jpg 2048w\" sizes=\"(max-width: 2293px) 100vw, 2293px\" \/>\t\t\t\t\t\t\t\t\t\t\t\t\t\t\t<\/div>\n\t\t\t\t<\/div>\n\t\t<div class=\"elementor-element elementor-element-dedcd99 e-con-full e-flex e-con e-child\" data-id=\"dedcd99\" data-element_type=\"container\">\n\t\t\t\t<div class=\"elementor-element elementor-element-e97b4ce elementor-widget__width-inherit elementor-widget elementor-widget-heading\" data-id=\"e97b4ce\" data-element_type=\"widget\" data-widget_type=\"heading.default\">\n\t\t\t\t<div class=\"elementor-widget-container\">\n\t\t\t\t\t<h3 class=\"elementor-heading-title elementor-size-default\">NCG Academy - v\u00e5r egen utbildningsverksamhet<\/h3>\t\t\t\t<\/div>\n\t\t\t\t<\/div>\n\t\t\t\t<div class=\"elementor-element elementor-element-4c49c6f elementor-widget__width-inherit elementor-widget elementor-widget-text-editor\" data-id=\"4c49c6f\" data-element_type=\"widget\" data-widget_type=\"text-editor.default\">\n\t\t\t\t<div class=\"elementor-widget-container\">\n\t\t\t\t\t\t\t\t\tAtt forts\u00e4tta l\u00e4ra sig \u2013 ett s\u00e4tt forts\u00e4tta utvecklas\t\t\t\t\t\t\t\t<\/div>\n\t\t\t\t<\/div>\n\t\t\t\t<\/div>\n\t\t\t\t<\/a>\n\t\t<a class=\"elementor-element elementor-element-6e88079 e-con-full e-flex e-con e-child\" data-id=\"6e88079\" data-element_type=\"container\" href=\"https:\/\/www.nordicclimategroup.se\/jobba-hos-oss\/att-jobba-hos-nordic-climate-group\/\">\n\t\t\t\t<div class=\"elementor-element elementor-element-9c31817 elementor-widget__width-inherit elementor-widget elementor-widget-image\" data-id=\"9c31817\" data-element_type=\"widget\" data-widget_type=\"image.default\">\n\t\t\t\t<div class=\"elementor-widget-container\">\n\t\t\t\t\t\t\t\t\t\t\t\t\t\t\t<img decoding=\"async\" src=\"https:\/\/www.nordicclimategroup.se\/dotterbolag-2\/wp-content\/uploads\/2025\/04\/NCG_PERSONER_9.jpg\" title=\"\" alt=\"En man som st\u00e5r med verktyg\" loading=\"lazy\" \/>\t\t\t\t\t\t\t\t\t\t\t\t\t\t\t<\/div>\n\t\t\t\t<\/div>\n\t\t<div class=\"elementor-element elementor-element-37a6658 e-con-full e-flex e-con e-child\" data-id=\"37a6658\" data-element_type=\"container\">\n\t\t\t\t<div class=\"elementor-element elementor-element-e8bcfa8 elementor-widget__width-inherit elementor-widget elementor-widget-heading\" data-id=\"e8bcfa8\" data-element_type=\"widget\" data-widget_type=\"heading.default\">\n\t\t\t\t<div class=\"elementor-widget-container\">\n\t\t\t\t\t<h3 class=\"elementor-heading-title elementor-size-default\">Att jobba hos Nordic Climate Group<\/h3>\t\t\t\t<\/div>\n\t\t\t\t<\/div>\n\t\t\t\t<div class=\"elementor-element elementor-element-9b48108 elementor-widget__width-inherit elementor-widget elementor-widget-text-editor\" data-id=\"9b48108\" data-element_type=\"widget\" data-widget_type=\"text-editor.default\">\n\t\t\t\t<div class=\"elementor-widget-container\">\n\t\t\t\t\t\t\t\t\t<p>Vill du utvecklas \u2013 jobbar du snart hos oss<\/p>\t\t\t\t\t\t\t\t<\/div>\n\t\t\t\t<\/div>\n\t\t\t\t<\/div>\n\t\t\t\t<\/a>\n\t\t\t\t<\/div>\n\t\t\t\t\t<\/div>\n\t\t\t\t<\/section>\n\t\t\t\t<\/div>\n\t\t","protected":false},"excerpt":{"rendered":"<p>Superheros utan cape Alla som jobbar i Nordic Climate Group spelar en viktig roll. F\u00f6r resan mot v\u00e5r vision m\u00e5ste vi g\u00f6ra tillsammans och d\u00e5 beh\u00f6vs b\u00e5de medarbetare och kunder som vill utvecklas. Det g\u00f6r vi i NCG Academy, v\u00e5r egen skola f\u00f6r utbildning och utveckling. F\u00f6r dig som tekniker i gruppen inneb\u00e4r det att [&hellip;]<\/p>\n","protected":false},"author":1,"featured_media":0,"parent":0,"menu_order":0,"comment_status":"closed","ping_status":"closed","template":"elementor_header_footer","meta":{"_acf_changed":false,"footnotes":""},"class_list":["post-4343","page","type-page","status-publish","hentry"],"acf":[],"yoast_head":"<!-- This site is optimized with the Yoast SEO plugin v25.4 - https:\/\/yoast.com\/wordpress\/plugins\/seo\/ -->\n<title>Jobba hos oss | Dahlmans Kylteknik<\/title>\n<meta name=\"description\" content=\"Jobba hos oss | Dahlmans Kylteknik | En del av NCG\" \/>\n<meta name=\"robots\" content=\"index, follow, max-snippet:-1, max-image-preview:large, max-video-preview:-1\" \/>\n<link rel=\"canonical\" href=\"https:\/\/www.nordicclimategroup.se\/kylmastarnadev\/jobba-hos-oss\/\" \/>\n<meta property=\"og:locale\" content=\"sv_SE\" \/>\n<meta property=\"og:type\" content=\"article\" \/>\n<meta property=\"og:title\" content=\"Jobba hos oss | Dahlmans Kylteknik\" \/>\n<meta property=\"og:description\" content=\"Jobba hos oss | Dahlmans Kylteknik | En del av NCG\" \/>\n<meta property=\"og:url\" content=\"https:\/\/www.nordicclimategroup.se\/kylmastarnadev\/jobba-hos-oss\/\" \/>\n<meta property=\"og:site_name\" content=\"Dahlmans Kylteknik\" \/>\n<meta property=\"article:modified_time\" content=\"2025-10-15T17:48:07+00:00\" \/>\n<meta property=\"og:image\" content=\"https:\/\/www.nordicclimategroup.se\/kylmastarnadev\/wp-content\/uploads\/sites\/33\/2025\/03\/dahlmans.png\" \/>\n\t<meta property=\"og:image:width\" content=\"1000\" \/>\n\t<meta property=\"og:image:height\" content=\"500\" \/>\n\t<meta property=\"og:image:type\" content=\"image\/png\" \/>\n<meta name=\"twitter:card\" content=\"summary_large_image\" \/>\n<meta name=\"twitter:label1\" content=\"Ber\u00e4knad l\u00e4stid\" \/>\n\t<meta name=\"twitter:data1\" content=\"2 minuter\" \/>\n<script type=\"application\/ld+json\" class=\"yoast-schema-graph\">{\"@context\":\"https:\/\/schema.org\",\"@graph\":[{\"@type\":\"WebPage\",\"@id\":\"https:\/\/www.nordicclimategroup.se\/kylmastarnadev\/jobba-hos-oss\/\",\"url\":\"https:\/\/www.nordicclimategroup.se\/kylmastarnadev\/jobba-hos-oss\/\",\"name\":\"Jobba hos oss | Dahlmans Kylteknik\",\"isPartOf\":{\"@id\":\"https:\/\/www.nordicclimategroup.se\/kylmastarnadev\/#website\"},\"primaryImageOfPage\":{\"@id\":\"https:\/\/www.nordicclimategroup.se\/kylmastarnadev\/jobba-hos-oss\/#primaryimage\"},\"image\":{\"@id\":\"https:\/\/www.nordicclimategroup.se\/kylmastarnadev\/jobba-hos-oss\/#primaryimage\"},\"thumbnailUrl\":\"https:\/\/www.nordicclimategroup.se\/kylmastarnadev\/wp-content\/uploads\/sites\/33\/2025\/04\/NCG_PERSONER_8.jpg\",\"datePublished\":\"2025-03-17T12:22:45+00:00\",\"dateModified\":\"2025-10-15T17:48:07+00:00\",\"description\":\"Jobba hos oss | Dahlmans Kylteknik | En del av NCG\",\"inLanguage\":\"sv-SE\",\"potentialAction\":[{\"@type\":\"ReadAction\",\"target\":[\"https:\/\/www.nordicclimategroup.se\/kylmastarnadev\/jobba-hos-oss\/\"]}]},{\"@type\":\"ImageObject\",\"inLanguage\":\"sv-SE\",\"@id\":\"https:\/\/www.nordicclimategroup.se\/kylmastarnadev\/jobba-hos-oss\/#primaryimage\",\"url\":\"https:\/\/www.nordicclimategroup.se\/kylmastarnadev\/wp-content\/uploads\/sites\/33\/2025\/04\/NCG_PERSONER_8.jpg\",\"contentUrl\":\"https:\/\/www.nordicclimategroup.se\/kylmastarnadev\/wp-content\/uploads\/sites\/33\/2025\/04\/NCG_PERSONER_8.jpg\",\"width\":2293,\"height\":1530},{\"@type\":\"WebSite\",\"@id\":\"https:\/\/www.nordicclimategroup.se\/kylmastarnadev\/#website\",\"url\":\"https:\/\/www.nordicclimategroup.se\/kylmastarnadev\/\",\"name\":\"Dahlmans Kylteknik\",\"description\":\"En del av NCG\",\"publisher\":{\"@id\":\"https:\/\/www.nordicclimategroup.se\/kylmastarnadev\/#organization\"},\"potentialAction\":[{\"@type\":\"SearchAction\",\"target\":{\"@type\":\"EntryPoint\",\"urlTemplate\":\"https:\/\/www.nordicclimategroup.se\/kylmastarnadev\/?s={search_term_string}\"},\"query-input\":{\"@type\":\"PropertyValueSpecification\",\"valueRequired\":true,\"valueName\":\"search_term_string\"}}],\"inLanguage\":\"sv-SE\"},{\"@type\":\"Organization\",\"@id\":\"https:\/\/www.nordicclimategroup.se\/kylmastarnadev\/#organization\",\"name\":\"Dahlmans Kylteknik\",\"url\":\"https:\/\/www.nordicclimategroup.se\/kylmastarnadev\/\",\"logo\":{\"@type\":\"ImageObject\",\"inLanguage\":\"sv-SE\",\"@id\":\"https:\/\/www.nordicclimategroup.se\/kylmastarnadev\/#\/schema\/logo\/image\/\",\"url\":\"https:\/\/www.nordicclimategroup.se\/kylmastarnadev\/wp-content\/uploads\/sites\/33\/2024\/02\/kylmaestarna_rgb.svg\",\"contentUrl\":\"https:\/\/www.nordicclimategroup.se\/kylmastarnadev\/wp-content\/uploads\/sites\/33\/2024\/02\/kylmaestarna_rgb.svg\",\"width\":1260,\"height\":226,\"caption\":\"Dahlmans Kylteknik\"},\"image\":{\"@id\":\"https:\/\/www.nordicclimategroup.se\/kylmastarnadev\/#\/schema\/logo\/image\/\"}}]}<\/script>\n<!-- \/ Yoast SEO plugin. -->","yoast_head_json":{"title":"Jobba hos oss | Dahlmans Kylteknik","description":"Jobba hos oss | Dahlmans Kylteknik | En del av NCG","robots":{"index":"index","follow":"follow","max-snippet":"max-snippet:-1","max-image-preview":"max-image-preview:large","max-video-preview":"max-video-preview:-1"},"canonical":"https:\/\/www.nordicclimategroup.se\/kylmastarnadev\/jobba-hos-oss\/","og_locale":"sv_SE","og_type":"article","og_title":"Jobba hos oss | Dahlmans Kylteknik","og_description":"Jobba hos oss | Dahlmans Kylteknik | En del av NCG","og_url":"https:\/\/www.nordicclimategroup.se\/kylmastarnadev\/jobba-hos-oss\/","og_site_name":"Dahlmans Kylteknik","article_modified_time":"2025-10-15T17:48:07+00:00","og_image":[{"width":1000,"height":500,"url":"https:\/\/www.nordicclimategroup.se\/kylmastarnadev\/wp-content\/uploads\/sites\/33\/2025\/03\/dahlmans.png","type":"image\/png"}],"twitter_card":"summary_large_image","twitter_misc":{"Ber\u00e4knad l\u00e4stid":"2 minuter"},"schema":{"@context":"https:\/\/schema.org","@graph":[{"@type":"WebPage","@id":"https:\/\/www.nordicclimategroup.se\/kylmastarnadev\/jobba-hos-oss\/","url":"https:\/\/www.nordicclimategroup.se\/kylmastarnadev\/jobba-hos-oss\/","name":"Jobba hos oss | Dahlmans Kylteknik","isPartOf":{"@id":"https:\/\/www.nordicclimategroup.se\/kylmastarnadev\/#website"},"primaryImageOfPage":{"@id":"https:\/\/www.nordicclimategroup.se\/kylmastarnadev\/jobba-hos-oss\/#primaryimage"},"image":{"@id":"https:\/\/www.nordicclimategroup.se\/kylmastarnadev\/jobba-hos-oss\/#primaryimage"},"thumbnailUrl":"https:\/\/www.nordicclimategroup.se\/kylmastarnadev\/wp-content\/uploads\/sites\/33\/2025\/04\/NCG_PERSONER_8.jpg","datePublished":"2025-03-17T12:22:45+00:00","dateModified":"2025-10-15T17:48:07+00:00","description":"Jobba hos oss | Dahlmans Kylteknik | En del av NCG","inLanguage":"sv-SE","potentialAction":[{"@type":"ReadAction","target":["https:\/\/www.nordicclimategroup.se\/kylmastarnadev\/jobba-hos-oss\/"]}]},{"@type":"ImageObject","inLanguage":"sv-SE","@id":"https:\/\/www.nordicclimategroup.se\/kylmastarnadev\/jobba-hos-oss\/#primaryimage","url":"https:\/\/www.nordicclimategroup.se\/kylmastarnadev\/wp-content\/uploads\/sites\/33\/2025\/04\/NCG_PERSONER_8.jpg","contentUrl":"https:\/\/www.nordicclimategroup.se\/kylmastarnadev\/wp-content\/uploads\/sites\/33\/2025\/04\/NCG_PERSONER_8.jpg","width":2293,"height":1530},{"@type":"WebSite","@id":"https:\/\/www.nordicclimategroup.se\/kylmastarnadev\/#website","url":"https:\/\/www.nordicclimategroup.se\/kylmastarnadev\/","name":"Dahlmans Kylteknik","description":"En del av NCG","publisher":{"@id":"https:\/\/www.nordicclimategroup.se\/kylmastarnadev\/#organization"},"potentialAction":[{"@type":"SearchAction","target":{"@type":"EntryPoint","urlTemplate":"https:\/\/www.nordicclimategroup.se\/kylmastarnadev\/?s={search_term_string}"},"query-input":{"@type":"PropertyValueSpecification","valueRequired":true,"valueName":"search_term_string"}}],"inLanguage":"sv-SE"},{"@type":"Organization","@id":"https:\/\/www.nordicclimategroup.se\/kylmastarnadev\/#organization","name":"Dahlmans Kylteknik","url":"https:\/\/www.nordicclimategroup.se\/kylmastarnadev\/","logo":{"@type":"ImageObject","inLanguage":"sv-SE","@id":"https:\/\/www.nordicclimategroup.se\/kylmastarnadev\/#\/schema\/logo\/image\/","url":"https:\/\/www.nordicclimategroup.se\/kylmastarnadev\/wp-content\/uploads\/sites\/33\/2024\/02\/kylmaestarna_rgb.svg","contentUrl":"https:\/\/www.nordicclimategroup.se\/kylmastarnadev\/wp-content\/uploads\/sites\/33\/2024\/02\/kylmaestarna_rgb.svg","width":1260,"height":226,"caption":"Dahlmans Kylteknik"},"image":{"@id":"https:\/\/www.nordicclimategroup.se\/kylmastarnadev\/#\/schema\/logo\/image\/"}}]}},"_links":{"self":[{"href":"https:\/\/www.nordicclimategroup.se\/kylmastarnadev\/wp-json\/wp\/v2\/pages\/4343","targetHints":{"allow":["GET"]}}],"collection":[{"href":"https:\/\/www.nordicclimategroup.se\/kylmastarnadev\/wp-json\/wp\/v2\/pages"}],"about":[{"href":"https:\/\/www.nordicclimategroup.se\/kylmastarnadev\/wp-json\/wp\/v2\/types\/page"}],"author":[{"embeddable":true,"href":"https:\/\/www.nordicclimategroup.se\/kylmastarnadev\/wp-json\/wp\/v2\/users\/1"}],"replies":[{"embeddable":true,"href":"https:\/\/www.nordicclimategroup.se\/kylmastarnadev\/wp-json\/wp\/v2\/comments?post=4343"}],"version-history":[{"count":5,"href":"https:\/\/www.nordicclimategroup.se\/kylmastarnadev\/wp-json\/wp\/v2\/pages\/4343\/revisions"}],"predecessor-version":[{"id":12291,"href":"https:\/\/www.nordicclimategroup.se\/kylmastarnadev\/wp-json\/wp\/v2\/pages\/4343\/revisions\/12291"}],"wp:attachment":[{"href":"https:\/\/www.nordicclimategroup.se\/kylmastarnadev\/wp-json\/wp\/v2\/media?parent=4343"}],"curies":[{"name":"wp","href":"https:\/\/api.w.org\/{rel}","templated":true}]}}