{"id":4126,"date":"2025-03-17T10:15:55","date_gmt":"2025-03-17T10:15:55","guid":{"rendered":"https:\/\/server03.blackpixel.se\/~designteamet\/?page_id=4126"},"modified":"2025-10-15T17:48:55","modified_gmt":"2025-10-15T17:48:55","slug":"hallbarhet","status":"publish","type":"page","link":"https:\/\/www.nordicclimategroup.se\/kylmastarnadev\/hallbarhet\/","title":{"rendered":"H\u00e5llbarhet"},"content":{"rendered":"\t\t<div data-elementor-type=\"wp-page\" data-elementor-id=\"4126\" class=\"elementor elementor-4126\" data-elementor-post-type=\"page\">\n\t\t\t\t<section class=\"elementor-element elementor-element-a8068e0 e-flex e-con-boxed e-con e-parent\" data-id=\"a8068e0\" data-element_type=\"container\">\n\t\t\t\t\t<div class=\"e-con-inner\">\n\t\t<div class=\"elementor-element elementor-element-d105eee e-con-full e-flex e-con e-child\" data-id=\"d105eee\" data-element_type=\"container\">\n\t\t<div class=\"elementor-element elementor-element-b729519 e-con-full e-flex e-con e-child\" data-id=\"b729519\" data-element_type=\"container\">\n\t\t\t\t<div class=\"elementor-element elementor-element-242cc28 elementor-widget__width-inherit elementor-widget elementor-widget-heading\" data-id=\"242cc28\" data-element_type=\"widget\" data-widget_type=\"heading.default\">\n\t\t\t\t<div class=\"elementor-widget-container\">\n\t\t\t\t\t<h1 class=\"elementor-heading-title elementor-size-default\">H\u00e5llbarhet<\/h1>\t\t\t\t<\/div>\n\t\t\t\t<\/div>\n\t\t\t\t<\/div>\n\t\t\t\t<div class=\"elementor-element elementor-element-003be52 elementor-widget__width-inherit elementor-widget elementor-widget-text-editor\" data-id=\"003be52\" data-element_type=\"widget\" data-widget_type=\"text-editor.default\">\n\t\t\t\t<div class=\"elementor-widget-container\">\n\t\t\t\t\t\t\t\t\t<p>Tillsammans med v\u00e5ra kunder skapar vi l\u00f6sningar som kombinerar energieffektivitet, drifts\u00e4kerhet och l\u00e5ngsiktig h\u00e5llbarhet \u2013 alltid anpassade efter verksamhetens unika behov. Genom att v\u00e4lja r\u00e4tt teknik f\u00f6r r\u00e4tt milj\u00f6, s\u00e4kerst\u00e4ller vi ett stabilt inomhusklimat med minimal klimatp\u00e5verkan. F\u00f6r oss handlar h\u00e5llbara installationer om smart energioptimering, naturliga k\u00f6ldmedier och system som h\u00e5ller \u00f6ver tid.<\/p>\t\t\t\t\t\t\t\t<\/div>\n\t\t\t\t<\/div>\n\t\t\t\t<\/div>\n\t\t\t\t\t<\/div>\n\t\t\t\t<\/section>\n\t\t<section class=\"elementor-element elementor-element-b4826ac e-flex e-con-boxed e-con e-parent\" data-id=\"b4826ac\" data-element_type=\"container\">\n\t\t\t\t\t<div class=\"e-con-inner\">\n\t\t\t\t<div class=\"elementor-element elementor-element-6de032e elementor-widget elementor-widget-n-carousel\" data-id=\"6de032e\" data-element_type=\"widget\" data-settings=\"{&quot;carousel_items&quot;:[{&quot;_id&quot;:&quot;ae5dbe5&quot;,&quot;slide_title&quot;:&quot;Slide #1&quot;},{&quot;slide_title&quot;:&quot;Slide #2&quot;,&quot;_id&quot;:&quot;72a542f&quot;},{&quot;slide_title&quot;:&quot;Slide #3&quot;,&quot;_id&quot;:&quot;9ea947c&quot;}],&quot;slides_to_show&quot;:&quot;2&quot;,&quot;slides_to_scroll&quot;:&quot;1&quot;,&quot;image_spacing_custom&quot;:{&quot;unit&quot;:&quot;px&quot;,&quot;size&quot;:16,&quot;sizes&quot;:[]},&quot;slides_to_show_tablet&quot;:&quot;1&quot;,&quot;slides_to_scroll_mobile&quot;:&quot;1&quot;,&quot;slides_to_show_mobile&quot;:&quot;1&quot;,&quot;speed&quot;:500,&quot;image_spacing_custom_tablet&quot;:{&quot;unit&quot;:&quot;px&quot;,&quot;size&quot;:&quot;&quot;,&quot;sizes&quot;:[]},&quot;image_spacing_custom_mobile&quot;:{&quot;unit&quot;:&quot;px&quot;,&quot;size&quot;:&quot;&quot;,&quot;sizes&quot;:[]}}\" data-widget_type=\"nested-carousel.default\">\n\t\t\t\t<div class=\"elementor-widget-container\">\n\t\t\t\t\t\t\t<div class=\"e-n-carousel swiper\" role=\"region\" aria-roledescription=\"carousel\" aria-label=\"Carousel\" dir=\"ltr\">\n\t\t\t<div class=\"swiper-wrapper\" aria-live=\"polite\">\n\t\t\t\t\t\t\t\t\t\t<div class=\"swiper-slide\" data-slide=\"1\" role=\"group\" aria-roledescription=\"slide\" aria-label=\"1 av 3\">\n\t\t\t\t\t\t\t<a class=\"elementor-element elementor-element-f47e185 e-con-full e-flex e-con e-child\" data-id=\"f47e185\" data-element_type=\"container\">\n\t\t<div class=\"elementor-element elementor-element-83a92a3 e-con-full e-flex e-con e-child\" data-id=\"83a92a3\" data-element_type=\"container\" data-settings=\"{&quot;background_background&quot;:&quot;classic&quot;}\">\n\t\t\t\t<\/div>\n\t\t\t\t<\/a>\n\t\t\t\t\t\t\t\t<\/div>\n\t\t\t\t\t\t\t\t\t\t\t<div class=\"swiper-slide\" data-slide=\"2\" role=\"group\" aria-roledescription=\"slide\" aria-label=\"2 av 3\">\n\t\t\t\t\t\t\t<a class=\"elementor-element elementor-element-f7d5250 e-con-full e-flex e-con e-child\" data-id=\"f7d5250\" data-element_type=\"container\">\n\t\t<div class=\"elementor-element elementor-element-2579bca e-con-full e-flex e-con e-child\" data-id=\"2579bca\" data-element_type=\"container\" data-settings=\"{&quot;background_background&quot;:&quot;classic&quot;}\">\n\t\t\t\t<\/div>\n\t\t\t\t<\/a>\n\t\t\t\t\t\t\t\t<\/div>\n\t\t\t\t\t\t\t\t\t\t\t<div class=\"swiper-slide\" data-slide=\"3\" role=\"group\" aria-roledescription=\"slide\" aria-label=\"3 av 3\">\n\t\t\t\t\t\t\t<a class=\"elementor-element elementor-element-5b6a9d1 e-con-full e-flex e-con e-child\" data-id=\"5b6a9d1\" data-element_type=\"container\">\n\t\t<div class=\"elementor-element elementor-element-1f9002c e-con-full e-flex e-con e-child\" data-id=\"1f9002c\" data-element_type=\"container\" data-settings=\"{&quot;background_background&quot;:&quot;classic&quot;}\">\n\t\t\t\t<\/div>\n\t\t\t\t<\/a>\n\t\t\t\t\t\t\t\t<\/div>\n\t\t\t\t\t\t\t\t<\/div>\n\t\t<\/div>\n\t\t\t\t\t\t<\/div>\n\t\t\t\t<\/div>\n\t\t\t\t\t<\/div>\n\t\t\t\t<\/section>\n\t\t<div class=\"elementor-element elementor-element-b2ec251 e-flex e-con-boxed e-con e-parent\" data-id=\"b2ec251\" data-element_type=\"container\">\n\t\t\t\t\t<div class=\"e-con-inner\">\n\t\t\t\t<div class=\"elementor-element elementor-element-9c4f083 elementor-widget-divider--view-line elementor-invisible elementor-widget elementor-widget-global elementor-global-8042 elementor-widget-divider\" data-id=\"9c4f083\" data-element_type=\"widget\" data-settings=\"{&quot;_animation&quot;:&quot;zoomInRight&quot;}\" data-widget_type=\"divider.default\">\n\t\t\t\t<div class=\"elementor-widget-container\">\n\t\t\t\t\t\t\t<div class=\"elementor-divider\">\n\t\t\t<span class=\"elementor-divider-separator\">\n\t\t\t\t\t\t<\/span>\n\t\t<\/div>\n\t\t\t\t\t\t<\/div>\n\t\t\t\t<\/div>\n\t\t\t\t\t<\/div>\n\t\t\t\t<\/div>\n\t\t<section class=\"elementor-element elementor-element-0118ffd e-flex e-con-boxed e-con e-child\" data-id=\"0118ffd\" data-element_type=\"container\">\n\t\t\t\t\t<div class=\"e-con-inner\">\n\t\t\t\t<div class=\"elementor-element elementor-element-15512cf elementor-widget__width-inherit elementor-widget elementor-widget-heading\" data-id=\"15512cf\" data-element_type=\"widget\" data-widget_type=\"heading.default\">\n\t\t\t\t<div class=\"elementor-widget-container\">\n\t\t\t\t\t<h2 class=\"elementor-heading-title elementor-size-default\">Med klimatet i fokus<\/h2>\t\t\t\t<\/div>\n\t\t\t\t<\/div>\n\t\t<div class=\"elementor-element elementor-element-287f027 e-con-full e-flex e-con e-child\" data-id=\"287f027\" data-element_type=\"container\">\n\t\t\t\t<div class=\"elementor-element elementor-element-3f75f40 elementor-widget elementor-widget-text-editor\" data-id=\"3f75f40\" data-element_type=\"widget\" data-widget_type=\"text-editor.default\">\n\t\t\t\t<div class=\"elementor-widget-container\">\n\t\t\t\t\t\t\t\t\t<p class=\"\" data-start=\"527\" data-end=\"910\">Vi arbetar n\u00e4ra b\u00e5de f\u00f6retag, offentliga verksamheter och privatpersoner f\u00f6r att m\u00f6ta den \u00f6kande efterfr\u00e5gan p\u00e5 klimatsmarta l\u00f6sningar \u2013 ett behov som v\u00e4xer i takt med stigande energikostnader, nya milj\u00f6krav och ett st\u00f6rre fokus p\u00e5 energieffektivitet. V\u00e5ra kundcase visar hur v\u00e5ra l\u00f6sningar g\u00f6r verklig skillnad \u2013 fr\u00e5n stora industriprojekt till energieffektiva l\u00f6sningar f\u00f6r villor.<\/p><p class=\"\" data-start=\"912\" data-end=\"1090\">Med expertis, tekniskt kunnande och ett tydligt h\u00e5llbarhetsfokus v\u00e4gleder vi v\u00e5ra kunder genom hela processen \u2013 fr\u00e5n analys och r\u00e5dgivning till installation och l\u00e5ngsiktig drift.<\/p>\t\t\t\t\t\t\t\t<\/div>\n\t\t\t\t<\/div>\n\t\t\t\t<\/div>\n\t\t\t\t\t<\/div>\n\t\t\t\t<\/section>\n\t\t<section class=\"elementor-element elementor-element-59e5677 e-flex e-con-boxed e-con e-child\" data-id=\"59e5677\" data-element_type=\"container\" data-settings=\"{&quot;background_background&quot;:&quot;classic&quot;}\">\n\t\t\t\t\t<div class=\"e-con-inner\">\n\t\t\t\t<div class=\"elementor-element elementor-element-7ac5e82 elementor-widget__width-inherit elementor-widget elementor-widget-heading\" data-id=\"7ac5e82\" data-element_type=\"widget\" data-widget_type=\"heading.default\">\n\t\t\t\t<div class=\"elementor-widget-container\">\n\t\t\t\t\t<h2 class=\"elementor-heading-title elementor-size-default\">Mer om Nordic Climate Groups h\u00e5llbarhetsarbete<\/h2>\t\t\t\t<\/div>\n\t\t\t\t<\/div>\n\t\t<div class=\"elementor-element elementor-element-e8b39b9 e-con-full e-flex e-con e-child\" data-id=\"e8b39b9\" data-element_type=\"container\">\n\t\t\t\t<div class=\"elementor-element elementor-element-7fb61dd elementor-widget elementor-widget-text-editor\" data-id=\"7fb61dd\" data-element_type=\"widget\" data-widget_type=\"text-editor.default\">\n\t\t\t\t<div class=\"elementor-widget-container\">\n\t\t\t\t\t\t\t\t\t<p>Som en del av Nordic Climate Group bidrar vi p\u00e5 Dahlmans till ett gemensamt h\u00e5llbarhetsarbete med fokus p\u00e5 klimat, energi och ansvarstagande. L\u00e4s mer om koncernens initiativ och m\u00e5l.<\/p>\t\t\t\t\t\t\t\t<\/div>\n\t\t\t\t<\/div>\n\t\t\t\t<div class=\"elementor-element elementor-element-b18485c elementor-align-left elementor-widget-mobile__width-auto elementor-widget__width-auto elementor-widget elementor-widget-button\" data-id=\"b18485c\" data-element_type=\"widget\" data-widget_type=\"button.default\">\n\t\t\t\t<div class=\"elementor-widget-container\">\n\t\t\t\t\t\t\t\t\t<div class=\"elementor-button-wrapper\">\n\t\t\t\t\t<a class=\"elementor-button elementor-button-link elementor-size-sm\" href=\"https:\/\/www.nordicclimategroup.se\/hallbarhet\/vart-hallbarhetsarbete\/\" target=\"_blank\">\n\t\t\t\t\t\t<span class=\"elementor-button-content-wrapper\">\n\t\t\t\t\t\t<span class=\"elementor-button-icon\">\n\t\t\t\t\t\t\t<\/span>\n\t\t\t\t\t\t\t\t\t<span class=\"elementor-button-text\">H\u00e5llbarhetsarbetet i koncernen<\/span>\n\t\t\t\t\t<\/span>\n\t\t\t\t\t<\/a>\n\t\t\t\t<\/div>\n\t\t\t\t\t\t\t\t<\/div>\n\t\t\t\t<\/div>\n\t\t\t\t<\/div>\n\t\t\t\t\t<\/div>\n\t\t\t\t<\/section>\n\t\t\t\t<\/div>\n\t\t","protected":false},"excerpt":{"rendered":"<p>H\u00e5llbarhet Tillsammans med v\u00e5ra kunder skapar vi l\u00f6sningar som kombinerar energieffektivitet, drifts\u00e4kerhet och l\u00e5ngsiktig h\u00e5llbarhet \u2013 alltid anpassade efter verksamhetens unika behov. Genom att v\u00e4lja r\u00e4tt teknik f\u00f6r r\u00e4tt milj\u00f6, s\u00e4kerst\u00e4ller vi ett stabilt inomhusklimat med minimal klimatp\u00e5verkan. F\u00f6r oss handlar h\u00e5llbara installationer om smart energioptimering, naturliga k\u00f6ldmedier och system som h\u00e5ller \u00f6ver tid. Med [&hellip;]<\/p>\n","protected":false},"author":1,"featured_media":0,"parent":0,"menu_order":0,"comment_status":"closed","ping_status":"closed","template":"elementor_header_footer","meta":{"_acf_changed":false,"footnotes":""},"class_list":["post-4126","page","type-page","status-publish","hentry"],"acf":[],"yoast_head":"<!-- This site is optimized with the Yoast SEO plugin v25.4 - https:\/\/yoast.com\/wordpress\/plugins\/seo\/ -->\n<title>H\u00e5llbarhet | Dahlmans Kylteknik<\/title>\n<meta name=\"description\" content=\"H\u00e5llbarhet | Dahlmans Kylteknik | En del av NCG\" \/>\n<meta name=\"robots\" content=\"index, follow, max-snippet:-1, max-image-preview:large, max-video-preview:-1\" \/>\n<link rel=\"canonical\" href=\"https:\/\/www.nordicclimategroup.se\/kylmastarnadev\/hallbarhet\/\" \/>\n<meta property=\"og:locale\" content=\"sv_SE\" \/>\n<meta property=\"og:type\" content=\"article\" \/>\n<meta property=\"og:title\" content=\"H\u00e5llbarhet | Dahlmans Kylteknik\" \/>\n<meta property=\"og:description\" content=\"H\u00e5llbarhet | Dahlmans Kylteknik | En del av NCG\" \/>\n<meta property=\"og:url\" content=\"https:\/\/www.nordicclimategroup.se\/kylmastarnadev\/hallbarhet\/\" \/>\n<meta property=\"og:site_name\" content=\"Dahlmans Kylteknik\" \/>\n<meta property=\"article:modified_time\" content=\"2025-10-15T17:48:55+00:00\" \/>\n<meta property=\"og:image\" content=\"https:\/\/www.nordicclimategroup.se\/kylmastarnadev\/wp-content\/uploads\/sites\/33\/2025\/03\/dahlmans.png\" \/>\n\t<meta property=\"og:image:width\" content=\"1000\" \/>\n\t<meta property=\"og:image:height\" content=\"500\" \/>\n\t<meta property=\"og:image:type\" content=\"image\/png\" \/>\n<meta name=\"twitter:card\" content=\"summary_large_image\" \/>\n<meta name=\"twitter:label1\" content=\"Ber\u00e4knad l\u00e4stid\" \/>\n\t<meta name=\"twitter:data1\" content=\"1 minut\" \/>\n<script type=\"application\/ld+json\" class=\"yoast-schema-graph\">{\"@context\":\"https:\/\/schema.org\",\"@graph\":[{\"@type\":\"WebPage\",\"@id\":\"https:\/\/www.nordicclimategroup.se\/kylmastarnadev\/hallbarhet\/\",\"url\":\"https:\/\/www.nordicclimategroup.se\/kylmastarnadev\/hallbarhet\/\",\"name\":\"H\u00e5llbarhet | Dahlmans Kylteknik\",\"isPartOf\":{\"@id\":\"https:\/\/www.nordicclimategroup.se\/kylmastarnadev\/#website\"},\"datePublished\":\"2025-03-17T10:15:55+00:00\",\"dateModified\":\"2025-10-15T17:48:55+00:00\",\"description\":\"H\u00e5llbarhet | Dahlmans Kylteknik | En del av NCG\",\"inLanguage\":\"sv-SE\",\"potentialAction\":[{\"@type\":\"ReadAction\",\"target\":[\"https:\/\/www.nordicclimategroup.se\/kylmastarnadev\/hallbarhet\/\"]}]},{\"@type\":\"WebSite\",\"@id\":\"https:\/\/www.nordicclimategroup.se\/kylmastarnadev\/#website\",\"url\":\"https:\/\/www.nordicclimategroup.se\/kylmastarnadev\/\",\"name\":\"Dahlmans Kylteknik\",\"description\":\"En del av NCG\",\"publisher\":{\"@id\":\"https:\/\/www.nordicclimategroup.se\/kylmastarnadev\/#organization\"},\"potentialAction\":[{\"@type\":\"SearchAction\",\"target\":{\"@type\":\"EntryPoint\",\"urlTemplate\":\"https:\/\/www.nordicclimategroup.se\/kylmastarnadev\/?s={search_term_string}\"},\"query-input\":{\"@type\":\"PropertyValueSpecification\",\"valueRequired\":true,\"valueName\":\"search_term_string\"}}],\"inLanguage\":\"sv-SE\"},{\"@type\":\"Organization\",\"@id\":\"https:\/\/www.nordicclimategroup.se\/kylmastarnadev\/#organization\",\"name\":\"Dahlmans Kylteknik\",\"url\":\"https:\/\/www.nordicclimategroup.se\/kylmastarnadev\/\",\"logo\":{\"@type\":\"ImageObject\",\"inLanguage\":\"sv-SE\",\"@id\":\"https:\/\/www.nordicclimategroup.se\/kylmastarnadev\/#\/schema\/logo\/image\/\",\"url\":\"https:\/\/www.nordicclimategroup.se\/kylmastarnadev\/wp-content\/uploads\/sites\/33\/2024\/02\/kylmaestarna_rgb.svg\",\"contentUrl\":\"https:\/\/www.nordicclimategroup.se\/kylmastarnadev\/wp-content\/uploads\/sites\/33\/2024\/02\/kylmaestarna_rgb.svg\",\"width\":1260,\"height\":226,\"caption\":\"Dahlmans Kylteknik\"},\"image\":{\"@id\":\"https:\/\/www.nordicclimategroup.se\/kylmastarnadev\/#\/schema\/logo\/image\/\"}}]}<\/script>\n<!-- \/ Yoast SEO plugin. -->","yoast_head_json":{"title":"H\u00e5llbarhet | Dahlmans Kylteknik","description":"H\u00e5llbarhet | Dahlmans Kylteknik | En del av NCG","robots":{"index":"index","follow":"follow","max-snippet":"max-snippet:-1","max-image-preview":"max-image-preview:large","max-video-preview":"max-video-preview:-1"},"canonical":"https:\/\/www.nordicclimategroup.se\/kylmastarnadev\/hallbarhet\/","og_locale":"sv_SE","og_type":"article","og_title":"H\u00e5llbarhet | Dahlmans Kylteknik","og_description":"H\u00e5llbarhet | Dahlmans Kylteknik | En del av NCG","og_url":"https:\/\/www.nordicclimategroup.se\/kylmastarnadev\/hallbarhet\/","og_site_name":"Dahlmans Kylteknik","article_modified_time":"2025-10-15T17:48:55+00:00","og_image":[{"width":1000,"height":500,"url":"https:\/\/www.nordicclimategroup.se\/kylmastarnadev\/wp-content\/uploads\/sites\/33\/2025\/03\/dahlmans.png","type":"image\/png"}],"twitter_card":"summary_large_image","twitter_misc":{"Ber\u00e4knad l\u00e4stid":"1 minut"},"schema":{"@context":"https:\/\/schema.org","@graph":[{"@type":"WebPage","@id":"https:\/\/www.nordicclimategroup.se\/kylmastarnadev\/hallbarhet\/","url":"https:\/\/www.nordicclimategroup.se\/kylmastarnadev\/hallbarhet\/","name":"H\u00e5llbarhet | Dahlmans Kylteknik","isPartOf":{"@id":"https:\/\/www.nordicclimategroup.se\/kylmastarnadev\/#website"},"datePublished":"2025-03-17T10:15:55+00:00","dateModified":"2025-10-15T17:48:55+00:00","description":"H\u00e5llbarhet | Dahlmans Kylteknik | En del av NCG","inLanguage":"sv-SE","potentialAction":[{"@type":"ReadAction","target":["https:\/\/www.nordicclimategroup.se\/kylmastarnadev\/hallbarhet\/"]}]},{"@type":"WebSite","@id":"https:\/\/www.nordicclimategroup.se\/kylmastarnadev\/#website","url":"https:\/\/www.nordicclimategroup.se\/kylmastarnadev\/","name":"Dahlmans Kylteknik","description":"En del av NCG","publisher":{"@id":"https:\/\/www.nordicclimategroup.se\/kylmastarnadev\/#organization"},"potentialAction":[{"@type":"SearchAction","target":{"@type":"EntryPoint","urlTemplate":"https:\/\/www.nordicclimategroup.se\/kylmastarnadev\/?s={search_term_string}"},"query-input":{"@type":"PropertyValueSpecification","valueRequired":true,"valueName":"search_term_string"}}],"inLanguage":"sv-SE"},{"@type":"Organization","@id":"https:\/\/www.nordicclimategroup.se\/kylmastarnadev\/#organization","name":"Dahlmans Kylteknik","url":"https:\/\/www.nordicclimategroup.se\/kylmastarnadev\/","logo":{"@type":"ImageObject","inLanguage":"sv-SE","@id":"https:\/\/www.nordicclimategroup.se\/kylmastarnadev\/#\/schema\/logo\/image\/","url":"https:\/\/www.nordicclimategroup.se\/kylmastarnadev\/wp-content\/uploads\/sites\/33\/2024\/02\/kylmaestarna_rgb.svg","contentUrl":"https:\/\/www.nordicclimategroup.se\/kylmastarnadev\/wp-content\/uploads\/sites\/33\/2024\/02\/kylmaestarna_rgb.svg","width":1260,"height":226,"caption":"Dahlmans Kylteknik"},"image":{"@id":"https:\/\/www.nordicclimategroup.se\/kylmastarnadev\/#\/schema\/logo\/image\/"}}]}},"_links":{"self":[{"href":"https:\/\/www.nordicclimategroup.se\/kylmastarnadev\/wp-json\/wp\/v2\/pages\/4126","targetHints":{"allow":["GET"]}}],"collection":[{"href":"https:\/\/www.nordicclimategroup.se\/kylmastarnadev\/wp-json\/wp\/v2\/pages"}],"about":[{"href":"https:\/\/www.nordicclimategroup.se\/kylmastarnadev\/wp-json\/wp\/v2\/types\/page"}],"author":[{"embeddable":true,"href":"https:\/\/www.nordicclimategroup.se\/kylmastarnadev\/wp-json\/wp\/v2\/users\/1"}],"replies":[{"embeddable":true,"href":"https:\/\/www.nordicclimategroup.se\/kylmastarnadev\/wp-json\/wp\/v2\/comments?post=4126"}],"version-history":[{"count":6,"href":"https:\/\/www.nordicclimategroup.se\/kylmastarnadev\/wp-json\/wp\/v2\/pages\/4126\/revisions"}],"predecessor-version":[{"id":12303,"href":"https:\/\/www.nordicclimategroup.se\/kylmastarnadev\/wp-json\/wp\/v2\/pages\/4126\/revisions\/12303"}],"wp:attachment":[{"href":"https:\/\/www.nordicclimategroup.se\/kylmastarnadev\/wp-json\/wp\/v2\/media?parent=4126"}],"curies":[{"name":"wp","href":"https:\/\/api.w.org\/{rel}","templated":true}]}}