{"id":11149,"date":"2025-04-24T11:32:39","date_gmt":"2025-04-24T11:32:39","guid":{"rendered":"https:\/\/www.nordicclimategroup.se\/dotterbolag-2\/?page_id=11149"},"modified":"2025-05-02T11:29:56","modified_gmt":"2025-05-02T11:29:56","slug":"naturliga-koldmedier","status":"publish","type":"page","link":"https:\/\/www.nordicclimategroup.se\/kylmastarnadev\/hallbarhet\/naturliga-koldmedier\/","title":{"rendered":"Naturliga k\u00f6ldmedier"},"content":{"rendered":"\t\t<div data-elementor-type=\"wp-page\" data-elementor-id=\"11149\" class=\"elementor elementor-11149\" data-elementor-post-type=\"page\">\n\t\t\t\t<section class=\"elementor-element elementor-element-e52cf50 e-flex e-con-boxed e-con e-child\" data-id=\"e52cf50\" data-element_type=\"container\" data-settings=\"{&quot;background_background&quot;:&quot;classic&quot;}\">\n\t\t\t\t\t<div class=\"e-con-inner\">\n\t\t<div class=\"elementor-element elementor-element-5083fdc e-con-full e-flex e-con e-child\" data-id=\"5083fdc\" data-element_type=\"container\">\n\t\t\t\t<div class=\"elementor-element elementor-element-071b576 elementor-widget__width-initial elementor-widget elementor-widget-heading\" data-id=\"071b576\" data-element_type=\"widget\" data-widget_type=\"heading.default\">\n\t\t\t\t<div class=\"elementor-widget-container\">\n\t\t\t\t\t<h1 class=\"elementor-heading-title elementor-size-default\">Naturliga k\u00f6ldmedier<\/h1>\t\t\t\t<\/div>\n\t\t\t\t<\/div>\n\t\t\t\t<\/div>\n\t\t\t\t\t<\/div>\n\t\t\t\t<\/section>\n\t\t<div class=\"elementor-element elementor-element-e5a26f0 e-flex e-con-boxed e-con e-parent\" data-id=\"e5a26f0\" data-element_type=\"container\">\n\t\t\t\t\t<div class=\"e-con-inner\">\n\t\t\t\t<div class=\"elementor-element elementor-element-12f543e elementor-widget elementor-widget-global elementor-global-10455 elementor-widget-breadcrumbs\" data-id=\"12f543e\" data-element_type=\"widget\" data-widget_type=\"breadcrumbs.default\">\n\t\t\t\t<div class=\"elementor-widget-container\">\n\t\t\t\t\t<p id=\"breadcrumbs\"><\/p>\t\t\t\t<\/div>\n\t\t\t\t<\/div>\n\t\t\t\t\t<\/div>\n\t\t\t\t<\/div>\n\t\t<section class=\"elementor-element elementor-element-d105b5e e-flex e-con-boxed e-con e-parent\" data-id=\"d105b5e\" data-element_type=\"container\">\n\t\t\t\t\t<div class=\"e-con-inner\">\n\t\t<div class=\"elementor-element elementor-element-50dc923 e-con-full elementor-hidden-tablet elementor-hidden-mobile e-flex e-con e-child\" data-id=\"50dc923\" data-element_type=\"container\" data-settings=\"{&quot;sticky_offset&quot;:170,&quot;sticky_parent&quot;:&quot;yes&quot;,&quot;sticky_on&quot;:[&quot;desktop&quot;],&quot;sticky&quot;:&quot;top&quot;,&quot;sticky_effects_offset&quot;:0,&quot;sticky_anchor_link_offset&quot;:0}\">\n\t\t\t\t<\/div>\n\t\t<div class=\"elementor-element elementor-element-e1ac370 e-con-full e-flex e-con e-child\" data-id=\"e1ac370\" data-element_type=\"container\">\n\t\t\t\t<div class=\"elementor-element elementor-element-caf1203 elementor-widget__width-inherit elementor-widget elementor-widget-heading\" data-id=\"caf1203\" data-element_type=\"widget\" data-widget_type=\"heading.default\">\n\t\t\t\t<div class=\"elementor-widget-container\">\n\t\t\t\t\t<h2 class=\"elementor-heading-title elementor-size-default\">Naturliga k\u00f6ldmedier \u2013 ers\u00e4tter F-gaser\n<\/h2>\t\t\t\t<\/div>\n\t\t\t\t<\/div>\n\t\t<div class=\"elementor-element elementor-element-36cfa63 e-con-full e-flex e-con e-child\" data-id=\"36cfa63\" data-element_type=\"container\">\n\t\t\t\t<div class=\"elementor-element elementor-element-6f59412 elementor-widget elementor-widget-text-editor\" data-id=\"6f59412\" data-element_type=\"widget\" data-widget_type=\"text-editor.default\">\n\t\t\t\t<div class=\"elementor-widget-container\">\n\t\t\t\t\t\t\t\t\t<p>Syntetiska k\u00f6ldmedier med F-gaser \u00e4r under utfasning sedan flera \u00e5r. Redan 2027 \u00e4r den till\u00e5tna volymen k\u00f6ldmedier med F-gaser s\u00e5 liten att det kommer bli sv\u00e5rt och dyrt att underh\u00e5lla m\u00e5nga av dessa system. K\u00f6ldmedier med PFAS-\u00e4mnen regleras av REACH-direktivet som \u00e4r under revidering. PFAS \u00e4r s\u00e5 kallade evighetskemikalier och f\u00f6rv\u00e4ntas fasas ut p\u00e5 samma s\u00e4tt som F-gaser.<\/p><p>F-gaser har stor p\u00e5verkan p\u00e5 klimatet och d\u00e4rmed h\u00e5llbarhetsredovisningar. F\u00f6r m\u00e5nga fastighets\u00e4gare kan problem med gamla anl\u00e4ggningar ha betydande inverkan p\u00e5 deras steg mot minskade utsl\u00e4pp. F\u00f6r att konvertera till naturliga k\u00f6ldmedier (ammoniak, koldioxid, propan) med l\u00e5ga GWP-v\u00e4rden* \u00e4r det bra med en utbytesplan som v\u00e5ra dotterbolag kan ta fram.<\/p><p>*GWP(Global Warming Potential) m\u00e4ter k\u00f6ldmediets klimatp\u00e5verkan. L\u00e4s mer p\u00e5 <a href=\"https:\/\/alltomfgas.se\/alltomfgas\/hem\">alltomfgas.se<\/a><\/p>\t\t\t\t\t\t\t\t<\/div>\n\t\t\t\t<\/div>\n\t\t\t\t<\/div>\n\t\t\t\t<\/div>\n\t\t\t\t\t<\/div>\n\t\t\t\t<\/section>\n\t\t<div class=\"elementor-element elementor-element-5ba6cef e-flex e-con-boxed e-con e-parent\" data-id=\"5ba6cef\" data-element_type=\"container\">\n\t\t\t\t\t<div class=\"e-con-inner\">\n\t\t\t\t<div class=\"elementor-element elementor-element-3e88e1b elementor-widget-divider--view-line elementor-invisible elementor-widget elementor-widget-global elementor-global-8042 elementor-widget-divider\" data-id=\"3e88e1b\" data-element_type=\"widget\" data-settings=\"{&quot;_animation&quot;:&quot;zoomInRight&quot;}\" data-widget_type=\"divider.default\">\n\t\t\t\t<div class=\"elementor-widget-container\">\n\t\t\t\t\t\t\t<div class=\"elementor-divider\">\n\t\t\t<span class=\"elementor-divider-separator\">\n\t\t\t\t\t\t<\/span>\n\t\t<\/div>\n\t\t\t\t\t\t<\/div>\n\t\t\t\t<\/div>\n\t\t\t\t\t<\/div>\n\t\t\t\t<\/div>\n\t\t<section class=\"elementor-element elementor-element-d194b7d e-flex e-con-boxed e-con e-parent\" data-id=\"d194b7d\" data-element_type=\"container\">\n\t\t\t\t\t<div class=\"e-con-inner\">\n\t\t\t\t<div class=\"elementor-element elementor-element-f929874 elementor-widget elementor-widget-heading\" data-id=\"f929874\" data-element_type=\"widget\" data-widget_type=\"heading.default\">\n\t\t\t\t<div class=\"elementor-widget-container\">\n\t\t\t\t\t<h2 class=\"elementor-heading-title elementor-size-default\">Du kanske \u00e4r intresserad av<\/h2>\t\t\t\t<\/div>\n\t\t\t\t<\/div>\n\t\t<div class=\"elementor-element elementor-element-cd6581c e-con-full e-grid boxar e-con e-child\" data-id=\"cd6581c\" data-element_type=\"container\">\n\t\t<a class=\"elementor-element elementor-element-8497f96 e-con-full e-flex e-con e-child\" data-id=\"8497f96\" data-element_type=\"container\" href=\"https:\/\/www.nordicclimategroup.se\/kylmastarnadev\/hallbarhet\/vart-hallbarhetsarbete\/\">\n\t\t\t\t<div class=\"elementor-element elementor-element-c6a27f1 elementor-widget__width-inherit elementor-widget elementor-widget-image\" data-id=\"c6a27f1\" data-element_type=\"widget\" data-widget_type=\"image.default\">\n\t\t\t\t<div class=\"elementor-widget-container\">\n\t\t\t\t\t\t\t\t\t\t\t\t\t\t\t<img fetchpriority=\"high\" decoding=\"async\" width=\"2293\" height=\"1530\" src=\"https:\/\/www.nordicclimategroup.se\/kylmastarnadev\/wp-content\/uploads\/sites\/33\/2025\/04\/NCG_HALLBARHET_9.jpg\" class=\"attachment-full size-full wp-image-8002\" alt=\"Moln och himmel med ett berg i bakgrunden\" srcset=\"https:\/\/www.nordicclimategroup.se\/kylmastarnadev\/wp-content\/uploads\/sites\/33\/2025\/04\/NCG_HALLBARHET_9.jpg 2293w, https:\/\/www.nordicclimategroup.se\/kylmastarnadev\/wp-content\/uploads\/sites\/33\/2025\/04\/NCG_HALLBARHET_9-300x200.jpg 300w, https:\/\/www.nordicclimategroup.se\/kylmastarnadev\/wp-content\/uploads\/sites\/33\/2025\/04\/NCG_HALLBARHET_9-1024x683.jpg 1024w, https:\/\/www.nordicclimategroup.se\/kylmastarnadev\/wp-content\/uploads\/sites\/33\/2025\/04\/NCG_HALLBARHET_9-768x512.jpg 768w, https:\/\/www.nordicclimategroup.se\/kylmastarnadev\/wp-content\/uploads\/sites\/33\/2025\/04\/NCG_HALLBARHET_9-1536x1025.jpg 1536w, https:\/\/www.nordicclimategroup.se\/kylmastarnadev\/wp-content\/uploads\/sites\/33\/2025\/04\/NCG_HALLBARHET_9-2048x1367.jpg 2048w\" sizes=\"(max-width: 2293px) 100vw, 2293px\" \/>\t\t\t\t\t\t\t\t\t\t\t\t\t\t\t<\/div>\n\t\t\t\t<\/div>\n\t\t<div class=\"elementor-element elementor-element-de1f3b3 e-con-full e-flex e-con e-child\" data-id=\"de1f3b3\" data-element_type=\"container\">\n\t\t\t\t<div class=\"elementor-element elementor-element-f64bc3d elementor-widget__width-inherit elementor-widget elementor-widget-heading\" data-id=\"f64bc3d\" data-element_type=\"widget\" data-widget_type=\"heading.default\">\n\t\t\t\t<div class=\"elementor-widget-container\">\n\t\t\t\t\t<h3 class=\"elementor-heading-title elementor-size-default\">V\u00e5rt h\u00e5llbarhetsarbete<\/h3>\t\t\t\t<\/div>\n\t\t\t\t<\/div>\n\t\t\t\t<div class=\"elementor-element elementor-element-d831bfe elementor-widget__width-inherit elementor-widget elementor-widget-text-editor\" data-id=\"d831bfe\" data-element_type=\"widget\" data-widget_type=\"text-editor.default\">\n\t\t\t\t<div class=\"elementor-widget-container\">\n\t\t\t\t\t\t\t\t\t<p>Kunskap f\u00f6r omst\u00e4llning \u2013 f\u00f6r ett b\u00e4ttre klimat<\/p>\t\t\t\t\t\t\t\t<\/div>\n\t\t\t\t<\/div>\n\t\t\t\t<\/div>\n\t\t\t\t<\/a>\n\t\t<a class=\"elementor-element elementor-element-c8e789c e-con-full e-flex e-con e-child\" data-id=\"c8e789c\" data-element_type=\"container\" href=\"https:\/\/www.nordicclimategroup.se\/kylmastarnadev\/verksamhetsomraden\/\">\n\t\t\t\t<div class=\"elementor-element elementor-element-d840e39 elementor-widget__width-inherit elementor-widget elementor-widget-image\" data-id=\"d840e39\" data-element_type=\"widget\" data-widget_type=\"image.default\">\n\t\t\t\t<div class=\"elementor-widget-container\">\n\t\t\t\t\t\t\t\t\t\t\t\t\t\t\t<img decoding=\"async\" src=\"https:\/\/www.nordicclimategroup.se\/dotterbolag-2\/wp-content\/uploads\/2025\/04\/NCG_HALLBARHET_6.jpg\" title=\"\" alt=\"En man och en kvinna som jobbar inom kyltj\u00e4nst\" loading=\"lazy\" \/>\t\t\t\t\t\t\t\t\t\t\t\t\t\t\t<\/div>\n\t\t\t\t<\/div>\n\t\t<div class=\"elementor-element elementor-element-8cea8f3 e-con-full e-flex e-con e-child\" data-id=\"8cea8f3\" data-element_type=\"container\">\n\t\t\t\t<div class=\"elementor-element elementor-element-4f6ad03 elementor-widget__width-inherit elementor-widget elementor-widget-heading\" data-id=\"4f6ad03\" data-element_type=\"widget\" data-widget_type=\"heading.default\">\n\t\t\t\t<div class=\"elementor-widget-container\">\n\t\t\t\t\t<h3 class=\"elementor-heading-title elementor-size-default\">V\u00e5ra verksamhetsomr\u00e5den<\/h3>\t\t\t\t<\/div>\n\t\t\t\t<\/div>\n\t\t\t\t<div class=\"elementor-element elementor-element-c1f3280 elementor-widget__width-inherit elementor-widget elementor-widget-text-editor\" data-id=\"c1f3280\" data-element_type=\"widget\" data-widget_type=\"text-editor.default\">\n\t\t\t\t<div class=\"elementor-widget-container\">\n\t\t\t\t\t\t\t\t\tVi hj\u00e4lper dig i alla t\u00e4nkbara milj\u00f6er\t\t\t\t\t\t\t\t<\/div>\n\t\t\t\t<\/div>\n\t\t\t\t<\/div>\n\t\t\t\t<\/a>\n\t\t<a class=\"elementor-element elementor-element-49b3898 e-con-full e-flex e-con e-child\" data-id=\"49b3898\" data-element_type=\"container\" href=\"https:\/\/www.nordicclimategroup.se\/kylmastarnadev\/kontakt\/\">\n\t\t\t\t<div class=\"elementor-element elementor-element-d5a8dab elementor-widget__width-inherit elementor-widget elementor-widget-image\" data-id=\"d5a8dab\" data-element_type=\"widget\" data-widget_type=\"image.default\">\n\t\t\t\t<div class=\"elementor-widget-container\">\n\t\t\t\t\t\t\t\t\t\t\t\t\t\t\t<img decoding=\"async\" src=\"https:\/\/www.nordicclimategroup.se\/dotterbolag-2\/wp-content\/uploads\/sites\/4\/2025\/04\/NCG_PERSONER_6.jpg\" title=\"\" alt=\"Tv\u00e5 m\u00e4n med ryggen mot kameran\" loading=\"lazy\" \/>\t\t\t\t\t\t\t\t\t\t\t\t\t\t\t<\/div>\n\t\t\t\t<\/div>\n\t\t<div class=\"elementor-element elementor-element-fc740cc e-con-full e-flex e-con e-child\" data-id=\"fc740cc\" data-element_type=\"container\">\n\t\t\t\t<div class=\"elementor-element elementor-element-99c8076 elementor-widget__width-inherit elementor-widget elementor-widget-heading\" data-id=\"99c8076\" data-element_type=\"widget\" data-widget_type=\"heading.default\">\n\t\t\t\t<div class=\"elementor-widget-container\">\n\t\t\t\t\t<h3 class=\"elementor-heading-title elementor-size-default\">Kontakt<\/h3>\t\t\t\t<\/div>\n\t\t\t\t<\/div>\n\t\t\t\t<div class=\"elementor-element elementor-element-af203b9 elementor-widget__width-inherit elementor-widget elementor-widget-text-editor\" data-id=\"af203b9\" data-element_type=\"widget\" data-widget_type=\"text-editor.default\">\n\t\t\t\t<div class=\"elementor-widget-container\">\n\t\t\t\t\t\t\t\t\tKontakter &#8211; f\u00f6r l\u00e5ngsiktigt samarbete \t\t\t\t\t\t\t\t<\/div>\n\t\t\t\t<\/div>\n\t\t\t\t<\/div>\n\t\t\t\t<\/a>\n\t\t\t\t<\/div>\n\t\t\t\t\t<\/div>\n\t\t\t\t<\/section>\n\t\t\t\t<\/div>\n\t\t","protected":false},"excerpt":{"rendered":"<p>Naturliga k\u00f6ldmedier H\u00e5llbarhet V\u00e5rt h\u00e5llbarhetsarbete Naturliga k\u00f6ldmedier Naturliga k\u00f6ldmedier \u2013 ers\u00e4tter F-gaser Syntetiska k\u00f6ldmedier med F-gaser \u00e4r under utfasning sedan flera \u00e5r. Redan 2027 \u00e4r den till\u00e5tna volymen k\u00f6ldmedier med F-gaser s\u00e5 liten att det kommer bli sv\u00e5rt och dyrt att underh\u00e5lla m\u00e5nga av dessa system. K\u00f6ldmedier med PFAS-\u00e4mnen regleras av REACH-direktivet som \u00e4r under [&hellip;]<\/p>\n","protected":false},"author":1,"featured_media":0,"parent":4126,"menu_order":0,"comment_status":"closed","ping_status":"closed","template":"elementor_header_footer","meta":{"_acf_changed":false,"footnotes":""},"class_list":["post-11149","page","type-page","status-publish","hentry"],"acf":[],"yoast_head":"<!-- This site is optimized with the Yoast SEO plugin v25.4 - https:\/\/yoast.com\/wordpress\/plugins\/seo\/ -->\n<title>Naturliga k\u00f6ldmedier | Dahlmans Kylteknik<\/title>\n<meta name=\"description\" content=\"Naturliga k\u00f6ldmedier | Dahlmans Kylteknik | En del av NCG\" \/>\n<meta name=\"robots\" content=\"index, follow, max-snippet:-1, max-image-preview:large, max-video-preview:-1\" \/>\n<link rel=\"canonical\" href=\"https:\/\/www.nordicclimategroup.se\/kylmastarnadev\/hallbarhet\/naturliga-koldmedier\/\" \/>\n<meta property=\"og:locale\" content=\"sv_SE\" \/>\n<meta property=\"og:type\" content=\"article\" \/>\n<meta property=\"og:title\" content=\"Naturliga k\u00f6ldmedier | Dahlmans Kylteknik\" \/>\n<meta property=\"og:description\" content=\"Naturliga k\u00f6ldmedier | Dahlmans Kylteknik | En del av NCG\" \/>\n<meta property=\"og:url\" content=\"https:\/\/www.nordicclimategroup.se\/kylmastarnadev\/hallbarhet\/naturliga-koldmedier\/\" \/>\n<meta property=\"og:site_name\" content=\"Dahlmans Kylteknik\" \/>\n<meta property=\"article:modified_time\" content=\"2025-05-02T11:29:56+00:00\" \/>\n<meta property=\"og:image\" content=\"https:\/\/www.nordicclimategroup.se\/kylmastarnadev\/wp-content\/uploads\/sites\/33\/2025\/03\/dahlmans.png\" \/>\n\t<meta property=\"og:image:width\" content=\"1000\" \/>\n\t<meta property=\"og:image:height\" content=\"500\" \/>\n\t<meta property=\"og:image:type\" content=\"image\/png\" \/>\n<meta name=\"twitter:card\" content=\"summary_large_image\" \/>\n<meta name=\"twitter:label1\" content=\"Ber\u00e4knad l\u00e4stid\" \/>\n\t<meta name=\"twitter:data1\" content=\"2 minuter\" \/>\n<script type=\"application\/ld+json\" class=\"yoast-schema-graph\">{\"@context\":\"https:\/\/schema.org\",\"@graph\":[{\"@type\":\"WebPage\",\"@id\":\"https:\/\/www.nordicclimategroup.se\/kylmastarnadev\/hallbarhet\/naturliga-koldmedier\/\",\"url\":\"https:\/\/www.nordicclimategroup.se\/kylmastarnadev\/hallbarhet\/naturliga-koldmedier\/\",\"name\":\"Naturliga k\u00f6ldmedier | Dahlmans Kylteknik\",\"isPartOf\":{\"@id\":\"https:\/\/www.nordicclimategroup.se\/kylmastarnadev\/#website\"},\"primaryImageOfPage\":{\"@id\":\"https:\/\/www.nordicclimategroup.se\/kylmastarnadev\/hallbarhet\/naturliga-koldmedier\/#primaryimage\"},\"image\":{\"@id\":\"https:\/\/www.nordicclimategroup.se\/kylmastarnadev\/hallbarhet\/naturliga-koldmedier\/#primaryimage\"},\"thumbnailUrl\":\"https:\/\/www.nordicclimategroup.se\/dotterbolag-2\/wp-content\/uploads\/sites\/33\/2025\/04\/NCG_HALLBARHET_9.jpg\",\"datePublished\":\"2025-04-24T11:32:39+00:00\",\"dateModified\":\"2025-05-02T11:29:56+00:00\",\"description\":\"Naturliga k\u00f6ldmedier | Dahlmans Kylteknik | En del av NCG\",\"breadcrumb\":{\"@id\":\"https:\/\/www.nordicclimategroup.se\/kylmastarnadev\/hallbarhet\/naturliga-koldmedier\/#breadcrumb\"},\"inLanguage\":\"sv-SE\",\"potentialAction\":[{\"@type\":\"ReadAction\",\"target\":[\"https:\/\/www.nordicclimategroup.se\/kylmastarnadev\/hallbarhet\/naturliga-koldmedier\/\"]}]},{\"@type\":\"ImageObject\",\"inLanguage\":\"sv-SE\",\"@id\":\"https:\/\/www.nordicclimategroup.se\/kylmastarnadev\/hallbarhet\/naturliga-koldmedier\/#primaryimage\",\"url\":\"https:\/\/www.nordicclimategroup.se\/dotterbolag-2\/wp-content\/uploads\/sites\/33\/2025\/04\/NCG_HALLBARHET_9.jpg\",\"contentUrl\":\"https:\/\/www.nordicclimategroup.se\/dotterbolag-2\/wp-content\/uploads\/sites\/33\/2025\/04\/NCG_HALLBARHET_9.jpg\"},{\"@type\":\"BreadcrumbList\",\"@id\":\"https:\/\/www.nordicclimategroup.se\/kylmastarnadev\/hallbarhet\/naturliga-koldmedier\/#breadcrumb\",\"itemListElement\":[{\"@type\":\"ListItem\",\"position\":1,\"name\":\"H\u00e5llbarhet\",\"item\":\"https:\/\/www.nordicclimategroup.se\/kylmastarnadev\/hallbarhet\/\"},{\"@type\":\"ListItem\",\"position\":2,\"name\":\"Naturliga k\u00f6ldmedier\"}]},{\"@type\":\"WebSite\",\"@id\":\"https:\/\/www.nordicclimategroup.se\/kylmastarnadev\/#website\",\"url\":\"https:\/\/www.nordicclimategroup.se\/kylmastarnadev\/\",\"name\":\"Dahlmans Kylteknik\",\"description\":\"En del av NCG\",\"publisher\":{\"@id\":\"https:\/\/www.nordicclimategroup.se\/kylmastarnadev\/#organization\"},\"potentialAction\":[{\"@type\":\"SearchAction\",\"target\":{\"@type\":\"EntryPoint\",\"urlTemplate\":\"https:\/\/www.nordicclimategroup.se\/kylmastarnadev\/?s={search_term_string}\"},\"query-input\":{\"@type\":\"PropertyValueSpecification\",\"valueRequired\":true,\"valueName\":\"search_term_string\"}}],\"inLanguage\":\"sv-SE\"},{\"@type\":\"Organization\",\"@id\":\"https:\/\/www.nordicclimategroup.se\/kylmastarnadev\/#organization\",\"name\":\"Dahlmans Kylteknik\",\"url\":\"https:\/\/www.nordicclimategroup.se\/kylmastarnadev\/\",\"logo\":{\"@type\":\"ImageObject\",\"inLanguage\":\"sv-SE\",\"@id\":\"https:\/\/www.nordicclimategroup.se\/kylmastarnadev\/#\/schema\/logo\/image\/\",\"url\":\"https:\/\/www.nordicclimategroup.se\/kylmastarnadev\/wp-content\/uploads\/sites\/33\/2024\/02\/kylmaestarna_rgb.svg\",\"contentUrl\":\"https:\/\/www.nordicclimategroup.se\/kylmastarnadev\/wp-content\/uploads\/sites\/33\/2024\/02\/kylmaestarna_rgb.svg\",\"width\":1260,\"height\":226,\"caption\":\"Dahlmans Kylteknik\"},\"image\":{\"@id\":\"https:\/\/www.nordicclimategroup.se\/kylmastarnadev\/#\/schema\/logo\/image\/\"}}]}<\/script>\n<!-- \/ Yoast SEO plugin. -->","yoast_head_json":{"title":"Naturliga k\u00f6ldmedier | Dahlmans Kylteknik","description":"Naturliga k\u00f6ldmedier | Dahlmans Kylteknik | En del av NCG","robots":{"index":"index","follow":"follow","max-snippet":"max-snippet:-1","max-image-preview":"max-image-preview:large","max-video-preview":"max-video-preview:-1"},"canonical":"https:\/\/www.nordicclimategroup.se\/kylmastarnadev\/hallbarhet\/naturliga-koldmedier\/","og_locale":"sv_SE","og_type":"article","og_title":"Naturliga k\u00f6ldmedier | Dahlmans Kylteknik","og_description":"Naturliga k\u00f6ldmedier | Dahlmans Kylteknik | En del av NCG","og_url":"https:\/\/www.nordicclimategroup.se\/kylmastarnadev\/hallbarhet\/naturliga-koldmedier\/","og_site_name":"Dahlmans Kylteknik","article_modified_time":"2025-05-02T11:29:56+00:00","og_image":[{"width":1000,"height":500,"url":"https:\/\/www.nordicclimategroup.se\/kylmastarnadev\/wp-content\/uploads\/sites\/33\/2025\/03\/dahlmans.png","type":"image\/png"}],"twitter_card":"summary_large_image","twitter_misc":{"Ber\u00e4knad l\u00e4stid":"2 minuter"},"schema":{"@context":"https:\/\/schema.org","@graph":[{"@type":"WebPage","@id":"https:\/\/www.nordicclimategroup.se\/kylmastarnadev\/hallbarhet\/naturliga-koldmedier\/","url":"https:\/\/www.nordicclimategroup.se\/kylmastarnadev\/hallbarhet\/naturliga-koldmedier\/","name":"Naturliga k\u00f6ldmedier | Dahlmans Kylteknik","isPartOf":{"@id":"https:\/\/www.nordicclimategroup.se\/kylmastarnadev\/#website"},"primaryImageOfPage":{"@id":"https:\/\/www.nordicclimategroup.se\/kylmastarnadev\/hallbarhet\/naturliga-koldmedier\/#primaryimage"},"image":{"@id":"https:\/\/www.nordicclimategroup.se\/kylmastarnadev\/hallbarhet\/naturliga-koldmedier\/#primaryimage"},"thumbnailUrl":"https:\/\/www.nordicclimategroup.se\/dotterbolag-2\/wp-content\/uploads\/sites\/33\/2025\/04\/NCG_HALLBARHET_9.jpg","datePublished":"2025-04-24T11:32:39+00:00","dateModified":"2025-05-02T11:29:56+00:00","description":"Naturliga k\u00f6ldmedier | Dahlmans Kylteknik | En del av NCG","breadcrumb":{"@id":"https:\/\/www.nordicclimategroup.se\/kylmastarnadev\/hallbarhet\/naturliga-koldmedier\/#breadcrumb"},"inLanguage":"sv-SE","potentialAction":[{"@type":"ReadAction","target":["https:\/\/www.nordicclimategroup.se\/kylmastarnadev\/hallbarhet\/naturliga-koldmedier\/"]}]},{"@type":"ImageObject","inLanguage":"sv-SE","@id":"https:\/\/www.nordicclimategroup.se\/kylmastarnadev\/hallbarhet\/naturliga-koldmedier\/#primaryimage","url":"https:\/\/www.nordicclimategroup.se\/dotterbolag-2\/wp-content\/uploads\/sites\/33\/2025\/04\/NCG_HALLBARHET_9.jpg","contentUrl":"https:\/\/www.nordicclimategroup.se\/dotterbolag-2\/wp-content\/uploads\/sites\/33\/2025\/04\/NCG_HALLBARHET_9.jpg"},{"@type":"BreadcrumbList","@id":"https:\/\/www.nordicclimategroup.se\/kylmastarnadev\/hallbarhet\/naturliga-koldmedier\/#breadcrumb","itemListElement":[{"@type":"ListItem","position":1,"name":"H\u00e5llbarhet","item":"https:\/\/www.nordicclimategroup.se\/kylmastarnadev\/hallbarhet\/"},{"@type":"ListItem","position":2,"name":"Naturliga k\u00f6ldmedier"}]},{"@type":"WebSite","@id":"https:\/\/www.nordicclimategroup.se\/kylmastarnadev\/#website","url":"https:\/\/www.nordicclimategroup.se\/kylmastarnadev\/","name":"Dahlmans Kylteknik","description":"En del av NCG","publisher":{"@id":"https:\/\/www.nordicclimategroup.se\/kylmastarnadev\/#organization"},"potentialAction":[{"@type":"SearchAction","target":{"@type":"EntryPoint","urlTemplate":"https:\/\/www.nordicclimategroup.se\/kylmastarnadev\/?s={search_term_string}"},"query-input":{"@type":"PropertyValueSpecification","valueRequired":true,"valueName":"search_term_string"}}],"inLanguage":"sv-SE"},{"@type":"Organization","@id":"https:\/\/www.nordicclimategroup.se\/kylmastarnadev\/#organization","name":"Dahlmans Kylteknik","url":"https:\/\/www.nordicclimategroup.se\/kylmastarnadev\/","logo":{"@type":"ImageObject","inLanguage":"sv-SE","@id":"https:\/\/www.nordicclimategroup.se\/kylmastarnadev\/#\/schema\/logo\/image\/","url":"https:\/\/www.nordicclimategroup.se\/kylmastarnadev\/wp-content\/uploads\/sites\/33\/2024\/02\/kylmaestarna_rgb.svg","contentUrl":"https:\/\/www.nordicclimategroup.se\/kylmastarnadev\/wp-content\/uploads\/sites\/33\/2024\/02\/kylmaestarna_rgb.svg","width":1260,"height":226,"caption":"Dahlmans Kylteknik"},"image":{"@id":"https:\/\/www.nordicclimategroup.se\/kylmastarnadev\/#\/schema\/logo\/image\/"}}]}},"_links":{"self":[{"href":"https:\/\/www.nordicclimategroup.se\/kylmastarnadev\/wp-json\/wp\/v2\/pages\/11149","targetHints":{"allow":["GET"]}}],"collection":[{"href":"https:\/\/www.nordicclimategroup.se\/kylmastarnadev\/wp-json\/wp\/v2\/pages"}],"about":[{"href":"https:\/\/www.nordicclimategroup.se\/kylmastarnadev\/wp-json\/wp\/v2\/types\/page"}],"author":[{"embeddable":true,"href":"https:\/\/www.nordicclimategroup.se\/kylmastarnadev\/wp-json\/wp\/v2\/users\/1"}],"replies":[{"embeddable":true,"href":"https:\/\/www.nordicclimategroup.se\/kylmastarnadev\/wp-json\/wp\/v2\/comments?post=11149"}],"version-history":[{"count":13,"href":"https:\/\/www.nordicclimategroup.se\/kylmastarnadev\/wp-json\/wp\/v2\/pages\/11149\/revisions"}],"predecessor-version":[{"id":11165,"href":"https:\/\/www.nordicclimategroup.se\/kylmastarnadev\/wp-json\/wp\/v2\/pages\/11149\/revisions\/11165"}],"up":[{"embeddable":true,"href":"https:\/\/www.nordicclimategroup.se\/kylmastarnadev\/wp-json\/wp\/v2\/pages\/4126"}],"wp:attachment":[{"href":"https:\/\/www.nordicclimategroup.se\/kylmastarnadev\/wp-json\/wp\/v2\/media?parent=11149"}],"curies":[{"name":"wp","href":"https:\/\/api.w.org\/{rel}","templated":true}]}}