{"id":11088,"date":"2025-04-24T09:01:26","date_gmt":"2025-04-24T09:01:26","guid":{"rendered":"https:\/\/www.nordicclimategroup.se\/dotterbolag-2\/?page_id=11088"},"modified":"2025-04-28T15:12:11","modified_gmt":"2025-04-28T15:12:11","slug":"om-nordic-climate-group","status":"publish","type":"page","link":"https:\/\/www.nordicclimategroup.se\/kylmastarnadev\/om-oss\/om-nordic-climate-group\/","title":{"rendered":"Om Nordic Climate Group"},"content":{"rendered":"\t\t<div data-elementor-type=\"wp-page\" data-elementor-id=\"11088\" class=\"elementor elementor-11088\" data-elementor-post-type=\"page\">\n\t\t\t\t<section class=\"elementor-element elementor-element-9a8747b e-flex e-con-boxed e-con e-child\" data-id=\"9a8747b\" data-element_type=\"container\" data-settings=\"{&quot;background_background&quot;:&quot;classic&quot;}\">\n\t\t\t\t\t<div class=\"e-con-inner\">\n\t\t<div class=\"elementor-element elementor-element-4549c2c e-con-full e-flex e-con e-child\" data-id=\"4549c2c\" data-element_type=\"container\">\n\t\t\t\t<div class=\"elementor-element elementor-element-9de1648 elementor-widget__width-initial elementor-widget elementor-widget-heading\" data-id=\"9de1648\" data-element_type=\"widget\" data-widget_type=\"heading.default\">\n\t\t\t\t<div class=\"elementor-widget-container\">\n\t\t\t\t\t<h1 class=\"elementor-heading-title elementor-size-default\">Om Nordic Climate Group<\/h1>\t\t\t\t<\/div>\n\t\t\t\t<\/div>\n\t\t\t\t<\/div>\n\t\t\t\t\t<\/div>\n\t\t\t\t<\/section>\n\t\t<div class=\"elementor-element elementor-element-3db6c1f e-flex e-con-boxed e-con e-parent\" data-id=\"3db6c1f\" data-element_type=\"container\">\n\t\t\t\t\t<div class=\"e-con-inner\">\n\t\t\t\t<div class=\"elementor-element elementor-element-a309a2e elementor-widget elementor-widget-global elementor-global-10455 elementor-widget-breadcrumbs\" data-id=\"a309a2e\" data-element_type=\"widget\" data-widget_type=\"breadcrumbs.default\">\n\t\t\t\t<div class=\"elementor-widget-container\">\n\t\t\t\t\t<p id=\"breadcrumbs\"><\/p>\t\t\t\t<\/div>\n\t\t\t\t<\/div>\n\t\t\t\t\t<\/div>\n\t\t\t\t<\/div>\n\t\t<section class=\"elementor-element elementor-element-53597ca e-flex e-con-boxed e-con e-parent\" data-id=\"53597ca\" data-element_type=\"container\">\n\t\t\t\t\t<div class=\"e-con-inner\">\n\t\t<div class=\"elementor-element elementor-element-5380428 e-con-full elementor-hidden-tablet elementor-hidden-mobile e-flex e-con e-child\" data-id=\"5380428\" data-element_type=\"container\" data-settings=\"{&quot;sticky_offset&quot;:170,&quot;sticky_parent&quot;:&quot;yes&quot;,&quot;sticky_on&quot;:[&quot;desktop&quot;],&quot;sticky&quot;:&quot;top&quot;,&quot;sticky_effects_offset&quot;:0,&quot;sticky_anchor_link_offset&quot;:0}\">\n\t\t\t\t<\/div>\n\t\t<section class=\"elementor-element elementor-element-08231ef e-con-full e-flex e-con e-child\" data-id=\"08231ef\" data-element_type=\"container\">\n\t\t<div class=\"elementor-element elementor-element-b781632 e-con-full e-flex e-con e-child\" data-id=\"b781632\" data-element_type=\"container\">\n\t\t\t\t<div class=\"elementor-element elementor-element-2460573 elementor-widget elementor-widget-heading\" data-id=\"2460573\" data-element_type=\"widget\" data-widget_type=\"heading.default\">\n\t\t\t\t<div class=\"elementor-widget-container\">\n\t\t\t\t\t<h2 class=\"elementor-heading-title elementor-size-default\">Vi \u00e4r en del av Nordic Climate Group<\/h2>\t\t\t\t<\/div>\n\t\t\t\t<\/div>\n\t\t\t\t<div class=\"elementor-element elementor-element-77fcf1c elementor-widget elementor-widget-text-editor\" data-id=\"77fcf1c\" data-element_type=\"widget\" data-widget_type=\"text-editor.default\">\n\t\t\t\t<div class=\"elementor-widget-container\">\n\t\t\t\t\t\t\t\t\t<p>Dahlmans kylteknik \u00e4r en del av Nordic Climate Group som \u00e4r en ledande akt\u00f6r inom energieffektiva kyl- och v\u00e4rmeinstallationer. Koncernen best\u00e5r av lokala kylf\u00f6retag i Sverige, Norge, Finland, Danmark och Nederl\u00e4nderna med m\u00e5nga engagerade medarbetare.<\/p><p>Som en del av Nordic Climate Group kombinerar vi p\u00e5 Dahlmans kylteknik v\u00e5r starka lokala f\u00f6rankring och personliga engagemang med gruppens gemensamma kompetens, resurser och h\u00e5llbarhetsfokus. Tillsammans tar vi ett helhetsansvar hela v\u00e4gen fr\u00e5n id\u00e9, projektering och installation till service och underh\u00e5ll.<\/p><p>Vi delar visionen om att vara den sj\u00e4lvklara f\u00f6rebilden inom h\u00e5llbara klimatl\u00f6sningar och arbetar aktivt f\u00f6r att leverera l\u00f6sningar som sparar energi och minskar milj\u00f6p\u00e5verkan \u2013 alltid med samma lokala n\u00e4rvaro och service du \u00e4r van vid.<\/p><p>Nordic Climate Group grundades 2021 och \u00e4gs gemensamt av lokala <br \/>entrepren\u00f6rer, medarbetare och Altor Fund V.<\/p>\t\t\t\t\t\t\t\t<\/div>\n\t\t\t\t<\/div>\n\t\t\t\t<div class=\"elementor-element elementor-element-0447d3f elementor-align-left elementor-widget-mobile__width-auto elementor-widget__width-auto elementor-widget elementor-widget-global elementor-global-11282 elementor-widget-button\" data-id=\"0447d3f\" data-element_type=\"widget\" data-widget_type=\"button.default\">\n\t\t\t\t<div class=\"elementor-widget-container\">\n\t\t\t\t\t\t\t\t\t<div class=\"elementor-button-wrapper\">\n\t\t\t\t\t<a class=\"elementor-button elementor-button-link elementor-size-sm\" href=\"https:\/\/www.nordicclimategroup.se\/\" target=\"_blank\">\n\t\t\t\t\t\t<span class=\"elementor-button-content-wrapper\">\n\t\t\t\t\t\t<span class=\"elementor-button-icon\">\n\t\t\t\t\t\t\t<\/span>\n\t\t\t\t\t\t\t\t\t<span class=\"elementor-button-text\">L\u00e4s mer p\u00e5 nordicclimategroup.se<\/span>\n\t\t\t\t\t<\/span>\n\t\t\t\t\t<\/a>\n\t\t\t\t<\/div>\n\t\t\t\t\t\t\t\t<\/div>\n\t\t\t\t<\/div>\n\t\t\t\t<\/div>\n\t\t\t\t<\/section>\n\t\t\t\t\t<\/div>\n\t\t\t\t<\/section>\n\t\t<div class=\"elementor-element elementor-element-e4a8404 e-flex e-con-boxed e-con e-parent\" data-id=\"e4a8404\" data-element_type=\"container\">\n\t\t\t\t\t<div class=\"e-con-inner\">\n\t\t\t\t<div class=\"elementor-element elementor-element-fcb2c42 elementor-widget-divider--view-line elementor-invisible elementor-widget elementor-widget-global elementor-global-8042 elementor-widget-divider\" data-id=\"fcb2c42\" data-element_type=\"widget\" data-settings=\"{&quot;_animation&quot;:&quot;zoomInRight&quot;}\" data-widget_type=\"divider.default\">\n\t\t\t\t<div class=\"elementor-widget-container\">\n\t\t\t\t\t\t\t<div class=\"elementor-divider\">\n\t\t\t<span class=\"elementor-divider-separator\">\n\t\t\t\t\t\t<\/span>\n\t\t<\/div>\n\t\t\t\t\t\t<\/div>\n\t\t\t\t<\/div>\n\t\t\t\t\t<\/div>\n\t\t\t\t<\/div>\n\t\t<section class=\"elementor-element elementor-element-5fa1787 e-flex e-con-boxed e-con e-parent\" data-id=\"5fa1787\" data-element_type=\"container\">\n\t\t\t\t\t<div class=\"e-con-inner\">\n\t\t\t\t<div class=\"elementor-element elementor-element-569bcb8 elementor-widget elementor-widget-heading\" data-id=\"569bcb8\" data-element_type=\"widget\" data-widget_type=\"heading.default\">\n\t\t\t\t<div class=\"elementor-widget-container\">\n\t\t\t\t\t<h2 class=\"elementor-heading-title elementor-size-default\">Du kanske \u00e4r intresserad av<\/h2>\t\t\t\t<\/div>\n\t\t\t\t<\/div>\n\t\t<div class=\"elementor-element elementor-element-9384b33 e-con-full e-grid boxar e-con e-child\" data-id=\"9384b33\" data-element_type=\"container\">\n\t\t<a class=\"elementor-element elementor-element-fafc187 e-con-full e-flex e-con e-child\" data-id=\"fafc187\" data-element_type=\"container\" href=\"https:\/\/www.nordicclimategroup.se\/kylmastarnadev\/nyheter\/\">\n\t\t\t\t<div class=\"elementor-element elementor-element-17dae8f elementor-widget__width-inherit elementor-widget elementor-widget-image\" data-id=\"17dae8f\" data-element_type=\"widget\" data-widget_type=\"image.default\">\n\t\t\t\t<div class=\"elementor-widget-container\">\n\t\t\t\t\t\t\t\t\t\t\t\t\t\t\t<img decoding=\"async\" src=\"https:\/\/www.nordicclimategroup.se\/dotterbolag-2\/wp-content\/uploads\/sites\/4\/2025\/04\/NCG_KUNDCASE_19.jpg\" title=\"\" alt=\"St\u00e5lbyggnad och himmel\" loading=\"lazy\" \/>\t\t\t\t\t\t\t\t\t\t\t\t\t\t\t<\/div>\n\t\t\t\t<\/div>\n\t\t<div class=\"elementor-element elementor-element-404b6b5 e-con-full e-flex e-con e-child\" data-id=\"404b6b5\" data-element_type=\"container\">\n\t\t\t\t<div class=\"elementor-element elementor-element-0b5b80b elementor-widget__width-inherit elementor-widget elementor-widget-heading\" data-id=\"0b5b80b\" data-element_type=\"widget\" data-widget_type=\"heading.default\">\n\t\t\t\t<div class=\"elementor-widget-container\">\n\t\t\t\t\t<h3 class=\"elementor-heading-title elementor-size-default\">Nyheter<\/h3>\t\t\t\t<\/div>\n\t\t\t\t<\/div>\n\t\t\t\t<div class=\"elementor-element elementor-element-8fade18 elementor-widget__width-inherit elementor-widget elementor-widget-text-editor\" data-id=\"8fade18\" data-element_type=\"widget\" data-widget_type=\"text-editor.default\">\n\t\t\t\t<div class=\"elementor-widget-container\">\n\t\t\t\t\t\t\t\t\tL\u00e4s det senaste fr\u00e5n oss och koncernen\t\t\t\t\t\t\t\t<\/div>\n\t\t\t\t<\/div>\n\t\t\t\t<\/div>\n\t\t\t\t<\/a>\n\t\t<a class=\"elementor-element elementor-element-b9d7427 e-con-full e-flex e-con e-child\" data-id=\"b9d7427\" data-element_type=\"container\" href=\"https:\/\/www.nordicclimategroup.se\/kylmastarnadev\/verksamhetsomraden\/\">\n\t\t\t\t<div class=\"elementor-element elementor-element-1a98a65 elementor-widget__width-inherit elementor-widget elementor-widget-image\" data-id=\"1a98a65\" data-element_type=\"widget\" data-widget_type=\"image.default\">\n\t\t\t\t<div class=\"elementor-widget-container\">\n\t\t\t\t\t\t\t\t\t\t\t\t\t\t\t<img decoding=\"async\" src=\"https:\/\/www.nordicclimategroup.se\/dotterbolag-2\/wp-content\/uploads\/2025\/04\/NCG_HALLBARHET_6.jpg\" title=\"\" alt=\"En man och en kvinna som jobbar inom kyltj\u00e4nst\" loading=\"lazy\" \/>\t\t\t\t\t\t\t\t\t\t\t\t\t\t\t<\/div>\n\t\t\t\t<\/div>\n\t\t<div class=\"elementor-element elementor-element-8d2dbe5 e-con-full e-flex e-con e-child\" data-id=\"8d2dbe5\" data-element_type=\"container\">\n\t\t\t\t<div class=\"elementor-element elementor-element-a3aa8e6 elementor-widget__width-inherit elementor-widget elementor-widget-heading\" data-id=\"a3aa8e6\" data-element_type=\"widget\" data-widget_type=\"heading.default\">\n\t\t\t\t<div class=\"elementor-widget-container\">\n\t\t\t\t\t<h3 class=\"elementor-heading-title elementor-size-default\">V\u00e5ra verksamhetsomr\u00e5den<\/h3>\t\t\t\t<\/div>\n\t\t\t\t<\/div>\n\t\t\t\t<div class=\"elementor-element elementor-element-b2e0373 elementor-widget__width-inherit elementor-widget elementor-widget-text-editor\" data-id=\"b2e0373\" data-element_type=\"widget\" data-widget_type=\"text-editor.default\">\n\t\t\t\t<div class=\"elementor-widget-container\">\n\t\t\t\t\t\t\t\t\tVi hj\u00e4lper dig i alla t\u00e4nkbara milj\u00f6er\t\t\t\t\t\t\t\t<\/div>\n\t\t\t\t<\/div>\n\t\t\t\t<\/div>\n\t\t\t\t<\/a>\n\t\t<a class=\"elementor-element elementor-element-55a94c8 e-con-full e-flex e-con e-child\" data-id=\"55a94c8\" data-element_type=\"container\" href=\"https:\/\/www.nordicclimategroup.se\/kylmastarnadev\/kontakt\/\">\n\t\t\t\t<div class=\"elementor-element elementor-element-a89a8c9 elementor-widget__width-inherit elementor-widget elementor-widget-image\" data-id=\"a89a8c9\" data-element_type=\"widget\" data-widget_type=\"image.default\">\n\t\t\t\t<div class=\"elementor-widget-container\">\n\t\t\t\t\t\t\t\t\t\t\t\t\t\t\t<img decoding=\"async\" src=\"https:\/\/www.nordicclimategroup.se\/dotterbolag-2\/wp-content\/uploads\/sites\/4\/2025\/04\/NCG_PERSONER_6.jpg\" title=\"\" alt=\"Tv\u00e5 m\u00e4n med ryggen mot kameran\" loading=\"lazy\" \/>\t\t\t\t\t\t\t\t\t\t\t\t\t\t\t<\/div>\n\t\t\t\t<\/div>\n\t\t<div class=\"elementor-element elementor-element-32ee3f9 e-con-full e-flex e-con e-child\" data-id=\"32ee3f9\" data-element_type=\"container\">\n\t\t\t\t<div class=\"elementor-element elementor-element-7141b1d elementor-widget__width-inherit elementor-widget elementor-widget-heading\" data-id=\"7141b1d\" data-element_type=\"widget\" data-widget_type=\"heading.default\">\n\t\t\t\t<div class=\"elementor-widget-container\">\n\t\t\t\t\t<h3 class=\"elementor-heading-title elementor-size-default\">Kontakt<\/h3>\t\t\t\t<\/div>\n\t\t\t\t<\/div>\n\t\t\t\t<div class=\"elementor-element elementor-element-b86c37f elementor-widget__width-inherit elementor-widget elementor-widget-text-editor\" data-id=\"b86c37f\" data-element_type=\"widget\" data-widget_type=\"text-editor.default\">\n\t\t\t\t<div class=\"elementor-widget-container\">\n\t\t\t\t\t\t\t\t\tKontakter &#8211; f\u00f6r l\u00e5ngsiktigt samarbete \t\t\t\t\t\t\t\t<\/div>\n\t\t\t\t<\/div>\n\t\t\t\t<\/div>\n\t\t\t\t<\/a>\n\t\t\t\t<\/div>\n\t\t\t\t\t<\/div>\n\t\t\t\t<\/section>\n\t\t\t\t<\/div>\n\t\t","protected":false},"excerpt":{"rendered":"<p>Om Nordic Climate Group Om oss Om Nordic Climate Group Nyheter Vi \u00e4r en del av Nordic Climate Group Dahlmans kylteknik \u00e4r en del av Nordic Climate Group som \u00e4r en ledande akt\u00f6r inom energieffektiva kyl- och v\u00e4rmeinstallationer. Koncernen best\u00e5r av lokala kylf\u00f6retag i Sverige, Norge, Finland, Danmark och Nederl\u00e4nderna med m\u00e5nga engagerade medarbetare. Som [&hellip;]<\/p>\n","protected":false},"author":1,"featured_media":0,"parent":4069,"menu_order":0,"comment_status":"closed","ping_status":"closed","template":"elementor_header_footer","meta":{"_acf_changed":false,"footnotes":""},"class_list":["post-11088","page","type-page","status-publish","hentry"],"acf":[],"yoast_head":"<!-- This site is optimized with the Yoast SEO plugin v25.4 - https:\/\/yoast.com\/wordpress\/plugins\/seo\/ -->\n<title>Om Nordic Climate Group | Dahlmans Kylteknik<\/title>\n<meta name=\"description\" content=\"Om Nordic Climate Group | Dahlmans Kylteknik |En del av NCG\" \/>\n<meta name=\"robots\" content=\"index, follow, max-snippet:-1, max-image-preview:large, max-video-preview:-1\" \/>\n<link rel=\"canonical\" href=\"https:\/\/www.nordicclimategroup.se\/kylmastarnadev\/om-oss\/om-nordic-climate-group\/\" \/>\n<meta property=\"og:locale\" content=\"sv_SE\" \/>\n<meta property=\"og:type\" content=\"article\" \/>\n<meta property=\"og:title\" content=\"Om Nordic Climate Group | Dahlmans Kylteknik\" \/>\n<meta property=\"og:description\" content=\"Om Nordic Climate Group | Dahlmans Kylteknik |En del av NCG\" \/>\n<meta property=\"og:url\" content=\"https:\/\/www.nordicclimategroup.se\/kylmastarnadev\/om-oss\/om-nordic-climate-group\/\" \/>\n<meta property=\"og:site_name\" content=\"Dahlmans Kylteknik\" \/>\n<meta property=\"article:modified_time\" content=\"2025-04-28T15:12:11+00:00\" \/>\n<meta property=\"og:image\" content=\"https:\/\/www.nordicclimategroup.se\/dahlmans-kylteknik\/wp-content\/uploads\/sites\/33\/2025\/04\/NCG_KUNDCASE_19.jpg\" \/>\n<meta name=\"twitter:card\" content=\"summary_large_image\" \/>\n<meta name=\"twitter:label1\" content=\"Ber\u00e4knad l\u00e4stid\" \/>\n\t<meta name=\"twitter:data1\" content=\"2 minuter\" \/>\n<script type=\"application\/ld+json\" class=\"yoast-schema-graph\">{\"@context\":\"https:\/\/schema.org\",\"@graph\":[{\"@type\":\"WebPage\",\"@id\":\"https:\/\/www.nordicclimategroup.se\/kylmastarnadev\/om-oss\/om-nordic-climate-group\/\",\"url\":\"https:\/\/www.nordicclimategroup.se\/kylmastarnadev\/om-oss\/om-nordic-climate-group\/\",\"name\":\"Om Nordic Climate Group | Dahlmans Kylteknik\",\"isPartOf\":{\"@id\":\"https:\/\/www.nordicclimategroup.se\/kylmastarnadev\/#website\"},\"primaryImageOfPage\":{\"@id\":\"https:\/\/www.nordicclimategroup.se\/kylmastarnadev\/om-oss\/om-nordic-climate-group\/#primaryimage\"},\"image\":{\"@id\":\"https:\/\/www.nordicclimategroup.se\/kylmastarnadev\/om-oss\/om-nordic-climate-group\/#primaryimage\"},\"thumbnailUrl\":\"https:\/\/www.nordicclimategroup.se\/dahlmans-kylteknik\/wp-content\/uploads\/sites\/33\/2025\/04\/NCG_KUNDCASE_19.jpg\",\"datePublished\":\"2025-04-24T09:01:26+00:00\",\"dateModified\":\"2025-04-28T15:12:11+00:00\",\"description\":\"Om Nordic Climate Group | Dahlmans Kylteknik |En del av NCG\",\"breadcrumb\":{\"@id\":\"https:\/\/www.nordicclimategroup.se\/kylmastarnadev\/om-oss\/om-nordic-climate-group\/#breadcrumb\"},\"inLanguage\":\"sv-SE\",\"potentialAction\":[{\"@type\":\"ReadAction\",\"target\":[\"https:\/\/www.nordicclimategroup.se\/kylmastarnadev\/om-oss\/om-nordic-climate-group\/\"]}]},{\"@type\":\"ImageObject\",\"inLanguage\":\"sv-SE\",\"@id\":\"https:\/\/www.nordicclimategroup.se\/kylmastarnadev\/om-oss\/om-nordic-climate-group\/#primaryimage\",\"url\":\"https:\/\/www.nordicclimategroup.se\/dahlmans-kylteknik\/wp-content\/uploads\/sites\/33\/2025\/04\/NCG_KUNDCASE_19.jpg\",\"contentUrl\":\"https:\/\/www.nordicclimategroup.se\/dahlmans-kylteknik\/wp-content\/uploads\/sites\/33\/2025\/04\/NCG_KUNDCASE_19.jpg\"},{\"@type\":\"BreadcrumbList\",\"@id\":\"https:\/\/www.nordicclimategroup.se\/kylmastarnadev\/om-oss\/om-nordic-climate-group\/#breadcrumb\",\"itemListElement\":[{\"@type\":\"ListItem\",\"position\":1,\"name\":\"Om oss\",\"item\":\"https:\/\/www.nordicclimategroup.se\/kylmastarnadev\/om-oss\/\"},{\"@type\":\"ListItem\",\"position\":2,\"name\":\"Om Nordic Climate Group\"}]},{\"@type\":\"WebSite\",\"@id\":\"https:\/\/www.nordicclimategroup.se\/kylmastarnadev\/#website\",\"url\":\"https:\/\/www.nordicclimategroup.se\/kylmastarnadev\/\",\"name\":\"Dahlmans Kylteknik\",\"description\":\"En del av NCG\",\"publisher\":{\"@id\":\"https:\/\/www.nordicclimategroup.se\/kylmastarnadev\/#organization\"},\"potentialAction\":[{\"@type\":\"SearchAction\",\"target\":{\"@type\":\"EntryPoint\",\"urlTemplate\":\"https:\/\/www.nordicclimategroup.se\/kylmastarnadev\/?s={search_term_string}\"},\"query-input\":{\"@type\":\"PropertyValueSpecification\",\"valueRequired\":true,\"valueName\":\"search_term_string\"}}],\"inLanguage\":\"sv-SE\"},{\"@type\":\"Organization\",\"@id\":\"https:\/\/www.nordicclimategroup.se\/kylmastarnadev\/#organization\",\"name\":\"Dahlmans Kylteknik\",\"url\":\"https:\/\/www.nordicclimategroup.se\/kylmastarnadev\/\",\"logo\":{\"@type\":\"ImageObject\",\"inLanguage\":\"sv-SE\",\"@id\":\"https:\/\/www.nordicclimategroup.se\/kylmastarnadev\/#\/schema\/logo\/image\/\",\"url\":\"https:\/\/www.nordicclimategroup.se\/kylmastarnadev\/wp-content\/uploads\/sites\/33\/2024\/02\/kylmaestarna_rgb.svg\",\"contentUrl\":\"https:\/\/www.nordicclimategroup.se\/kylmastarnadev\/wp-content\/uploads\/sites\/33\/2024\/02\/kylmaestarna_rgb.svg\",\"width\":1260,\"height\":226,\"caption\":\"Dahlmans Kylteknik\"},\"image\":{\"@id\":\"https:\/\/www.nordicclimategroup.se\/kylmastarnadev\/#\/schema\/logo\/image\/\"}}]}<\/script>\n<!-- \/ Yoast SEO plugin. -->","yoast_head_json":{"title":"Om Nordic Climate Group | Dahlmans Kylteknik","description":"Om Nordic Climate Group | Dahlmans Kylteknik |En del av NCG","robots":{"index":"index","follow":"follow","max-snippet":"max-snippet:-1","max-image-preview":"max-image-preview:large","max-video-preview":"max-video-preview:-1"},"canonical":"https:\/\/www.nordicclimategroup.se\/kylmastarnadev\/om-oss\/om-nordic-climate-group\/","og_locale":"sv_SE","og_type":"article","og_title":"Om Nordic Climate Group | Dahlmans Kylteknik","og_description":"Om Nordic Climate Group | Dahlmans Kylteknik |En del av NCG","og_url":"https:\/\/www.nordicclimategroup.se\/kylmastarnadev\/om-oss\/om-nordic-climate-group\/","og_site_name":"Dahlmans Kylteknik","article_modified_time":"2025-04-28T15:12:11+00:00","og_image":[{"url":"https:\/\/www.nordicclimategroup.se\/dahlmans-kylteknik\/wp-content\/uploads\/sites\/33\/2025\/04\/NCG_KUNDCASE_19.jpg","type":"","width":"","height":""}],"twitter_card":"summary_large_image","twitter_misc":{"Ber\u00e4knad l\u00e4stid":"2 minuter"},"schema":{"@context":"https:\/\/schema.org","@graph":[{"@type":"WebPage","@id":"https:\/\/www.nordicclimategroup.se\/kylmastarnadev\/om-oss\/om-nordic-climate-group\/","url":"https:\/\/www.nordicclimategroup.se\/kylmastarnadev\/om-oss\/om-nordic-climate-group\/","name":"Om Nordic Climate Group | Dahlmans Kylteknik","isPartOf":{"@id":"https:\/\/www.nordicclimategroup.se\/kylmastarnadev\/#website"},"primaryImageOfPage":{"@id":"https:\/\/www.nordicclimategroup.se\/kylmastarnadev\/om-oss\/om-nordic-climate-group\/#primaryimage"},"image":{"@id":"https:\/\/www.nordicclimategroup.se\/kylmastarnadev\/om-oss\/om-nordic-climate-group\/#primaryimage"},"thumbnailUrl":"https:\/\/www.nordicclimategroup.se\/dahlmans-kylteknik\/wp-content\/uploads\/sites\/33\/2025\/04\/NCG_KUNDCASE_19.jpg","datePublished":"2025-04-24T09:01:26+00:00","dateModified":"2025-04-28T15:12:11+00:00","description":"Om Nordic Climate Group | Dahlmans Kylteknik |En del av NCG","breadcrumb":{"@id":"https:\/\/www.nordicclimategroup.se\/kylmastarnadev\/om-oss\/om-nordic-climate-group\/#breadcrumb"},"inLanguage":"sv-SE","potentialAction":[{"@type":"ReadAction","target":["https:\/\/www.nordicclimategroup.se\/kylmastarnadev\/om-oss\/om-nordic-climate-group\/"]}]},{"@type":"ImageObject","inLanguage":"sv-SE","@id":"https:\/\/www.nordicclimategroup.se\/kylmastarnadev\/om-oss\/om-nordic-climate-group\/#primaryimage","url":"https:\/\/www.nordicclimategroup.se\/dahlmans-kylteknik\/wp-content\/uploads\/sites\/33\/2025\/04\/NCG_KUNDCASE_19.jpg","contentUrl":"https:\/\/www.nordicclimategroup.se\/dahlmans-kylteknik\/wp-content\/uploads\/sites\/33\/2025\/04\/NCG_KUNDCASE_19.jpg"},{"@type":"BreadcrumbList","@id":"https:\/\/www.nordicclimategroup.se\/kylmastarnadev\/om-oss\/om-nordic-climate-group\/#breadcrumb","itemListElement":[{"@type":"ListItem","position":1,"name":"Om oss","item":"https:\/\/www.nordicclimategroup.se\/kylmastarnadev\/om-oss\/"},{"@type":"ListItem","position":2,"name":"Om Nordic Climate Group"}]},{"@type":"WebSite","@id":"https:\/\/www.nordicclimategroup.se\/kylmastarnadev\/#website","url":"https:\/\/www.nordicclimategroup.se\/kylmastarnadev\/","name":"Dahlmans Kylteknik","description":"En del av NCG","publisher":{"@id":"https:\/\/www.nordicclimategroup.se\/kylmastarnadev\/#organization"},"potentialAction":[{"@type":"SearchAction","target":{"@type":"EntryPoint","urlTemplate":"https:\/\/www.nordicclimategroup.se\/kylmastarnadev\/?s={search_term_string}"},"query-input":{"@type":"PropertyValueSpecification","valueRequired":true,"valueName":"search_term_string"}}],"inLanguage":"sv-SE"},{"@type":"Organization","@id":"https:\/\/www.nordicclimategroup.se\/kylmastarnadev\/#organization","name":"Dahlmans Kylteknik","url":"https:\/\/www.nordicclimategroup.se\/kylmastarnadev\/","logo":{"@type":"ImageObject","inLanguage":"sv-SE","@id":"https:\/\/www.nordicclimategroup.se\/kylmastarnadev\/#\/schema\/logo\/image\/","url":"https:\/\/www.nordicclimategroup.se\/kylmastarnadev\/wp-content\/uploads\/sites\/33\/2024\/02\/kylmaestarna_rgb.svg","contentUrl":"https:\/\/www.nordicclimategroup.se\/kylmastarnadev\/wp-content\/uploads\/sites\/33\/2024\/02\/kylmaestarna_rgb.svg","width":1260,"height":226,"caption":"Dahlmans Kylteknik"},"image":{"@id":"https:\/\/www.nordicclimategroup.se\/kylmastarnadev\/#\/schema\/logo\/image\/"}}]}},"_links":{"self":[{"href":"https:\/\/www.nordicclimategroup.se\/kylmastarnadev\/wp-json\/wp\/v2\/pages\/11088","targetHints":{"allow":["GET"]}}],"collection":[{"href":"https:\/\/www.nordicclimategroup.se\/kylmastarnadev\/wp-json\/wp\/v2\/pages"}],"about":[{"href":"https:\/\/www.nordicclimategroup.se\/kylmastarnadev\/wp-json\/wp\/v2\/types\/page"}],"author":[{"embeddable":true,"href":"https:\/\/www.nordicclimategroup.se\/kylmastarnadev\/wp-json\/wp\/v2\/users\/1"}],"replies":[{"embeddable":true,"href":"https:\/\/www.nordicclimategroup.se\/kylmastarnadev\/wp-json\/wp\/v2\/comments?post=11088"}],"version-history":[{"count":22,"href":"https:\/\/www.nordicclimategroup.se\/kylmastarnadev\/wp-json\/wp\/v2\/pages\/11088\/revisions"}],"predecessor-version":[{"id":11290,"href":"https:\/\/www.nordicclimategroup.se\/kylmastarnadev\/wp-json\/wp\/v2\/pages\/11088\/revisions\/11290"}],"up":[{"embeddable":true,"href":"https:\/\/www.nordicclimategroup.se\/kylmastarnadev\/wp-json\/wp\/v2\/pages\/4069"}],"wp:attachment":[{"href":"https:\/\/www.nordicclimategroup.se\/kylmastarnadev\/wp-json\/wp\/v2\/media?parent=11088"}],"curies":[{"name":"wp","href":"https:\/\/api.w.org\/{rel}","templated":true}]}}