{"id":10639,"date":"2025-04-22T08:45:20","date_gmt":"2025-04-22T08:45:20","guid":{"rendered":"https:\/\/www.nordicclimategroup.se\/dotterbolag-2\/?page_id=10639"},"modified":"2025-12-09T16:00:59","modified_gmt":"2025-12-09T16:00:59","slug":"serverrumskyla","status":"publish","type":"page","link":"https:\/\/www.nordicclimategroup.se\/kylmastarnadev\/verksamhetsomraden\/serverrumskyla\/","title":{"rendered":"Serverrumskyla"},"content":{"rendered":"\t\t<div data-elementor-type=\"wp-page\" data-elementor-id=\"10639\" class=\"elementor elementor-10639\" data-elementor-post-type=\"page\">\n\t\t\t\t<section class=\"elementor-element elementor-element-e3d2898 e-flex e-con-boxed e-con e-child\" data-id=\"e3d2898\" data-element_type=\"container\" data-settings=\"{&quot;background_background&quot;:&quot;classic&quot;}\">\n\t\t\t\t\t<div class=\"e-con-inner\">\n\t\t<div class=\"elementor-element elementor-element-4b61b27 e-con-full e-flex e-con e-child\" data-id=\"4b61b27\" data-element_type=\"container\">\n\t\t\t\t<div class=\"elementor-element elementor-element-6bdc0f8 elementor-widget__width-initial elementor-widget elementor-widget-heading\" data-id=\"6bdc0f8\" data-element_type=\"widget\" data-widget_type=\"heading.default\">\n\t\t\t\t<div class=\"elementor-widget-container\">\n\t\t\t\t\t<h1 class=\"elementor-heading-title elementor-size-default\">Serverrumskyla<\/h1>\t\t\t\t<\/div>\n\t\t\t\t<\/div>\n\t\t\t\t<\/div>\n\t\t\t\t\t<\/div>\n\t\t\t\t<\/section>\n\t\t<div class=\"elementor-element elementor-element-c459df5 e-flex e-con-boxed e-con e-parent\" data-id=\"c459df5\" data-element_type=\"container\">\n\t\t\t\t\t<div class=\"e-con-inner\">\n\t\t\t\t<div class=\"elementor-element elementor-element-e146cc9 elementor-widget elementor-widget-global elementor-global-10455 elementor-widget-breadcrumbs\" data-id=\"e146cc9\" data-element_type=\"widget\" data-widget_type=\"breadcrumbs.default\">\n\t\t\t\t<div class=\"elementor-widget-container\">\n\t\t\t\t\t<p id=\"breadcrumbs\"><\/p>\t\t\t\t<\/div>\n\t\t\t\t<\/div>\n\t\t\t\t\t<\/div>\n\t\t\t\t<\/div>\n\t\t<section class=\"elementor-element elementor-element-2ee0c28 e-flex e-con-boxed e-con e-parent\" data-id=\"2ee0c28\" data-element_type=\"container\">\n\t\t\t\t\t<div class=\"e-con-inner\">\n\t\t<div class=\"elementor-element elementor-element-2369e18 e-con-full elementor-hidden-tablet elementor-hidden-mobile e-flex e-con e-child\" data-id=\"2369e18\" data-element_type=\"container\" data-settings=\"{&quot;sticky_offset&quot;:170,&quot;sticky_parent&quot;:&quot;yes&quot;,&quot;sticky_on&quot;:[&quot;desktop&quot;],&quot;sticky&quot;:&quot;top&quot;,&quot;sticky_effects_offset&quot;:0,&quot;sticky_anchor_link_offset&quot;:0}\">\n\t\t\t\t<div class=\"elementor-element elementor-element-c5ee88f elementor-align-left elementor-widget-mobile__width-auto elementor-widget elementor-widget-button\" data-id=\"c5ee88f\" data-element_type=\"widget\" data-widget_type=\"button.default\">\n\t\t\t\t<div class=\"elementor-widget-container\">\n\t\t\t\t\t\t\t\t\t<div class=\"elementor-button-wrapper\">\n\t\t\t\t\t<a class=\"elementor-button elementor-button-link elementor-size-sm\" href=\"https:\/\/www.nordicclimategroup.se\/kylmastarnadev\/kontakt\/\">\n\t\t\t\t\t\t<span class=\"elementor-button-content-wrapper\">\n\t\t\t\t\t\t\t\t\t<span class=\"elementor-button-text\">Kontakta oss<\/span>\n\t\t\t\t\t<\/span>\n\t\t\t\t\t<\/a>\n\t\t\t\t<\/div>\n\t\t\t\t\t\t\t\t<\/div>\n\t\t\t\t<\/div>\n\t\t\t\t<\/div>\n\t\t<div class=\"elementor-element elementor-element-ca316ef e-con-full e-flex e-con e-child\" data-id=\"ca316ef\" data-element_type=\"container\">\n\t\t\t\t<div class=\"elementor-element elementor-element-54e8311 elementor-widget__width-inherit elementor-widget elementor-widget-heading\" data-id=\"54e8311\" data-element_type=\"widget\" data-widget_type=\"heading.default\">\n\t\t\t\t<div class=\"elementor-widget-container\">\n\t\t\t\t\t<h2 class=\"elementor-heading-title elementor-size-default\">Kyl- och v\u00e4rmel\u00f6sningar f\u00f6r villor<\/h2>\t\t\t\t<\/div>\n\t\t\t\t<\/div>\n\t\t<div class=\"elementor-element elementor-element-79ed99c e-con-full e-flex e-con e-child\" data-id=\"79ed99c\" data-element_type=\"container\">\n\t\t\t\t<div class=\"elementor-element elementor-element-2751881 elementor-widget elementor-widget-text-editor\" data-id=\"2751881\" data-element_type=\"widget\" data-widget_type=\"text-editor.default\">\n\t\t\t\t<div class=\"elementor-widget-container\">\n\t\t\t\t\t\t\t\t\t<p>Vi hj\u00e4lper villa\u00e4gare att skapa ett behagligt inomhusklimat med energieffektiva v\u00e4rmepumpar och kyll\u00f6sningar. Med r\u00e4tt system f\u00e5r du l\u00e4gre energikostnader, \u00f6kad komfort och ett mer h\u00e5llbart hem \u2013 \u00e5ret om.<\/p>\t\t\t\t\t\t\t\t<\/div>\n\t\t\t\t<\/div>\n\t\t\t\t<div class=\"elementor-element elementor-element-652e420 dragspel elementor-widget elementor-widget-n-accordion\" data-id=\"652e420\" data-element_type=\"widget\" data-settings=\"{&quot;n_accordion_animation_duration&quot;:{&quot;unit&quot;:&quot;ms&quot;,&quot;size&quot;:300,&quot;sizes&quot;:[]},&quot;default_state&quot;:&quot;all_collapsed&quot;,&quot;max_items_expended&quot;:&quot;one&quot;}\" data-widget_type=\"nested-accordion.default\">\n\t\t\t\t<div class=\"elementor-widget-container\">\n\t\t\t\t\t\t\t<div class=\"e-n-accordion\" aria-label=\"Accordion. Open links with Enter or Space, close with Escape, and navigate with Arrow Keys\">\n\t\t\t\t\t\t<details id=\"e-n-accordion-item-1060\" class=\"e-n-accordion-item\" >\n\t\t\t\t<summary class=\"e-n-accordion-item-title\" data-accordion-index=\"1\" tabindex=\"0\" aria-expanded=\"false\" aria-controls=\"e-n-accordion-item-1060\" >\n\t\t\t\t\t<span class='e-n-accordion-item-title-header'><h3 class=\"e-n-accordion-item-title-text\"> Komfortkyla  <\/h3><\/span>\n\t\t\t\t\t\t\t<span class='e-n-accordion-item-title-icon'>\n\t\t\t<span class='e-opened' ><\/span>\n\t\t\t<span class='e-closed'><\/span>\n\t\t<\/span>\n\n\t\t\t\t\t\t<\/summary>\n\t\t\t\t<div role=\"region\" aria-labelledby=\"e-n-accordion-item-1060\" class=\"elementor-element elementor-element-b8530a7 e-con-full e-flex e-con e-child\" data-id=\"b8530a7\" data-element_type=\"container\">\n\t\t\t\t<div class=\"elementor-element elementor-element-a734df8 elementor-widget elementor-widget-text-editor\" data-id=\"a734df8\" data-element_type=\"widget\" data-widget_type=\"text-editor.default\">\n\t\t\t\t<div class=\"elementor-widget-container\">\n\t\t\t\t\t\t\t\t\t<p>Varmt och kallt d\u00e4r du sj\u00e4lv vill ha det s\u00e5<\/p><p>Komfortkyla kan f\u00f6rklaras som den kyla som anv\u00e4nds f\u00f6r att f\u00e5 bort v\u00e4rme\u00f6verskott fr\u00e5n byggnader f\u00f6r att h\u00e5lla r\u00e4tt inomhustemperatur. Vid planerad installation av komfortkyla utreder vi \u00e4ven alltid alternativa \u00e5tg\u00e4rder. Exempel p\u00e5 alternativa \u00e5tg\u00e4rder kan vara solskydd f\u00f6r f\u00f6nster eller \u00e5tg\u00e4rder f\u00f6r energiavgivande processer genom avskiljning, isolering och separat ventilation.<\/p><p>Betydelsen av r\u00e4tt komfortkyla<\/p><p>R\u00e4tt komfortkyla i en anl\u00e4ggning har m\u00e5nga f\u00f6rdelar. Att kunna reglera temperaturen vet vi \u00e4r viktigt och det m\u00e4rker vi inte minst i v\u00e5ra kroppar som skickar tydliga signaler p\u00e5 att n\u00e5got inte st\u00e4mmer i samband med exempelvis f\u00f6r h\u00f6g temperatur. H\u00f6ga temperaturer medf\u00f6r att luften k\u00e4nns tung och v\u00e4rmen kan g\u00f6ra att du blir tr\u00f6tt och arbetar s\u00e4mre.<\/p><p>N\u00e4r vi g\u00e5r igenom vilka l\u00f6sningar som passar din fastighet kontrollerar vi \u00e4ven om vi kan anv\u00e4nda samma aggregat till att v\u00e4rma upp fastigheten under vinterhalv\u00e5ret. Precis som v\u00e4rme kan kyla vara p\u00e5frestande f\u00f6r arbetsmilj\u00f6n.<span class=\"Apple-converted-space\">\u00a0<\/span><\/p><p>Vi s\u00e4kerst\u00e4ller att du har r\u00e4tt temperatur vid r\u00e4tt tillf\u00e4lle.<span class=\"Apple-converted-space\">\u00a0<\/span><\/p>\t\t\t\t\t\t\t\t<\/div>\n\t\t\t\t<\/div>\n\t\t\t\t<\/div>\n\t\t\t\t\t<\/details>\n\t\t\t\t\t\t<details id=\"e-n-accordion-item-1061\" class=\"e-n-accordion-item\" >\n\t\t\t\t<summary class=\"e-n-accordion-item-title\" data-accordion-index=\"2\" tabindex=\"-1\" aria-expanded=\"false\" aria-controls=\"e-n-accordion-item-1061\" >\n\t\t\t\t\t<span class='e-n-accordion-item-title-header'><h3 class=\"e-n-accordion-item-title-text\"> V\u00e4rmepumpar <\/h3><\/span>\n\t\t\t\t\t\t\t<span class='e-n-accordion-item-title-icon'>\n\t\t\t<span class='e-opened' ><\/span>\n\t\t\t<span class='e-closed'><\/span>\n\t\t<\/span>\n\n\t\t\t\t\t\t<\/summary>\n\t\t\t\t<div role=\"region\" aria-labelledby=\"e-n-accordion-item-1061\" class=\"elementor-element elementor-element-26cbd3a e-con-full e-flex e-con e-child\" data-id=\"26cbd3a\" data-element_type=\"container\">\n\t\t\t\t<div class=\"elementor-element elementor-element-6cfc0ca elementor-widget elementor-widget-text-editor\" data-id=\"6cfc0ca\" data-element_type=\"widget\" data-widget_type=\"text-editor.default\">\n\t\t\t\t<div class=\"elementor-widget-container\">\n\t\t\t\t\t\t\t\t\t<p>V\u00e4rmepumpar \u2013 smart v\u00e4rme f\u00f6r ditt hem<\/p><p>V\u00e4rmepumpar \u00e4r ett energieffektivt och milj\u00f6v\u00e4nligt s\u00e4tt att v\u00e4rma upp din villa. Med r\u00e4tt l\u00f6sning kan du b\u00e5de s\u00e4nka dina uppv\u00e4rmningskostnader och f\u00e5 ett behagligt inomhusklimat \u00e5ret runt.<\/p><p>Vi hj\u00e4lper dig att v\u00e4lja, installera och underh\u00e5lla v\u00e4rmepumpen som passar just ditt hem och dina behov. Oavsett om du \u00e4r ute efter luft-luft, luft-vatten eller fr\u00e5nluftsv\u00e4rmepump erbjuder vi trygg v\u00e4gledning och professionell installation.<\/p><p>Vill du veta mer om vad som passar b\u00e4st i ditt hus? H\u00f6r av dig \u2013 vi hj\u00e4lper dig hela v\u00e4gen fr\u00e5n val till f\u00e4rdig l\u00f6sning.<\/p>\t\t\t\t\t\t\t\t<\/div>\n\t\t\t\t<\/div>\n\t\t\t\t<\/div>\n\t\t\t\t\t<\/details>\n\t\t\t\t\t\t<details id=\"e-n-accordion-item-1062\" class=\"e-n-accordion-item\" >\n\t\t\t\t<summary class=\"e-n-accordion-item-title\" data-accordion-index=\"3\" tabindex=\"-1\" aria-expanded=\"false\" aria-controls=\"e-n-accordion-item-1062\" >\n\t\t\t\t\t<span class='e-n-accordion-item-title-header'><h3 class=\"e-n-accordion-item-title-text\"> Service &amp; servicavtal <\/h3><\/span>\n\t\t\t\t\t\t\t<span class='e-n-accordion-item-title-icon'>\n\t\t\t<span class='e-opened' ><\/span>\n\t\t\t<span class='e-closed'><\/span>\n\t\t<\/span>\n\n\t\t\t\t\t\t<\/summary>\n\t\t\t\t<div role=\"region\" aria-labelledby=\"e-n-accordion-item-1062\" class=\"elementor-element elementor-element-3bdf80c e-con-full e-flex e-con e-child\" data-id=\"3bdf80c\" data-element_type=\"container\">\n\t\t\t\t<div class=\"elementor-element elementor-element-6b5f9a2 elementor-widget elementor-widget-text-editor\" data-id=\"6b5f9a2\" data-element_type=\"widget\" data-widget_type=\"text-editor.default\">\n\t\t\t\t<div class=\"elementor-widget-container\">\n\t\t\t\t\t\t\t\t\t<p>Service och underh\u00e5ll av din v\u00e4rmepump \u2013 f\u00f6r trygg och effektiv drift<\/p><p>F\u00f6r att din v\u00e4rmepump ska fungera effektivt, h\u00e5lla l\u00e4ngre och ge maximal besparing \u00e4r regelbunden service en viktig investering. Med r\u00e4tt underh\u00e5ll minskar risken f\u00f6r driftstopp och du s\u00e4kerst\u00e4ller att pumpen jobbar s\u00e5 energieffektivt som m\u00f6jligt \u2013 \u00e5ret om.<\/p><p>Vi hj\u00e4lper dig med professionell service och ser till att din v\u00e4rmepump \u00e4r i toppskick. L\u00e5t oss ta hand om underh\u00e5llet, s\u00e5 att du kan njuta av ett bekv\u00e4mt och tryggt inomhusklimat, utan bekymmer.<\/p>\t\t\t\t\t\t\t\t<\/div>\n\t\t\t\t<\/div>\n\t\t\t\t<\/div>\n\t\t\t\t\t<\/details>\n\t\t\t\t\t<\/div>\n\t\t\t\t\t\t<\/div>\n\t\t\t\t<\/div>\n\t\t\t\t<\/div>\n\t\t\t\t<\/div>\n\t\t\t\t\t<\/div>\n\t\t\t\t<\/section>\n\t\t<div class=\"elementor-element elementor-element-9c8b58b e-flex e-con-boxed e-con e-parent\" data-id=\"9c8b58b\" data-element_type=\"container\">\n\t\t\t\t\t<div class=\"e-con-inner\">\n\t\t\t\t<div class=\"elementor-element elementor-element-b99c97f elementor-widget-divider--view-line elementor-invisible elementor-widget elementor-widget-global elementor-global-8042 elementor-widget-divider\" data-id=\"b99c97f\" data-element_type=\"widget\" data-settings=\"{&quot;_animation&quot;:&quot;zoomInRight&quot;}\" data-widget_type=\"divider.default\">\n\t\t\t\t<div class=\"elementor-widget-container\">\n\t\t\t\t\t\t\t<div class=\"elementor-divider\">\n\t\t\t<span class=\"elementor-divider-separator\">\n\t\t\t\t\t\t<\/span>\n\t\t<\/div>\n\t\t\t\t\t\t<\/div>\n\t\t\t\t<\/div>\n\t\t\t\t\t<\/div>\n\t\t\t\t<\/div>\n\t\t<section class=\"elementor-element elementor-element-2306f8c e-flex e-con-boxed e-con e-parent\" data-id=\"2306f8c\" data-element_type=\"container\" data-settings=\"{&quot;background_background&quot;:&quot;classic&quot;}\">\n\t\t\t\t\t<div class=\"e-con-inner\">\n\t\t<div class=\"elementor-element elementor-element-726649e e-con-full e-flex e-con e-child\" data-id=\"726649e\" data-element_type=\"container\" data-settings=\"{&quot;background_background&quot;:&quot;classic&quot;}\">\n\t\t\t\t<\/div>\n\t\t<div class=\"elementor-element elementor-element-05ca56a e-con-full e-flex e-con e-child\" data-id=\"05ca56a\" data-element_type=\"container\">\n\t\t\t\t<div class=\"elementor-element elementor-element-022326e elementor-widget elementor-widget-heading\" data-id=\"022326e\" data-element_type=\"widget\" data-widget_type=\"heading.default\">\n\t\t\t\t<div class=\"elementor-widget-container\">\n\t\t\t\t\t<h2 class=\"elementor-heading-title elementor-size-default\">Vi hj\u00e4lper dig med r\u00e4tt l\u00f6sning<\/h2>\t\t\t\t<\/div>\n\t\t\t\t<\/div>\n\t\t\t\t<div class=\"elementor-element elementor-element-e20a58c elementor-widget elementor-widget-text-editor\" data-id=\"e20a58c\" data-element_type=\"widget\" data-widget_type=\"text-editor.default\">\n\t\t\t\t<div class=\"elementor-widget-container\">\n\t\t\t\t\t\t\t\t\tHar du fr\u00e5gor, funderingar eller beh\u00f6ver du hj\u00e4lp? Vi finns h\u00e4r f\u00f6r dig. Tveka inte att h\u00f6ra av dig.\t\t\t\t\t\t\t\t<\/div>\n\t\t\t\t<\/div>\n\t\t\t\t<div class=\"elementor-element elementor-element-c9413fe elementor-align-left elementor-widget-mobile__width-auto elementor-widget elementor-widget-button\" data-id=\"c9413fe\" data-element_type=\"widget\" data-widget_type=\"button.default\">\n\t\t\t\t<div class=\"elementor-widget-container\">\n\t\t\t\t\t\t\t\t\t<div class=\"elementor-button-wrapper\">\n\t\t\t\t\t<a class=\"elementor-button elementor-button-link elementor-size-sm\" href=\"https:\/\/www.nordicclimategroup.se\/kylmastarnadev\/kontakt\/\">\n\t\t\t\t\t\t<span class=\"elementor-button-content-wrapper\">\n\t\t\t\t\t\t\t\t\t<span class=\"elementor-button-text\">Kontakta oss<\/span>\n\t\t\t\t\t<\/span>\n\t\t\t\t\t<\/a>\n\t\t\t\t<\/div>\n\t\t\t\t\t\t\t\t<\/div>\n\t\t\t\t<\/div>\n\t\t\t\t<\/div>\n\t\t\t\t\t<\/div>\n\t\t\t\t<\/section>\n\t\t\t\t<\/div>\n\t\t","protected":false},"excerpt":{"rendered":"<p>Serverrumskyla Kontakta oss Kyl- och v\u00e4rmel\u00f6sningar f\u00f6r villor Vi hj\u00e4lper villa\u00e4gare att skapa ett behagligt inomhusklimat med energieffektiva v\u00e4rmepumpar och kyll\u00f6sningar. Med r\u00e4tt system f\u00e5r du l\u00e4gre energikostnader, \u00f6kad komfort och ett mer h\u00e5llbart hem \u2013 \u00e5ret om. Komfortkyla Varmt och kallt d\u00e4r du sj\u00e4lv vill ha det s\u00e5 Komfortkyla kan f\u00f6rklaras som den kyla [&hellip;]<\/p>\n","protected":false},"author":1,"featured_media":0,"parent":4573,"menu_order":0,"comment_status":"closed","ping_status":"closed","template":"elementor_header_footer","meta":{"_acf_changed":false,"footnotes":""},"class_list":["post-10639","page","type-page","status-publish","hentry"],"acf":[],"yoast_head":"<!-- This site is optimized with the Yoast SEO plugin v25.4 - https:\/\/yoast.com\/wordpress\/plugins\/seo\/ -->\n<title>Serverrumskyla | Dahlmans Kylteknik<\/title>\n<meta name=\"description\" content=\"Serverrumskyla | Dahlmans Kylteknik | En del av NCG\" \/>\n<meta name=\"robots\" content=\"index, follow, max-snippet:-1, max-image-preview:large, max-video-preview:-1\" \/>\n<link rel=\"canonical\" href=\"https:\/\/www.nordicclimategroup.se\/kylmastarnadev\/verksamhetsomraden\/serverrumskyla\/\" \/>\n<meta property=\"og:locale\" content=\"sv_SE\" \/>\n<meta property=\"og:type\" content=\"article\" \/>\n<meta property=\"og:title\" content=\"Serverrumskyla | Dahlmans Kylteknik\" \/>\n<meta property=\"og:description\" content=\"Serverrumskyla | Dahlmans Kylteknik | En del av NCG\" \/>\n<meta property=\"og:url\" content=\"https:\/\/www.nordicclimategroup.se\/kylmastarnadev\/verksamhetsomraden\/serverrumskyla\/\" \/>\n<meta property=\"og:site_name\" content=\"Dahlmans Kylteknik\" \/>\n<meta property=\"article:modified_time\" content=\"2025-12-09T16:00:59+00:00\" \/>\n<meta name=\"twitter:card\" content=\"summary_large_image\" \/>\n<meta name=\"twitter:label1\" content=\"Ber\u00e4knad l\u00e4stid\" \/>\n\t<meta name=\"twitter:data1\" content=\"4 minuter\" \/>\n<script type=\"application\/ld+json\" class=\"yoast-schema-graph\">{\"@context\":\"https:\/\/schema.org\",\"@graph\":[{\"@type\":\"WebPage\",\"@id\":\"https:\/\/www.nordicclimategroup.se\/kylmastarnadev\/verksamhetsomraden\/serverrumskyla\/\",\"url\":\"https:\/\/www.nordicclimategroup.se\/kylmastarnadev\/verksamhetsomraden\/serverrumskyla\/\",\"name\":\"Serverrumskyla | Dahlmans Kylteknik\",\"isPartOf\":{\"@id\":\"https:\/\/www.nordicclimategroup.se\/kylmastarnadev\/#website\"},\"datePublished\":\"2025-04-22T08:45:20+00:00\",\"dateModified\":\"2025-12-09T16:00:59+00:00\",\"description\":\"Serverrumskyla | Dahlmans Kylteknik | En del av NCG\",\"breadcrumb\":{\"@id\":\"https:\/\/www.nordicclimategroup.se\/kylmastarnadev\/verksamhetsomraden\/serverrumskyla\/#breadcrumb\"},\"inLanguage\":\"sv-SE\",\"potentialAction\":[{\"@type\":\"ReadAction\",\"target\":[\"https:\/\/www.nordicclimategroup.se\/kylmastarnadev\/verksamhetsomraden\/serverrumskyla\/\"]}]},{\"@type\":\"BreadcrumbList\",\"@id\":\"https:\/\/www.nordicclimategroup.se\/kylmastarnadev\/verksamhetsomraden\/serverrumskyla\/#breadcrumb\",\"itemListElement\":[{\"@type\":\"ListItem\",\"position\":1,\"name\":\"Verksamhetsomr\u00e5den\",\"item\":\"https:\/\/www.nordicclimategroup.se\/kylmastarnadev\/verksamhetsomraden\/\"},{\"@type\":\"ListItem\",\"position\":2,\"name\":\"Serverrumskyla\"}]},{\"@type\":\"WebSite\",\"@id\":\"https:\/\/www.nordicclimategroup.se\/kylmastarnadev\/#website\",\"url\":\"https:\/\/www.nordicclimategroup.se\/kylmastarnadev\/\",\"name\":\"Dahlmans Kylteknik\",\"description\":\"En del av NCG\",\"publisher\":{\"@id\":\"https:\/\/www.nordicclimategroup.se\/kylmastarnadev\/#organization\"},\"potentialAction\":[{\"@type\":\"SearchAction\",\"target\":{\"@type\":\"EntryPoint\",\"urlTemplate\":\"https:\/\/www.nordicclimategroup.se\/kylmastarnadev\/?s={search_term_string}\"},\"query-input\":{\"@type\":\"PropertyValueSpecification\",\"valueRequired\":true,\"valueName\":\"search_term_string\"}}],\"inLanguage\":\"sv-SE\"},{\"@type\":\"Organization\",\"@id\":\"https:\/\/www.nordicclimategroup.se\/kylmastarnadev\/#organization\",\"name\":\"Dahlmans Kylteknik\",\"url\":\"https:\/\/www.nordicclimategroup.se\/kylmastarnadev\/\",\"logo\":{\"@type\":\"ImageObject\",\"inLanguage\":\"sv-SE\",\"@id\":\"https:\/\/www.nordicclimategroup.se\/kylmastarnadev\/#\/schema\/logo\/image\/\",\"url\":\"https:\/\/www.nordicclimategroup.se\/kylmastarnadev\/wp-content\/uploads\/sites\/33\/2024\/02\/kylmaestarna_rgb.svg\",\"contentUrl\":\"https:\/\/www.nordicclimategroup.se\/kylmastarnadev\/wp-content\/uploads\/sites\/33\/2024\/02\/kylmaestarna_rgb.svg\",\"width\":1260,\"height\":226,\"caption\":\"Dahlmans Kylteknik\"},\"image\":{\"@id\":\"https:\/\/www.nordicclimategroup.se\/kylmastarnadev\/#\/schema\/logo\/image\/\"}}]}<\/script>\n<!-- \/ Yoast SEO plugin. -->","yoast_head_json":{"title":"Serverrumskyla | Dahlmans Kylteknik","description":"Serverrumskyla | Dahlmans Kylteknik | En del av NCG","robots":{"index":"index","follow":"follow","max-snippet":"max-snippet:-1","max-image-preview":"max-image-preview:large","max-video-preview":"max-video-preview:-1"},"canonical":"https:\/\/www.nordicclimategroup.se\/kylmastarnadev\/verksamhetsomraden\/serverrumskyla\/","og_locale":"sv_SE","og_type":"article","og_title":"Serverrumskyla | Dahlmans Kylteknik","og_description":"Serverrumskyla | Dahlmans Kylteknik | En del av NCG","og_url":"https:\/\/www.nordicclimategroup.se\/kylmastarnadev\/verksamhetsomraden\/serverrumskyla\/","og_site_name":"Dahlmans Kylteknik","article_modified_time":"2025-12-09T16:00:59+00:00","twitter_card":"summary_large_image","twitter_misc":{"Ber\u00e4knad l\u00e4stid":"4 minuter"},"schema":{"@context":"https:\/\/schema.org","@graph":[{"@type":"WebPage","@id":"https:\/\/www.nordicclimategroup.se\/kylmastarnadev\/verksamhetsomraden\/serverrumskyla\/","url":"https:\/\/www.nordicclimategroup.se\/kylmastarnadev\/verksamhetsomraden\/serverrumskyla\/","name":"Serverrumskyla | Dahlmans Kylteknik","isPartOf":{"@id":"https:\/\/www.nordicclimategroup.se\/kylmastarnadev\/#website"},"datePublished":"2025-04-22T08:45:20+00:00","dateModified":"2025-12-09T16:00:59+00:00","description":"Serverrumskyla | Dahlmans Kylteknik | En del av NCG","breadcrumb":{"@id":"https:\/\/www.nordicclimategroup.se\/kylmastarnadev\/verksamhetsomraden\/serverrumskyla\/#breadcrumb"},"inLanguage":"sv-SE","potentialAction":[{"@type":"ReadAction","target":["https:\/\/www.nordicclimategroup.se\/kylmastarnadev\/verksamhetsomraden\/serverrumskyla\/"]}]},{"@type":"BreadcrumbList","@id":"https:\/\/www.nordicclimategroup.se\/kylmastarnadev\/verksamhetsomraden\/serverrumskyla\/#breadcrumb","itemListElement":[{"@type":"ListItem","position":1,"name":"Verksamhetsomr\u00e5den","item":"https:\/\/www.nordicclimategroup.se\/kylmastarnadev\/verksamhetsomraden\/"},{"@type":"ListItem","position":2,"name":"Serverrumskyla"}]},{"@type":"WebSite","@id":"https:\/\/www.nordicclimategroup.se\/kylmastarnadev\/#website","url":"https:\/\/www.nordicclimategroup.se\/kylmastarnadev\/","name":"Dahlmans Kylteknik","description":"En del av NCG","publisher":{"@id":"https:\/\/www.nordicclimategroup.se\/kylmastarnadev\/#organization"},"potentialAction":[{"@type":"SearchAction","target":{"@type":"EntryPoint","urlTemplate":"https:\/\/www.nordicclimategroup.se\/kylmastarnadev\/?s={search_term_string}"},"query-input":{"@type":"PropertyValueSpecification","valueRequired":true,"valueName":"search_term_string"}}],"inLanguage":"sv-SE"},{"@type":"Organization","@id":"https:\/\/www.nordicclimategroup.se\/kylmastarnadev\/#organization","name":"Dahlmans Kylteknik","url":"https:\/\/www.nordicclimategroup.se\/kylmastarnadev\/","logo":{"@type":"ImageObject","inLanguage":"sv-SE","@id":"https:\/\/www.nordicclimategroup.se\/kylmastarnadev\/#\/schema\/logo\/image\/","url":"https:\/\/www.nordicclimategroup.se\/kylmastarnadev\/wp-content\/uploads\/sites\/33\/2024\/02\/kylmaestarna_rgb.svg","contentUrl":"https:\/\/www.nordicclimategroup.se\/kylmastarnadev\/wp-content\/uploads\/sites\/33\/2024\/02\/kylmaestarna_rgb.svg","width":1260,"height":226,"caption":"Dahlmans Kylteknik"},"image":{"@id":"https:\/\/www.nordicclimategroup.se\/kylmastarnadev\/#\/schema\/logo\/image\/"}}]}},"_links":{"self":[{"href":"https:\/\/www.nordicclimategroup.se\/kylmastarnadev\/wp-json\/wp\/v2\/pages\/10639","targetHints":{"allow":["GET"]}}],"collection":[{"href":"https:\/\/www.nordicclimategroup.se\/kylmastarnadev\/wp-json\/wp\/v2\/pages"}],"about":[{"href":"https:\/\/www.nordicclimategroup.se\/kylmastarnadev\/wp-json\/wp\/v2\/types\/page"}],"author":[{"embeddable":true,"href":"https:\/\/www.nordicclimategroup.se\/kylmastarnadev\/wp-json\/wp\/v2\/users\/1"}],"replies":[{"embeddable":true,"href":"https:\/\/www.nordicclimategroup.se\/kylmastarnadev\/wp-json\/wp\/v2\/comments?post=10639"}],"version-history":[{"count":5,"href":"https:\/\/www.nordicclimategroup.se\/kylmastarnadev\/wp-json\/wp\/v2\/pages\/10639\/revisions"}],"predecessor-version":[{"id":13081,"href":"https:\/\/www.nordicclimategroup.se\/kylmastarnadev\/wp-json\/wp\/v2\/pages\/10639\/revisions\/13081"}],"up":[{"embeddable":true,"href":"https:\/\/www.nordicclimategroup.se\/kylmastarnadev\/wp-json\/wp\/v2\/pages\/4573"}],"wp:attachment":[{"href":"https:\/\/www.nordicclimategroup.se\/kylmastarnadev\/wp-json\/wp\/v2\/media?parent=10639"}],"curies":[{"name":"wp","href":"https:\/\/api.w.org\/{rel}","templated":true}]}}