{"id":4501,"date":"2025-03-17T14:13:21","date_gmt":"2025-03-17T14:13:21","guid":{"rendered":"https:\/\/server03.blackpixel.se\/~designteamet\/?page_id=4501"},"modified":"2025-04-08T07:03:00","modified_gmt":"2025-04-08T07:03:00","slug":"kundcase","status":"publish","type":"page","link":"https:\/\/www.nordicclimategroup.se\/dotterbolag\/nyhetsrum\/kundcase\/","title":{"rendered":"Kundcase"},"content":{"rendered":"\t\t<div data-elementor-type=\"wp-page\" data-elementor-id=\"4501\" class=\"elementor elementor-4501\" data-elementor-post-type=\"page\">\n\t\t\t\t<section class=\"elementor-element elementor-element-5115f1cd e-flex e-con-boxed e-con e-child\" data-id=\"5115f1cd\" data-element_type=\"container\" data-settings=\"{&quot;background_background&quot;:&quot;classic&quot;}\">\n\t\t\t\t\t<div class=\"e-con-inner\">\n\t\t<div class=\"elementor-element elementor-element-927ebb3 e-con-full e-flex e-con e-child\" data-id=\"927ebb3\" data-element_type=\"container\">\n\t\t\t\t<div class=\"elementor-element elementor-element-1dae7ecb elementor-widget__width-initial elementor-widget elementor-widget-heading\" data-id=\"1dae7ecb\" data-element_type=\"widget\" data-widget_type=\"heading.default\">\n\t\t\t\t<div class=\"elementor-widget-container\">\n\t\t\t\t\t<h1 class=\"elementor-heading-title elementor-size-default\">Kundcase<\/h1>\t\t\t\t<\/div>\n\t\t\t\t<\/div>\n\t\t\t\t<\/div>\n\t\t\t\t\t<\/div>\n\t\t\t\t<\/section>\n\t\t<div class=\"elementor-element elementor-element-3a8d0e2 e-flex e-con-boxed e-con e-parent\" data-id=\"3a8d0e2\" data-element_type=\"container\">\n\t\t\t\t\t<div class=\"e-con-inner\">\n\t\t\t\t<div class=\"elementor-element elementor-element-8e24928 elementor-widget elementor-widget-breadcrumbs\" data-id=\"8e24928\" data-element_type=\"widget\" data-widget_type=\"breadcrumbs.default\">\n\t\t\t\t<div class=\"elementor-widget-container\">\n\t\t\t\t\t<p id=\"breadcrumbs\"><\/p>\t\t\t\t<\/div>\n\t\t\t\t<\/div>\n\t\t\t\t\t<\/div>\n\t\t\t\t<\/div>\n\t\t<section class=\"elementor-element elementor-element-442a6d82 e-flex e-con-boxed e-con e-parent\" data-id=\"442a6d82\" data-element_type=\"container\">\n\t\t\t\t\t<div class=\"e-con-inner\">\n\t\t<div class=\"elementor-element elementor-element-4256a68f e-con-full e-flex e-con e-child\" data-id=\"4256a68f\" data-element_type=\"container\">\n\t\t\t\t<\/div>\n\t\t<div class=\"elementor-element elementor-element-5895f4fc e-con-full boxar e-flex e-con e-child\" data-id=\"5895f4fc\" data-element_type=\"container\">\n\t\t<div class=\"elementor-element elementor-element-a65fb73 e-con-full e-grid e-con e-child\" data-id=\"a65fb73\" data-element_type=\"container\">\n\t\t\t\t<\/div>\n\t\t\t\t<div class=\"elementor-element elementor-element-474d0b8e elementor-widget__width-inherit elementor-grid-3 elementor-grid-tablet-2 elementor-grid-mobile-1 elementor-widget elementor-widget-loop-grid\" data-id=\"474d0b8e\" data-element_type=\"widget\" data-settings=\"{&quot;template_id&quot;:&quot;5137&quot;,&quot;row_gap&quot;:{&quot;unit&quot;:&quot;px&quot;,&quot;size&quot;:40,&quot;sizes&quot;:[]},&quot;columns&quot;:3,&quot;pagination_type&quot;:&quot;load_more_on_click&quot;,&quot;_skin&quot;:&quot;post&quot;,&quot;columns_tablet&quot;:&quot;2&quot;,&quot;columns_mobile&quot;:&quot;1&quot;,&quot;edit_handle_selector&quot;:&quot;[data-elementor-type=\\&quot;loop-item\\&quot;]&quot;,&quot;load_more_spinner&quot;:{&quot;value&quot;:&quot;fas fa-spinner&quot;,&quot;library&quot;:&quot;fa-solid&quot;},&quot;row_gap_tablet&quot;:{&quot;unit&quot;:&quot;px&quot;,&quot;size&quot;:&quot;&quot;,&quot;sizes&quot;:[]},&quot;row_gap_mobile&quot;:{&quot;unit&quot;:&quot;px&quot;,&quot;size&quot;:&quot;&quot;,&quot;sizes&quot;:[]}}\" data-widget_type=\"loop-grid.post\">\n\t\t\t\t<div class=\"elementor-widget-container\">\n\t\t\t\t\t\t\t<div class=\"elementor-loop-container elementor-grid\">\n\t\t<style id=\"loop-5137\">.elementor-5137 .elementor-element.elementor-element-26a4809{--display:flex;--flex-direction:column;--container-widget-width:calc( ( 1 - var( --container-widget-flex-grow ) ) * 100% );--container-widget-height:initial;--container-widget-flex-grow:0;--container-widget-align-self:initial;--flex-wrap-mobile:wrap;--align-items:flex-start;--gap:8px 16px;--row-gap:8px;--column-gap:16px;--background-transition:0.3s;--margin-top:0px;--margin-bottom:0px;--margin-left:0px;--margin-right:0px;--padding-top:0px;--padding-bottom:0px;--padding-left:0px;--padding-right:0px;}.elementor-widget-image .widget-image-caption{color:var( --e-global-color-text );font-family:var( --e-global-typography-text-font-family ), Sans-serif;font-weight:var( --e-global-typography-text-font-weight );}.elementor-5137 .elementor-element.elementor-element-9ff8db5{width:100%;max-width:100%;}.elementor-5137 .elementor-element.elementor-element-9ff8db5.elementor-element{--align-self:center;}.elementor-5137 .elementor-element.elementor-element-9ff8db5 img{width:100%;height:195px;object-fit:cover;object-position:center center;border-radius:4px 4px 4px 4px;}.elementor-5137 .elementor-element.elementor-element-87413e7{--display:flex;--gap:8px 8px;--row-gap:8px;--column-gap:8px;}.elementor-widget-post-info .elementor-icon-list-item:not(:last-child):after{border-color:var( --e-global-color-text );}.elementor-widget-post-info .elementor-icon-list-icon i{color:var( --e-global-color-primary );}.elementor-widget-post-info .elementor-icon-list-icon svg{fill:var( --e-global-color-primary );}.elementor-widget-post-info .elementor-icon-list-text, .elementor-widget-post-info .elementor-icon-list-text a{color:var( --e-global-color-secondary );}.elementor-widget-post-info .elementor-icon-list-item{font-family:var( --e-global-typography-text-font-family ), Sans-serif;font-weight:var( --e-global-typography-text-font-weight );}.elementor-5137 .elementor-element.elementor-element-45bf16e > .elementor-widget-container{background-color:var( --e-global-color-57297b6 );padding:2px 10px 2px 10px;border-radius:29px 29px 29px 29px;}.elementor-5137 .elementor-element.elementor-element-45bf16e.elementor-element{--align-self:flex-start;}.elementor-5137 .elementor-element.elementor-element-45bf16e .elementor-icon-list-icon{width:14px;}.elementor-5137 .elementor-element.elementor-element-45bf16e .elementor-icon-list-icon i{font-size:14px;}.elementor-5137 .elementor-element.elementor-element-45bf16e .elementor-icon-list-icon svg{--e-icon-list-icon-size:14px;}.elementor-5137 .elementor-element.elementor-element-45bf16e .elementor-icon-list-text, .elementor-5137 .elementor-element.elementor-element-45bf16e .elementor-icon-list-text a{color:var( --e-global-color-226f6db );}.elementor-5137 .elementor-element.elementor-element-45bf16e .elementor-icon-list-item{font-family:var( --e-global-typography-e6b82be-font-family ), Sans-serif;font-size:var( --e-global-typography-e6b82be-font-size );font-weight:var( --e-global-typography-e6b82be-font-weight );}.elementor-widget-divider{--divider-color:var( --e-global-color-secondary );}.elementor-widget-divider .elementor-divider__text{color:var( --e-global-color-secondary );font-family:var( --e-global-typography-secondary-font-family ), Sans-serif;font-weight:var( --e-global-typography-secondary-font-weight );}.elementor-widget-divider.elementor-view-stacked .elementor-icon{background-color:var( --e-global-color-secondary );}.elementor-widget-divider.elementor-view-framed .elementor-icon, .elementor-widget-divider.elementor-view-default .elementor-icon{color:var( --e-global-color-secondary );border-color:var( --e-global-color-secondary );}.elementor-widget-divider.elementor-view-framed .elementor-icon, .elementor-widget-divider.elementor-view-default .elementor-icon svg{fill:var( --e-global-color-secondary );}.elementor-5137 .elementor-element.elementor-element-24789e9{--divider-border-style:solid;--divider-color:var( --e-global-color-57297b6 );--divider-border-width:1px;}.elementor-5137 .elementor-element.elementor-element-24789e9 .elementor-divider-separator{width:100%;}.elementor-5137 .elementor-element.elementor-element-24789e9 .elementor-divider{padding-block-start:1px;padding-block-end:1px;}.elementor-widget-heading .elementor-heading-title{font-family:var( --e-global-typography-primary-font-family ), Sans-serif;font-weight:var( --e-global-typography-primary-font-weight );color:var( --e-global-color-primary );}.elementor-5137 .elementor-element.elementor-element-aea7879{width:100%;max-width:100%;}.elementor-5137 .elementor-element.elementor-element-aea7879 .elementor-heading-title{font-family:var( --e-global-typography-16b9abe-font-family ), Sans-serif;font-size:var( --e-global-typography-16b9abe-font-size );font-weight:var( --e-global-typography-16b9abe-font-weight );color:var( --e-global-color-226f6db );}.elementor-5137 .elementor-element.elementor-element-aea7879 .elementor-heading-title a:hover, .elementor-5137 .elementor-element.elementor-element-aea7879 .elementor-heading-title a:focus{color:#005D89;}@media(max-width:1024px){.elementor-5137 .elementor-element.elementor-element-45bf16e .elementor-icon-list-item{font-size:var( --e-global-typography-e6b82be-font-size );}.elementor-5137 .elementor-element.elementor-element-aea7879 .elementor-heading-title{font-size:var( --e-global-typography-16b9abe-font-size );}}@media(max-width:767px){.elementor-5137 .elementor-element.elementor-element-26a4809{--gap:16px 16px;--row-gap:16px;--column-gap:16px;}.elementor-5137 .elementor-element.elementor-element-9ff8db5 img{height:250px;}.elementor-5137 .elementor-element.elementor-element-45bf16e .elementor-icon-list-item{font-size:var( --e-global-typography-e6b82be-font-size );}.elementor-5137 .elementor-element.elementor-element-aea7879 .elementor-heading-title{font-size:var( --e-global-typography-16b9abe-font-size );}}<\/style>\t\t<div data-elementor-type=\"loop-item\" data-elementor-id=\"5137\" class=\"elementor elementor-5137 e-loop-item e-loop-item-5105 post-5105 kundcase type-kundcase status-publish has-post-thumbnail hentry kategorier-butik\" data-elementor-post-type=\"elementor_library\" data-custom-edit-handle=\"1\">\n\t\t\t<a class=\"elementor-element elementor-element-26a4809 e-con-full e-flex e-con e-child\" data-id=\"26a4809\" data-element_type=\"container\" href=\"https:\/\/www.nordicclimategroup.se\/dotterbolag\/nyhetsrum\/nyheter\/kundcase\/kundcase-2\/\">\n\t\t\t\t<div class=\"elementor-element elementor-element-9ff8db5 elementor-widget__width-inherit elementor-widget elementor-widget-image\" data-id=\"9ff8db5\" data-element_type=\"widget\" data-widget_type=\"image.default\">\n\t\t\t\t<div class=\"elementor-widget-container\">\n\t\t\t\t\t\t\t\t\t\t\t\t\t\t\t<img fetchpriority=\"high\" decoding=\"async\" width=\"2560\" height=\"1707\" src=\"https:\/\/www.nordicclimategroup.se\/dotterbolag\/wp-content\/uploads\/sites\/3\/2025\/03\/ncg_62-3-scaled.jpg\" class=\"attachment-full size-full wp-image-3463\" alt=\"Tv\u00e5 m\u00e4n som l\u00e4ser en instruktionsbok\" srcset=\"https:\/\/www.nordicclimategroup.se\/dotterbolag\/wp-content\/uploads\/sites\/3\/2025\/03\/ncg_62-3-scaled.jpg 2560w, https:\/\/www.nordicclimategroup.se\/dotterbolag\/wp-content\/uploads\/sites\/3\/2025\/03\/ncg_62-3-300x200.jpg 300w, https:\/\/www.nordicclimategroup.se\/dotterbolag\/wp-content\/uploads\/sites\/3\/2025\/03\/ncg_62-3-1024x683.jpg 1024w, https:\/\/www.nordicclimategroup.se\/dotterbolag\/wp-content\/uploads\/sites\/3\/2025\/03\/ncg_62-3-768x512.jpg 768w, https:\/\/www.nordicclimategroup.se\/dotterbolag\/wp-content\/uploads\/sites\/3\/2025\/03\/ncg_62-3-1536x1024.jpg 1536w, https:\/\/www.nordicclimategroup.se\/dotterbolag\/wp-content\/uploads\/sites\/3\/2025\/03\/ncg_62-3-2048x1365.jpg 2048w\" sizes=\"(max-width: 2560px) 100vw, 2560px\" \/>\t\t\t\t\t\t\t\t\t\t\t\t\t\t\t<\/div>\n\t\t\t\t<\/div>\n\t\t<div class=\"elementor-element elementor-element-87413e7 e-con-full e-flex e-con e-child\" data-id=\"87413e7\" data-element_type=\"container\">\n\t\t\t\t<div class=\"elementor-element elementor-element-45bf16e elementor-widget elementor-widget-post-info\" data-id=\"45bf16e\" data-element_type=\"widget\" data-widget_type=\"post-info.default\">\n\t\t\t\t<div class=\"elementor-widget-container\">\n\t\t\t\t\t\t\t<ul class=\"elementor-inline-items elementor-icon-list-items elementor-post-info\">\n\t\t\t\t\t\t\t\t<li class=\"elementor-icon-list-item elementor-repeater-item-b66cf48 elementor-inline-item\" itemprop=\"about\">\n\t\t\t\t\t\t\t\t\t\t\t\t\t<span class=\"elementor-icon-list-text elementor-post-info__item elementor-post-info__item--type-terms\">\n\t\t\t\t\t\t\t\t\t\t<span class=\"elementor-post-info__terms-list\">\n\t\t\t\t<span class=\"elementor-post-info__terms-list-item\">Butik<\/span>\t\t\t\t<\/span>\n\t\t\t\t\t<\/span>\n\t\t\t\t\t\t\t\t<\/li>\n\t\t\t\t<\/ul>\n\t\t\t\t\t\t<\/div>\n\t\t\t\t<\/div>\n\t\t\t\t<div class=\"elementor-element elementor-element-24789e9 elementor-widget-divider--view-line elementor-widget elementor-widget-divider\" data-id=\"24789e9\" data-element_type=\"widget\" data-widget_type=\"divider.default\">\n\t\t\t\t<div class=\"elementor-widget-container\">\n\t\t\t\t\t\t\t<div class=\"elementor-divider\">\n\t\t\t<span class=\"elementor-divider-separator\">\n\t\t\t\t\t\t<\/span>\n\t\t<\/div>\n\t\t\t\t\t\t<\/div>\n\t\t\t\t<\/div>\n\t\t\t\t<div class=\"elementor-element elementor-element-aea7879 elementor-widget__width-inherit elementor-widget elementor-widget-heading\" data-id=\"aea7879\" data-element_type=\"widget\" data-widget_type=\"heading.default\">\n\t\t\t\t<div class=\"elementor-widget-container\">\n\t\t\t\t\t<h3 class=\"elementor-heading-title elementor-size-default\">Kundcase 2<\/h3>\t\t\t\t<\/div>\n\t\t\t\t<\/div>\n\t\t\t\t<\/div>\n\t\t\t\t<\/a>\n\t\t\t\t<\/div>\n\t\t\t\t<div data-elementor-type=\"loop-item\" data-elementor-id=\"5137\" class=\"elementor elementor-5137 e-loop-item e-loop-item-5083 post-5083 kundcase type-kundcase status-publish has-post-thumbnail hentry kategorier-industri\" data-elementor-post-type=\"elementor_library\" data-custom-edit-handle=\"1\">\n\t\t\t<a class=\"elementor-element elementor-element-26a4809 e-con-full e-flex e-con e-child\" data-id=\"26a4809\" data-element_type=\"container\" href=\"https:\/\/www.nordicclimategroup.se\/dotterbolag\/nyhetsrum\/nyheter\/kundcase\/kundcase\/\">\n\t\t\t\t<div class=\"elementor-element elementor-element-9ff8db5 elementor-widget__width-inherit elementor-widget elementor-widget-image\" data-id=\"9ff8db5\" data-element_type=\"widget\" data-widget_type=\"image.default\">\n\t\t\t\t<div class=\"elementor-widget-container\">\n\t\t\t\t\t\t\t\t\t\t\t\t\t\t\t<img fetchpriority=\"high\" decoding=\"async\" width=\"2560\" height=\"1707\" src=\"https:\/\/www.nordicclimategroup.se\/dotterbolag\/wp-content\/uploads\/sites\/3\/2025\/03\/ncg_62-3-scaled.jpg\" class=\"attachment-full size-full wp-image-3463\" alt=\"Tv\u00e5 m\u00e4n som l\u00e4ser en instruktionsbok\" srcset=\"https:\/\/www.nordicclimategroup.se\/dotterbolag\/wp-content\/uploads\/sites\/3\/2025\/03\/ncg_62-3-scaled.jpg 2560w, https:\/\/www.nordicclimategroup.se\/dotterbolag\/wp-content\/uploads\/sites\/3\/2025\/03\/ncg_62-3-300x200.jpg 300w, https:\/\/www.nordicclimategroup.se\/dotterbolag\/wp-content\/uploads\/sites\/3\/2025\/03\/ncg_62-3-1024x683.jpg 1024w, https:\/\/www.nordicclimategroup.se\/dotterbolag\/wp-content\/uploads\/sites\/3\/2025\/03\/ncg_62-3-768x512.jpg 768w, https:\/\/www.nordicclimategroup.se\/dotterbolag\/wp-content\/uploads\/sites\/3\/2025\/03\/ncg_62-3-1536x1024.jpg 1536w, https:\/\/www.nordicclimategroup.se\/dotterbolag\/wp-content\/uploads\/sites\/3\/2025\/03\/ncg_62-3-2048x1365.jpg 2048w\" sizes=\"(max-width: 2560px) 100vw, 2560px\" \/>\t\t\t\t\t\t\t\t\t\t\t\t\t\t\t<\/div>\n\t\t\t\t<\/div>\n\t\t<div class=\"elementor-element elementor-element-87413e7 e-con-full e-flex e-con e-child\" data-id=\"87413e7\" data-element_type=\"container\">\n\t\t\t\t<div class=\"elementor-element elementor-element-45bf16e elementor-widget elementor-widget-post-info\" data-id=\"45bf16e\" data-element_type=\"widget\" data-widget_type=\"post-info.default\">\n\t\t\t\t<div class=\"elementor-widget-container\">\n\t\t\t\t\t\t\t<ul class=\"elementor-inline-items elementor-icon-list-items elementor-post-info\">\n\t\t\t\t\t\t\t\t<li class=\"elementor-icon-list-item elementor-repeater-item-b66cf48 elementor-inline-item\" itemprop=\"about\">\n\t\t\t\t\t\t\t\t\t\t\t\t\t<span class=\"elementor-icon-list-text elementor-post-info__item elementor-post-info__item--type-terms\">\n\t\t\t\t\t\t\t\t\t\t<span class=\"elementor-post-info__terms-list\">\n\t\t\t\t<span class=\"elementor-post-info__terms-list-item\">Industri<\/span>\t\t\t\t<\/span>\n\t\t\t\t\t<\/span>\n\t\t\t\t\t\t\t\t<\/li>\n\t\t\t\t<\/ul>\n\t\t\t\t\t\t<\/div>\n\t\t\t\t<\/div>\n\t\t\t\t<div class=\"elementor-element elementor-element-24789e9 elementor-widget-divider--view-line elementor-widget elementor-widget-divider\" data-id=\"24789e9\" data-element_type=\"widget\" data-widget_type=\"divider.default\">\n\t\t\t\t<div class=\"elementor-widget-container\">\n\t\t\t\t\t\t\t<div class=\"elementor-divider\">\n\t\t\t<span class=\"elementor-divider-separator\">\n\t\t\t\t\t\t<\/span>\n\t\t<\/div>\n\t\t\t\t\t\t<\/div>\n\t\t\t\t<\/div>\n\t\t\t\t<div class=\"elementor-element elementor-element-aea7879 elementor-widget__width-inherit elementor-widget elementor-widget-heading\" data-id=\"aea7879\" data-element_type=\"widget\" data-widget_type=\"heading.default\">\n\t\t\t\t<div class=\"elementor-widget-container\">\n\t\t\t\t\t<h3 class=\"elementor-heading-title elementor-size-default\">Kundcase<\/h3>\t\t\t\t<\/div>\n\t\t\t\t<\/div>\n\t\t\t\t<\/div>\n\t\t\t\t<\/a>\n\t\t\t\t<\/div>\n\t\t\t\t<\/div>\n\t\t\t\t\t<span class=\"e-load-more-spinner\">\n\t\t\t\t<svg aria-hidden=\"true\" class=\"e-font-icon-svg e-fas-spinner\" viewBox=\"0 0 512 512\" xmlns=\"http:\/\/www.w3.org\/2000\/svg\"><path d=\"M304 48c0 26.51-21.49 48-48 48s-48-21.49-48-48 21.49-48 48-48 48 21.49 48 48zm-48 368c-26.51 0-48 21.49-48 48s21.49 48 48 48 48-21.49 48-48-21.49-48-48-48zm208-208c-26.51 0-48 21.49-48 48s21.49 48 48 48 48-21.49 48-48-21.49-48-48-48zM96 256c0-26.51-21.49-48-48-48S0 229.49 0 256s21.49 48 48 48 48-21.49 48-48zm12.922 99.078c-26.51 0-48 21.49-48 48s21.49 48 48 48 48-21.49 48-48c0-26.509-21.491-48-48-48zm294.156 0c-26.51 0-48 21.49-48 48s21.49 48 48 48 48-21.49 48-48c0-26.509-21.49-48-48-48zM108.922 60.922c-26.51 0-48 21.49-48 48s21.49 48 48 48 48-21.49 48-48-21.491-48-48-48z\"><\/path><\/svg>\t\t\t<\/span>\n\t\t\n\t\t\t\t\t\t<\/div>\n\t\t\t\t<\/div>\n\t\t\t\t<\/div>\n\t\t\t\t\t<\/div>\n\t\t\t\t<\/section>\n\t\t\t\t<\/div>\n\t\t","protected":false},"excerpt":{"rendered":"<p>Kundcase Nyhetsrum Nyheter Kundcase Typ av nyhet Visa alltButik<\/p>\n","protected":false},"author":1,"featured_media":0,"parent":3990,"menu_order":0,"comment_status":"closed","ping_status":"closed","template":"","meta":{"_acf_changed":false,"footnotes":""},"class_list":["post-4501","page","type-page","status-publish","hentry"],"acf":[],"yoast_head":"<!-- This site is optimized with the Yoast SEO plugin v25.4 - https:\/\/yoast.com\/wordpress\/plugins\/seo\/ -->\n<title>Kundcase - Dotterbolag<\/title>\n<meta name=\"robots\" content=\"noindex, follow, max-snippet:-1, max-image-preview:large, max-video-preview:-1\" \/>\n<meta property=\"og:locale\" content=\"sv_SE\" \/>\n<meta property=\"og:type\" content=\"article\" \/>\n<meta property=\"og:title\" content=\"Kundcase - Dotterbolag\" \/>\n<meta property=\"og:description\" content=\"Kundcase Nyhetsrum Nyheter Kundcase Typ av nyhet Visa alltButik\" \/>\n<meta property=\"og:url\" content=\"https:\/\/www.nordicclimategroup.se\/dotterbolag\/nyhetsrum\/kundcase\/\" \/>\n<meta property=\"og:site_name\" content=\"Dotterbolag\" \/>\n<meta property=\"article:modified_time\" content=\"2025-04-08T07:03:00+00:00\" \/>\n<meta name=\"twitter:card\" content=\"summary_large_image\" \/>\n<meta name=\"twitter:label1\" content=\"Ber\u00e4knad l\u00e4stid\" \/>\n\t<meta name=\"twitter:data1\" content=\"1 minut\" \/>\n<script type=\"application\/ld+json\" class=\"yoast-schema-graph\">{\"@context\":\"https:\/\/schema.org\",\"@graph\":[{\"@type\":\"WebPage\",\"@id\":\"https:\/\/www.nordicclimategroup.se\/dotterbolag\/nyhetsrum\/kundcase\/\",\"url\":\"https:\/\/www.nordicclimategroup.se\/dotterbolag\/nyhetsrum\/kundcase\/\",\"name\":\"Kundcase - Dotterbolag\",\"isPartOf\":{\"@id\":\"https:\/\/www.nordicclimategroup.se\/dotterbolag\/#website\"},\"datePublished\":\"2025-03-17T14:13:21+00:00\",\"dateModified\":\"2025-04-08T07:03:00+00:00\",\"breadcrumb\":{\"@id\":\"https:\/\/www.nordicclimategroup.se\/dotterbolag\/nyhetsrum\/kundcase\/#breadcrumb\"},\"inLanguage\":\"sv-SE\",\"potentialAction\":[{\"@type\":\"ReadAction\",\"target\":[\"https:\/\/www.nordicclimategroup.se\/dotterbolag\/nyhetsrum\/kundcase\/\"]}]},{\"@type\":\"BreadcrumbList\",\"@id\":\"https:\/\/www.nordicclimategroup.se\/dotterbolag\/nyhetsrum\/kundcase\/#breadcrumb\",\"itemListElement\":[{\"@type\":\"ListItem\",\"position\":1,\"name\":\"Nyhetsrum\",\"item\":\"https:\/\/www.nordicclimategroup.se\/dotterbolag\/nyhetsrum\/\"},{\"@type\":\"ListItem\",\"position\":2,\"name\":\"Kundcase\"}]},{\"@type\":\"WebSite\",\"@id\":\"https:\/\/www.nordicclimategroup.se\/dotterbolag\/#website\",\"url\":\"https:\/\/www.nordicclimategroup.se\/dotterbolag\/\",\"name\":\"Dotterbolag\",\"description\":\"\",\"publisher\":{\"@id\":\"https:\/\/www.nordicclimategroup.se\/dotterbolag\/#organization\"},\"potentialAction\":[{\"@type\":\"SearchAction\",\"target\":{\"@type\":\"EntryPoint\",\"urlTemplate\":\"https:\/\/www.nordicclimategroup.se\/dotterbolag\/?s={search_term_string}\"},\"query-input\":{\"@type\":\"PropertyValueSpecification\",\"valueRequired\":true,\"valueName\":\"search_term_string\"}}],\"inLanguage\":\"sv-SE\"},{\"@type\":\"Organization\",\"@id\":\"https:\/\/www.nordicclimategroup.se\/dotterbolag\/#organization\",\"name\":\"Dotterbolag\",\"url\":\"https:\/\/www.nordicclimategroup.se\/dotterbolag\/\",\"logo\":{\"@type\":\"ImageObject\",\"inLanguage\":\"sv-SE\",\"@id\":\"https:\/\/www.nordicclimategroup.se\/dotterbolag\/#\/schema\/logo\/image\/\",\"url\":\"https:\/\/www.nordicclimategroup.se\/dotterbolag\/wp-content\/uploads\/sites\/3\/2024\/02\/NCG-LOGO.svg\",\"contentUrl\":\"https:\/\/www.nordicclimategroup.se\/dotterbolag\/wp-content\/uploads\/sites\/3\/2024\/02\/NCG-LOGO.svg\",\"caption\":\"Dotterbolag\"},\"image\":{\"@id\":\"https:\/\/www.nordicclimategroup.se\/dotterbolag\/#\/schema\/logo\/image\/\"}}]}<\/script>\n<!-- \/ Yoast SEO plugin. -->","yoast_head_json":{"title":"Kundcase - Dotterbolag","robots":{"index":"noindex","follow":"follow","max-snippet":"max-snippet:-1","max-image-preview":"max-image-preview:large","max-video-preview":"max-video-preview:-1"},"og_locale":"sv_SE","og_type":"article","og_title":"Kundcase - Dotterbolag","og_description":"Kundcase Nyhetsrum Nyheter Kundcase Typ av nyhet Visa alltButik","og_url":"https:\/\/www.nordicclimategroup.se\/dotterbolag\/nyhetsrum\/kundcase\/","og_site_name":"Dotterbolag","article_modified_time":"2025-04-08T07:03:00+00:00","twitter_card":"summary_large_image","twitter_misc":{"Ber\u00e4knad l\u00e4stid":"1 minut"},"schema":{"@context":"https:\/\/schema.org","@graph":[{"@type":"WebPage","@id":"https:\/\/www.nordicclimategroup.se\/dotterbolag\/nyhetsrum\/kundcase\/","url":"https:\/\/www.nordicclimategroup.se\/dotterbolag\/nyhetsrum\/kundcase\/","name":"Kundcase - Dotterbolag","isPartOf":{"@id":"https:\/\/www.nordicclimategroup.se\/dotterbolag\/#website"},"datePublished":"2025-03-17T14:13:21+00:00","dateModified":"2025-04-08T07:03:00+00:00","breadcrumb":{"@id":"https:\/\/www.nordicclimategroup.se\/dotterbolag\/nyhetsrum\/kundcase\/#breadcrumb"},"inLanguage":"sv-SE","potentialAction":[{"@type":"ReadAction","target":["https:\/\/www.nordicclimategroup.se\/dotterbolag\/nyhetsrum\/kundcase\/"]}]},{"@type":"BreadcrumbList","@id":"https:\/\/www.nordicclimategroup.se\/dotterbolag\/nyhetsrum\/kundcase\/#breadcrumb","itemListElement":[{"@type":"ListItem","position":1,"name":"Nyhetsrum","item":"https:\/\/www.nordicclimategroup.se\/dotterbolag\/nyhetsrum\/"},{"@type":"ListItem","position":2,"name":"Kundcase"}]},{"@type":"WebSite","@id":"https:\/\/www.nordicclimategroup.se\/dotterbolag\/#website","url":"https:\/\/www.nordicclimategroup.se\/dotterbolag\/","name":"Dotterbolag","description":"","publisher":{"@id":"https:\/\/www.nordicclimategroup.se\/dotterbolag\/#organization"},"potentialAction":[{"@type":"SearchAction","target":{"@type":"EntryPoint","urlTemplate":"https:\/\/www.nordicclimategroup.se\/dotterbolag\/?s={search_term_string}"},"query-input":{"@type":"PropertyValueSpecification","valueRequired":true,"valueName":"search_term_string"}}],"inLanguage":"sv-SE"},{"@type":"Organization","@id":"https:\/\/www.nordicclimategroup.se\/dotterbolag\/#organization","name":"Dotterbolag","url":"https:\/\/www.nordicclimategroup.se\/dotterbolag\/","logo":{"@type":"ImageObject","inLanguage":"sv-SE","@id":"https:\/\/www.nordicclimategroup.se\/dotterbolag\/#\/schema\/logo\/image\/","url":"https:\/\/www.nordicclimategroup.se\/dotterbolag\/wp-content\/uploads\/sites\/3\/2024\/02\/NCG-LOGO.svg","contentUrl":"https:\/\/www.nordicclimategroup.se\/dotterbolag\/wp-content\/uploads\/sites\/3\/2024\/02\/NCG-LOGO.svg","caption":"Dotterbolag"},"image":{"@id":"https:\/\/www.nordicclimategroup.se\/dotterbolag\/#\/schema\/logo\/image\/"}}]}},"_links":{"self":[{"href":"https:\/\/www.nordicclimategroup.se\/dotterbolag\/wp-json\/wp\/v2\/pages\/4501","targetHints":{"allow":["GET"]}}],"collection":[{"href":"https:\/\/www.nordicclimategroup.se\/dotterbolag\/wp-json\/wp\/v2\/pages"}],"about":[{"href":"https:\/\/www.nordicclimategroup.se\/dotterbolag\/wp-json\/wp\/v2\/types\/page"}],"author":[{"embeddable":true,"href":"https:\/\/www.nordicclimategroup.se\/dotterbolag\/wp-json\/wp\/v2\/users\/1"}],"replies":[{"embeddable":true,"href":"https:\/\/www.nordicclimategroup.se\/dotterbolag\/wp-json\/wp\/v2\/comments?post=4501"}],"version-history":[{"count":71,"href":"https:\/\/www.nordicclimategroup.se\/dotterbolag\/wp-json\/wp\/v2\/pages\/4501\/revisions"}],"predecessor-version":[{"id":7943,"href":"https:\/\/www.nordicclimategroup.se\/dotterbolag\/wp-json\/wp\/v2\/pages\/4501\/revisions\/7943"}],"up":[{"embeddable":true,"href":"https:\/\/www.nordicclimategroup.se\/dotterbolag\/wp-json\/wp\/v2\/pages\/3990"}],"wp:attachment":[{"href":"https:\/\/www.nordicclimategroup.se\/dotterbolag\/wp-json\/wp\/v2\/media?parent=4501"}],"curies":[{"name":"wp","href":"https:\/\/api.w.org\/{rel}","templated":true}]}}