{"id":3859,"date":"2025-03-11T10:15:25","date_gmt":"2025-03-11T10:15:25","guid":{"rendered":"https:\/\/server03.blackpixel.se\/~designteamet\/?page_id=3859"},"modified":"2025-03-12T07:33:26","modified_gmt":"2025-03-12T07:33:26","slug":"karusell","status":"publish","type":"page","link":"https:\/\/www.nordicclimategroup.se\/dotterbolag\/karusell\/","title":{"rendered":"Karusell"},"content":{"rendered":"\t\t<div data-elementor-type=\"wp-page\" data-elementor-id=\"3859\" class=\"elementor elementor-3859\" data-elementor-post-type=\"page\">\n\t\t\t\t<section class=\"elementor-element elementor-element-676fe26 e-flex e-con-boxed e-con e-parent\" data-id=\"676fe26\" data-element_type=\"container\">\n\t\t\t\t\t<div class=\"e-con-inner\">\n\t\t\t\t<div class=\"elementor-element elementor-element-16b29be elementor-widget elementor-widget-heading\" data-id=\"16b29be\" data-element_type=\"widget\" data-widget_type=\"heading.default\">\n\t\t\t\t<div class=\"elementor-widget-container\">\n\t\t\t\t\t<h2 class=\"elementor-heading-title elementor-size-default\">Relaterade case<\/h2>\t\t\t\t<\/div>\n\t\t\t\t<\/div>\n\t\t\t\t<div class=\"elementor-element elementor-element-63d10a2 elementor-arrows-position-inside elementor-widget elementor-widget-n-carousel\" data-id=\"63d10a2\" data-element_type=\"widget\" data-settings=\"{&quot;carousel_items&quot;:[{&quot;_id&quot;:&quot;ae5dbe5&quot;,&quot;slide_title&quot;:&quot;Slide #1&quot;},{&quot;slide_title&quot;:&quot;Slide #2&quot;,&quot;_id&quot;:&quot;663d7c0&quot;},{&quot;slide_title&quot;:&quot;Slide #3&quot;,&quot;_id&quot;:&quot;d3d3b2e&quot;},{&quot;slide_title&quot;:&quot;Slide #4&quot;,&quot;_id&quot;:&quot;d13c49a&quot;}],&quot;slides_to_show&quot;:&quot;1&quot;,&quot;slides_to_scroll&quot;:&quot;1&quot;,&quot;offset_width_mobile&quot;:{&quot;unit&quot;:&quot;px&quot;,&quot;size&quot;:0,&quot;sizes&quot;:[]},&quot;offset_width_tablet&quot;:{&quot;unit&quot;:&quot;px&quot;,&quot;size&quot;:50,&quot;sizes&quot;:[]},&quot;image_spacing_custom&quot;:{&quot;unit&quot;:&quot;px&quot;,&quot;size&quot;:40,&quot;sizes&quot;:[]},&quot;slides_to_show_tablet&quot;:&quot;1&quot;,&quot;offset_sides&quot;:&quot;right&quot;,&quot;offset_width&quot;:{&quot;unit&quot;:&quot;px&quot;,&quot;size&quot;:350,&quot;sizes&quot;:[]},&quot;slides_to_show_mobile&quot;:&quot;1&quot;,&quot;infinite&quot;:&quot;yes&quot;,&quot;speed&quot;:500,&quot;arrows&quot;:&quot;yes&quot;,&quot;image_spacing_custom_tablet&quot;:{&quot;unit&quot;:&quot;px&quot;,&quot;size&quot;:&quot;&quot;,&quot;sizes&quot;:[]},&quot;image_spacing_custom_mobile&quot;:{&quot;unit&quot;:&quot;px&quot;,&quot;size&quot;:&quot;&quot;,&quot;sizes&quot;:[]}}\" data-widget_type=\"nested-carousel.default\">\n\t\t\t\t<div class=\"elementor-widget-container\">\n\t\t\t\t\t\t\t<div class=\"e-n-carousel swiper\" role=\"region\" aria-roledescription=\"carousel\" aria-label=\"Carousel\" dir=\"ltr\">\n\t\t\t<div class=\"swiper-wrapper\" aria-live=\"polite\">\n\t\t\t\t\t\t\t\t\t\t<div class=\"swiper-slide\" data-slide=\"1\" role=\"group\" aria-roledescription=\"slide\" aria-label=\"1 av 4\">\n\t\t\t\t\t\t\t<a class=\"elementor-element elementor-element-3f477e9 e-con-full e-flex e-con e-child\" data-id=\"3f477e9\" data-element_type=\"container\">\n\t\t<div class=\"elementor-element elementor-element-035f56b e-con-full e-flex e-con e-child\" data-id=\"035f56b\" data-element_type=\"container\" data-settings=\"{&quot;background_background&quot;:&quot;classic&quot;}\">\n\t\t\t\t<\/div>\n\t\t<div class=\"elementor-element elementor-element-7c588c8 e-con-full e-flex e-con e-child\" data-id=\"7c588c8\" data-element_type=\"container\">\n\t\t<div class=\"elementor-element elementor-element-6e532a2 e-con-full e-flex e-con e-child\" data-id=\"6e532a2\" data-element_type=\"container\">\n\t\t\t\t<div class=\"elementor-element elementor-element-700f10c elementor-widget__width-initial elementor-widget elementor-widget-heading\" data-id=\"700f10c\" data-element_type=\"widget\" data-widget_type=\"heading.default\">\n\t\t\t\t<div class=\"elementor-widget-container\">\n\t\t\t\t\t<h3 class=\"elementor-heading-title elementor-size-default\">EK-Kyl och Kyltj\u00e4nst s\u00e4krar kyla och m\u00f6jligg\u00f6r v\u00e4rme\u00e5tervinning \u00e5t l\u00e4kemedelsbolag<\/h3>\t\t\t\t<\/div>\n\t\t\t\t<\/div>\n\t\t\t\t<\/div>\n\t\t<div class=\"elementor-element elementor-element-13e7d21 e-con-full e-flex e-con e-child\" data-id=\"13e7d21\" data-element_type=\"container\">\n\t\t\t\t<div class=\"elementor-element elementor-element-6fb1371 elementor-widget__width-auto elementor-widget elementor-widget-heading\" data-id=\"6fb1371\" data-element_type=\"widget\" data-widget_type=\"heading.default\">\n\t\t\t\t<div class=\"elementor-widget-container\">\n\t\t\t\t\t<div class=\"elementor-heading-title elementor-size-default\">Kundcase<\/div>\t\t\t\t<\/div>\n\t\t\t\t<\/div>\n\t\t\t\t<\/div>\n\t\t\t\t<\/div>\n\t\t\t\t<\/a>\n\t\t\t\t\t\t\t\t<\/div>\n\t\t\t\t\t\t\t\t\t\t\t<div class=\"swiper-slide\" data-slide=\"2\" role=\"group\" aria-roledescription=\"slide\" aria-label=\"2 av 4\">\n\t\t\t\t\t\t\t<a class=\"elementor-element elementor-element-04a9a72 e-con-full e-flex e-con e-child\" data-id=\"04a9a72\" data-element_type=\"container\">\n\t\t<div class=\"elementor-element elementor-element-5d8dd57 e-con-full e-flex e-con e-child\" data-id=\"5d8dd57\" data-element_type=\"container\" data-settings=\"{&quot;background_background&quot;:&quot;classic&quot;}\">\n\t\t\t\t<\/div>\n\t\t<div class=\"elementor-element elementor-element-37b3e6d e-con-full e-flex e-con e-child\" data-id=\"37b3e6d\" data-element_type=\"container\">\n\t\t<div class=\"elementor-element elementor-element-6ca8800 e-con-full e-flex e-con e-child\" data-id=\"6ca8800\" data-element_type=\"container\">\n\t\t\t\t<div class=\"elementor-element elementor-element-712c345 elementor-widget__width-initial elementor-widget elementor-widget-heading\" data-id=\"712c345\" data-element_type=\"widget\" data-widget_type=\"heading.default\">\n\t\t\t\t<div class=\"elementor-widget-container\">\n\t\t\t\t\t<h3 class=\"elementor-heading-title elementor-size-default\">EK-Kyl och Kyltj\u00e4nst s\u00e4krar kyla och m\u00f6jligg\u00f6r v\u00e4rme\u00e5tervinning \u00e5t l\u00e4kemedelsbolag<\/h3>\t\t\t\t<\/div>\n\t\t\t\t<\/div>\n\t\t\t\t<\/div>\n\t\t<div class=\"elementor-element elementor-element-20a2a47 e-con-full e-flex e-con e-child\" data-id=\"20a2a47\" data-element_type=\"container\">\n\t\t\t\t<div class=\"elementor-element elementor-element-50a67bf elementor-widget__width-auto elementor-widget elementor-widget-heading\" data-id=\"50a67bf\" data-element_type=\"widget\" data-widget_type=\"heading.default\">\n\t\t\t\t<div class=\"elementor-widget-container\">\n\t\t\t\t\t<div class=\"elementor-heading-title elementor-size-default\">Kundcase<\/div>\t\t\t\t<\/div>\n\t\t\t\t<\/div>\n\t\t\t\t<\/div>\n\t\t\t\t<\/div>\n\t\t\t\t<\/a>\n\t\t\t\t\t\t\t\t<\/div>\n\t\t\t\t\t\t\t\t\t\t\t<div class=\"swiper-slide\" data-slide=\"3\" role=\"group\" aria-roledescription=\"slide\" aria-label=\"3 av 4\">\n\t\t\t\t\t\t\t<a class=\"elementor-element elementor-element-3c96ccc e-con-full e-flex e-con e-child\" data-id=\"3c96ccc\" data-element_type=\"container\">\n\t\t<div class=\"elementor-element elementor-element-86239eb e-con-full e-flex e-con e-child\" data-id=\"86239eb\" data-element_type=\"container\" data-settings=\"{&quot;background_background&quot;:&quot;classic&quot;}\">\n\t\t\t\t<\/div>\n\t\t<div class=\"elementor-element elementor-element-b2d3d41 e-con-full e-flex e-con e-child\" data-id=\"b2d3d41\" data-element_type=\"container\">\n\t\t<div class=\"elementor-element elementor-element-c6cf53e e-con-full e-flex e-con e-child\" data-id=\"c6cf53e\" data-element_type=\"container\">\n\t\t\t\t<div class=\"elementor-element elementor-element-c27e7d6 elementor-widget__width-initial elementor-widget elementor-widget-heading\" data-id=\"c27e7d6\" data-element_type=\"widget\" data-widget_type=\"heading.default\">\n\t\t\t\t<div class=\"elementor-widget-container\">\n\t\t\t\t\t<h3 class=\"elementor-heading-title elementor-size-default\">EK-Kyl och Kyltj\u00e4nst s\u00e4krar kyla och m\u00f6jligg\u00f6r v\u00e4rme\u00e5tervinning \u00e5t l\u00e4kemedelsbolag<\/h3>\t\t\t\t<\/div>\n\t\t\t\t<\/div>\n\t\t\t\t<\/div>\n\t\t<div class=\"elementor-element elementor-element-698358d e-con-full e-flex e-con e-child\" data-id=\"698358d\" data-element_type=\"container\">\n\t\t\t\t<div class=\"elementor-element elementor-element-26ec5a8 elementor-widget__width-auto elementor-widget elementor-widget-heading\" data-id=\"26ec5a8\" data-element_type=\"widget\" data-widget_type=\"heading.default\">\n\t\t\t\t<div class=\"elementor-widget-container\">\n\t\t\t\t\t<div class=\"elementor-heading-title elementor-size-default\">Kundcase<\/div>\t\t\t\t<\/div>\n\t\t\t\t<\/div>\n\t\t\t\t<\/div>\n\t\t\t\t<\/div>\n\t\t\t\t<\/a>\n\t\t\t\t\t\t\t\t<\/div>\n\t\t\t\t\t\t\t\t\t\t\t<div class=\"swiper-slide\" data-slide=\"4\" role=\"group\" aria-roledescription=\"slide\" aria-label=\"4 av 4\">\n\t\t\t\t\t\t\t<a class=\"elementor-element elementor-element-5748ccf e-con-full e-flex e-con e-child\" data-id=\"5748ccf\" data-element_type=\"container\">\n\t\t<div class=\"elementor-element elementor-element-6da9ea3 e-con-full e-flex e-con e-child\" data-id=\"6da9ea3\" data-element_type=\"container\" data-settings=\"{&quot;background_background&quot;:&quot;classic&quot;}\">\n\t\t\t\t<\/div>\n\t\t<div class=\"elementor-element elementor-element-3e4a100 e-con-full e-flex e-con e-child\" data-id=\"3e4a100\" data-element_type=\"container\">\n\t\t<div class=\"elementor-element elementor-element-c1144d2 e-con-full e-flex e-con e-child\" data-id=\"c1144d2\" data-element_type=\"container\">\n\t\t\t\t<div class=\"elementor-element elementor-element-ae34f2a elementor-widget__width-initial elementor-widget elementor-widget-heading\" data-id=\"ae34f2a\" data-element_type=\"widget\" data-widget_type=\"heading.default\">\n\t\t\t\t<div class=\"elementor-widget-container\">\n\t\t\t\t\t<h3 class=\"elementor-heading-title elementor-size-default\">EK-Kyl och Kyltj\u00e4nst s\u00e4krar kyla och m\u00f6jligg\u00f6r v\u00e4rme\u00e5tervinning \u00e5t l\u00e4kemedelsbolag<\/h3>\t\t\t\t<\/div>\n\t\t\t\t<\/div>\n\t\t\t\t<\/div>\n\t\t<div class=\"elementor-element elementor-element-b8f3d7a e-con-full e-flex e-con e-child\" data-id=\"b8f3d7a\" data-element_type=\"container\">\n\t\t\t\t<div class=\"elementor-element elementor-element-01f105e elementor-widget__width-auto elementor-widget elementor-widget-heading\" data-id=\"01f105e\" data-element_type=\"widget\" data-widget_type=\"heading.default\">\n\t\t\t\t<div class=\"elementor-widget-container\">\n\t\t\t\t\t<div class=\"elementor-heading-title elementor-size-default\">Kundcase<\/div>\t\t\t\t<\/div>\n\t\t\t\t<\/div>\n\t\t\t\t<\/div>\n\t\t\t\t<\/div>\n\t\t\t\t<\/a>\n\t\t\t\t\t\t\t\t<\/div>\n\t\t\t\t\t\t\t\t<\/div>\n\t\t<\/div>\n\t\t\t\t\t<div class=\"elementor-swiper-button elementor-swiper-button-prev\" role=\"button\" tabindex=\"0\" aria-label=\"F\u00f6reg\u00e5ende\">\n\t\t\t\t<svg xmlns=\"http:\/\/www.w3.org\/2000\/svg\" width=\"19\" height=\"19\" viewBox=\"0 0 19 19\" fill=\"none\"><path d=\"M2.56199 10H18.667V8.66667H2.56199L10.285 0.943667L9.33366 0L0.000326633 9.33333L9.33366 18.6667L10.285 17.723L2.56199 10Z\" fill=\"#1C1B1F\"><\/path><\/svg>\t\t\t<\/div>\n\t\t\t<div class=\"elementor-swiper-button elementor-swiper-button-next\" role=\"button\" tabindex=\"0\" aria-label=\"N\u00e4sta\">\n\t\t\t\t<svg xmlns=\"http:\/\/www.w3.org\/2000\/svg\" width=\"19\" height=\"19\" viewBox=\"0 0 19 19\" fill=\"none\"><path d=\"M16.105 10H0V8.66667H16.105L8.382 0.943667L9.33333 0L18.6667 9.33333L9.33333 18.6667L8.382 17.723L16.105 10Z\" fill=\"#1C1B1F\"><\/path><\/svg>\t\t\t<\/div>\n\t\t\t\t\t\t<\/div>\n\t\t\t\t<\/div>\n\t\t\t\t\t<\/div>\n\t\t\t\t<\/section>\n\t\t\t\t<\/div>\n\t\t","protected":false},"excerpt":{"rendered":"<p>Relaterade case EK-Kyl och Kyltj\u00e4nst s\u00e4krar kyla och m\u00f6jligg\u00f6r v\u00e4rme\u00e5tervinning \u00e5t l\u00e4kemedelsbolag Kundcase EK-Kyl och Kyltj\u00e4nst s\u00e4krar kyla och m\u00f6jligg\u00f6r v\u00e4rme\u00e5tervinning \u00e5t l\u00e4kemedelsbolag Kundcase EK-Kyl och Kyltj\u00e4nst s\u00e4krar kyla och m\u00f6jligg\u00f6r v\u00e4rme\u00e5tervinning \u00e5t l\u00e4kemedelsbolag Kundcase EK-Kyl och Kyltj\u00e4nst s\u00e4krar kyla och m\u00f6jligg\u00f6r v\u00e4rme\u00e5tervinning \u00e5t l\u00e4kemedelsbolag Kundcase EK-Kyl och Kyltj\u00e4nst s\u00e4krar kyla och m\u00f6jligg\u00f6r v\u00e4rme\u00e5tervinning \u00e5t [&hellip;]<\/p>\n","protected":false},"author":1,"featured_media":0,"parent":0,"menu_order":0,"comment_status":"closed","ping_status":"closed","template":"","meta":{"_acf_changed":false,"footnotes":""},"class_list":["post-3859","page","type-page","status-publish","hentry"],"acf":[],"yoast_head":"<!-- This site is optimized with the Yoast SEO plugin v25.4 - https:\/\/yoast.com\/wordpress\/plugins\/seo\/ -->\n<title>Karusell - Dotterbolag<\/title>\n<meta name=\"robots\" content=\"noindex, follow, max-snippet:-1, max-image-preview:large, max-video-preview:-1\" \/>\n<meta property=\"og:locale\" content=\"sv_SE\" \/>\n<meta property=\"og:type\" content=\"article\" \/>\n<meta property=\"og:title\" content=\"Karusell - Dotterbolag\" \/>\n<meta property=\"og:description\" content=\"Relaterade case EK-Kyl och Kyltj\u00e4nst s\u00e4krar kyla och m\u00f6jligg\u00f6r v\u00e4rme\u00e5tervinning \u00e5t l\u00e4kemedelsbolag Kundcase EK-Kyl och Kyltj\u00e4nst s\u00e4krar kyla och m\u00f6jligg\u00f6r v\u00e4rme\u00e5tervinning \u00e5t l\u00e4kemedelsbolag Kundcase EK-Kyl och Kyltj\u00e4nst s\u00e4krar kyla och m\u00f6jligg\u00f6r v\u00e4rme\u00e5tervinning \u00e5t l\u00e4kemedelsbolag Kundcase EK-Kyl och Kyltj\u00e4nst s\u00e4krar kyla och m\u00f6jligg\u00f6r v\u00e4rme\u00e5tervinning \u00e5t l\u00e4kemedelsbolag Kundcase EK-Kyl och Kyltj\u00e4nst s\u00e4krar kyla och m\u00f6jligg\u00f6r v\u00e4rme\u00e5tervinning \u00e5t [&hellip;]\" \/>\n<meta property=\"og:url\" content=\"https:\/\/www.nordicclimategroup.se\/dotterbolag\/karusell\/\" \/>\n<meta property=\"og:site_name\" content=\"Dotterbolag\" \/>\n<meta property=\"article:modified_time\" content=\"2025-03-12T07:33:26+00:00\" \/>\n<meta name=\"twitter:card\" content=\"summary_large_image\" \/>\n<meta name=\"twitter:label1\" content=\"Ber\u00e4knad l\u00e4stid\" \/>\n\t<meta name=\"twitter:data1\" content=\"1 minut\" \/>\n<script type=\"application\/ld+json\" class=\"yoast-schema-graph\">{\"@context\":\"https:\/\/schema.org\",\"@graph\":[{\"@type\":\"WebPage\",\"@id\":\"https:\/\/www.nordicclimategroup.se\/dotterbolag\/karusell\/\",\"url\":\"https:\/\/www.nordicclimategroup.se\/dotterbolag\/karusell\/\",\"name\":\"Karusell - Dotterbolag\",\"isPartOf\":{\"@id\":\"https:\/\/www.nordicclimategroup.se\/dotterbolag\/#website\"},\"datePublished\":\"2025-03-11T10:15:25+00:00\",\"dateModified\":\"2025-03-12T07:33:26+00:00\",\"inLanguage\":\"sv-SE\",\"potentialAction\":[{\"@type\":\"ReadAction\",\"target\":[\"https:\/\/www.nordicclimategroup.se\/dotterbolag\/karusell\/\"]}]},{\"@type\":\"WebSite\",\"@id\":\"https:\/\/www.nordicclimategroup.se\/dotterbolag\/#website\",\"url\":\"https:\/\/www.nordicclimategroup.se\/dotterbolag\/\",\"name\":\"Dotterbolag\",\"description\":\"\",\"publisher\":{\"@id\":\"https:\/\/www.nordicclimategroup.se\/dotterbolag\/#organization\"},\"potentialAction\":[{\"@type\":\"SearchAction\",\"target\":{\"@type\":\"EntryPoint\",\"urlTemplate\":\"https:\/\/www.nordicclimategroup.se\/dotterbolag\/?s={search_term_string}\"},\"query-input\":{\"@type\":\"PropertyValueSpecification\",\"valueRequired\":true,\"valueName\":\"search_term_string\"}}],\"inLanguage\":\"sv-SE\"},{\"@type\":\"Organization\",\"@id\":\"https:\/\/www.nordicclimategroup.se\/dotterbolag\/#organization\",\"name\":\"Dotterbolag\",\"url\":\"https:\/\/www.nordicclimategroup.se\/dotterbolag\/\",\"logo\":{\"@type\":\"ImageObject\",\"inLanguage\":\"sv-SE\",\"@id\":\"https:\/\/www.nordicclimategroup.se\/dotterbolag\/#\/schema\/logo\/image\/\",\"url\":\"https:\/\/www.nordicclimategroup.se\/dotterbolag\/wp-content\/uploads\/sites\/3\/2024\/02\/NCG-LOGO.svg\",\"contentUrl\":\"https:\/\/www.nordicclimategroup.se\/dotterbolag\/wp-content\/uploads\/sites\/3\/2024\/02\/NCG-LOGO.svg\",\"caption\":\"Dotterbolag\"},\"image\":{\"@id\":\"https:\/\/www.nordicclimategroup.se\/dotterbolag\/#\/schema\/logo\/image\/\"}}]}<\/script>\n<!-- \/ Yoast SEO plugin. -->","yoast_head_json":{"title":"Karusell - Dotterbolag","robots":{"index":"noindex","follow":"follow","max-snippet":"max-snippet:-1","max-image-preview":"max-image-preview:large","max-video-preview":"max-video-preview:-1"},"og_locale":"sv_SE","og_type":"article","og_title":"Karusell - Dotterbolag","og_description":"Relaterade case EK-Kyl och Kyltj\u00e4nst s\u00e4krar kyla och m\u00f6jligg\u00f6r v\u00e4rme\u00e5tervinning \u00e5t l\u00e4kemedelsbolag Kundcase EK-Kyl och Kyltj\u00e4nst s\u00e4krar kyla och m\u00f6jligg\u00f6r v\u00e4rme\u00e5tervinning \u00e5t l\u00e4kemedelsbolag Kundcase EK-Kyl och Kyltj\u00e4nst s\u00e4krar kyla och m\u00f6jligg\u00f6r v\u00e4rme\u00e5tervinning \u00e5t l\u00e4kemedelsbolag Kundcase EK-Kyl och Kyltj\u00e4nst s\u00e4krar kyla och m\u00f6jligg\u00f6r v\u00e4rme\u00e5tervinning \u00e5t l\u00e4kemedelsbolag Kundcase EK-Kyl och Kyltj\u00e4nst s\u00e4krar kyla och m\u00f6jligg\u00f6r v\u00e4rme\u00e5tervinning \u00e5t [&hellip;]","og_url":"https:\/\/www.nordicclimategroup.se\/dotterbolag\/karusell\/","og_site_name":"Dotterbolag","article_modified_time":"2025-03-12T07:33:26+00:00","twitter_card":"summary_large_image","twitter_misc":{"Ber\u00e4knad l\u00e4stid":"1 minut"},"schema":{"@context":"https:\/\/schema.org","@graph":[{"@type":"WebPage","@id":"https:\/\/www.nordicclimategroup.se\/dotterbolag\/karusell\/","url":"https:\/\/www.nordicclimategroup.se\/dotterbolag\/karusell\/","name":"Karusell - Dotterbolag","isPartOf":{"@id":"https:\/\/www.nordicclimategroup.se\/dotterbolag\/#website"},"datePublished":"2025-03-11T10:15:25+00:00","dateModified":"2025-03-12T07:33:26+00:00","inLanguage":"sv-SE","potentialAction":[{"@type":"ReadAction","target":["https:\/\/www.nordicclimategroup.se\/dotterbolag\/karusell\/"]}]},{"@type":"WebSite","@id":"https:\/\/www.nordicclimategroup.se\/dotterbolag\/#website","url":"https:\/\/www.nordicclimategroup.se\/dotterbolag\/","name":"Dotterbolag","description":"","publisher":{"@id":"https:\/\/www.nordicclimategroup.se\/dotterbolag\/#organization"},"potentialAction":[{"@type":"SearchAction","target":{"@type":"EntryPoint","urlTemplate":"https:\/\/www.nordicclimategroup.se\/dotterbolag\/?s={search_term_string}"},"query-input":{"@type":"PropertyValueSpecification","valueRequired":true,"valueName":"search_term_string"}}],"inLanguage":"sv-SE"},{"@type":"Organization","@id":"https:\/\/www.nordicclimategroup.se\/dotterbolag\/#organization","name":"Dotterbolag","url":"https:\/\/www.nordicclimategroup.se\/dotterbolag\/","logo":{"@type":"ImageObject","inLanguage":"sv-SE","@id":"https:\/\/www.nordicclimategroup.se\/dotterbolag\/#\/schema\/logo\/image\/","url":"https:\/\/www.nordicclimategroup.se\/dotterbolag\/wp-content\/uploads\/sites\/3\/2024\/02\/NCG-LOGO.svg","contentUrl":"https:\/\/www.nordicclimategroup.se\/dotterbolag\/wp-content\/uploads\/sites\/3\/2024\/02\/NCG-LOGO.svg","caption":"Dotterbolag"},"image":{"@id":"https:\/\/www.nordicclimategroup.se\/dotterbolag\/#\/schema\/logo\/image\/"}}]}},"_links":{"self":[{"href":"https:\/\/www.nordicclimategroup.se\/dotterbolag\/wp-json\/wp\/v2\/pages\/3859","targetHints":{"allow":["GET"]}}],"collection":[{"href":"https:\/\/www.nordicclimategroup.se\/dotterbolag\/wp-json\/wp\/v2\/pages"}],"about":[{"href":"https:\/\/www.nordicclimategroup.se\/dotterbolag\/wp-json\/wp\/v2\/types\/page"}],"author":[{"embeddable":true,"href":"https:\/\/www.nordicclimategroup.se\/dotterbolag\/wp-json\/wp\/v2\/users\/1"}],"replies":[{"embeddable":true,"href":"https:\/\/www.nordicclimategroup.se\/dotterbolag\/wp-json\/wp\/v2\/comments?post=3859"}],"version-history":[{"count":92,"href":"https:\/\/www.nordicclimategroup.se\/dotterbolag\/wp-json\/wp\/v2\/pages\/3859\/revisions"}],"predecessor-version":[{"id":8237,"href":"https:\/\/www.nordicclimategroup.se\/dotterbolag\/wp-json\/wp\/v2\/pages\/3859\/revisions\/8237"}],"wp:attachment":[{"href":"https:\/\/www.nordicclimategroup.se\/dotterbolag\/wp-json\/wp\/v2\/media?parent=3859"}],"curies":[{"name":"wp","href":"https:\/\/api.w.org\/{rel}","templated":true}]}}